{"id":1453,"date":"2014-05-04T20:02:10","date_gmt":"2014-05-04T20:02:10","guid":{"rendered":"http:\/\/xn--skuggorfrndetfrflutna-02b01b.se\/?page_id=1453"},"modified":"2016-07-03T14:28:14","modified_gmt":"2016-07-03T14:28:14","slug":"krigsminne","status":"publish","type":"page","link":"https:\/\/xn--skuggorfrndetfrflutna-02b01b.se\/?page_id=1453","title":{"rendered":"Krigsminne"},"content":{"rendered":"<p style=\"text-align: justify;\">Mannen jag intervjuade \u00e4r f\u00f6dd 1930 6 november i Helsingborg. Han hade en mamma vars var ensam st\u00e5ende. Dom bodde lite \u00f6verallt framf\u00f6r allt hos mormor,morfar, mostern och sl\u00e4ktingar. Mostern bodde i Helsingborg. Men under tiden han var liten s\u00e5 bodde han i en liten by d\u00e4r inte m\u00e5nga bodde. N\u00e4r han gick i f\u00f6rsta klass och andra klass som var samman slagna var det ca 11-12 elever, trean till sexan var ocks\u00e5 samman slagna, det var endast 12-13 elever. Det var inte m\u00e5nga. I skolan fick man inte s\u00e5 mycket undervisning, man fick heller ingen mat. Han slutade skolan \u00e5r 1944.<\/p>\n<p style=\"text-align: justify;\">Den 2 januari 1945 fick han sitt f\u00f6rsta jobb som springpojke hos ett danskt f\u00f6retag, hans uppgift var att dela ut tidningar till folk. Under tiden han jobbade som spring pojke fick han v\u00e4ldigt lite i l\u00f6n. Bara 25 kr i veckan. Han fick betala 15 kr f\u00f6r boende och 1,5 kr f\u00f6r bio eller n\u00e5gonting annat f\u00f6r den summan sedan sparade han resten som blev \u00f6ver till en resa som han och sin v\u00e4n skulle \u00e5ka p\u00e5. Deras resa var en cykel resa, f\u00f6rst k\u00e5ta de till Link\u00f6ping sedan till G\u00f6teborg och d\u00e4refter hem till Helsingborg. Efter jobbet som springpojke utbildade han sig till grafiker.<\/p>\n<p style=\"text-align: justify;\">N\u00e4r han blev 19 \u00e5r ammar m\u00f6tte han sin livs k\u00e4rlek som han \u00e4n i dag lever med. Dom lever tillsammans \u00e4nnu idag. Dom gifte sig n\u00e4r han var runt 25 \u00e5rs \u00e5ldern. Hans fru var barnsk\u00f6tare i Helsingborg och hade hand om fem barn. Under tio \u00e5r jobbade hon som barnsk\u00f6tare, efter tio \u00e5r flyttade de till \u00d6rebro och byggde ett hus i Lill\u00e5n. Dom flyttade hit f\u00f6r jobbets skull \u00e5r 1970.<\/p>\n<p style=\"text-align: justify;\">Eftersom att Sverige inte var med i v\u00e4rldskriget s\u00e5 kunde inte min person som jag intervjuade ber\u00e4tta s\u00e5 mycket men han f\u00f6rs\u00f6kte ber\u00e4tta allt han just s\u00e5g och var med.<\/p>\n<p style=\"text-align: justify;\">Han ber\u00e4ttade att han hade en v\u00e4n som bodde p\u00e5 en bondg\u00e5rd. Just d\u00e4r hans v\u00e4n bodde s\u00e5 st\u00f6rtade ett amerikanskt flygplan p\u00e5 deras tomt. Dom hade tur att ingen kom till skadas men milit\u00e4ren fick komma och plocka upp det. Innan milit\u00e4ren kom ber\u00e4ttade han att hans v\u00e4n P\u00e4r plockade upp ett slags glas bit som man kunde spr\u00e4nga i luften med. Han och hans v\u00e4n par tycks vara busiga s\u00e5 dom t\u00e4nde eld p\u00e5 det. Om man inte ville bli sedd av flygplans piloterna s\u00e5 klippte man folie remsor. P\u00e5 n\u00e4tterna fl\u00f6g det flygplan vid Sk\u00e5nes kust som skulle attackera Tyskland kommer han ih\u00e5g ber\u00e4ttade han.<\/p>\n<p style=\"text-align: justify;\">M\u00e5nga danskar flydde till Sverige. Det fanns m\u00e5nga sk\u00e4l varf\u00f6r de flydde men ett utav det \u00e4r att de tillexempel l\u00e5g illa till, att de hade hj\u00e4lp Tyskland eller om en kvinna hade ett f\u00f6rh\u00e5llande med n\u00e5gon tysk s\u00e5 skulle dessa m\u00e4nniskor bli av med h\u00e5ret, allts\u00e5 att det var tvungna att klippa av h\u00e5ret. Finland var ocks\u00e5 i krig. De flesta barnen blev skickade till Sverige. Han k\u00e4nde en liten flicka som var tvungen att fly hit f\u00f6r att hon inte hade ett bra liv i Finland, hon fick ett hj\u00e4lte bra liv h\u00e4r i Sverige och blev v\u00e4ldigt framg\u00e5ngsrik. Politiken.<\/p>\n<p style=\"text-align: justify;\">Han ber\u00e4ttade att han inte var s\u00e5 himla intresserad av politiken man att han hade en morfar som var intresserad. Hans morfar f\u00f6ljde tyskarna genom massmedier d\u00e5, eftersom att han hatade tyskarna. Morfarn hatade tyskarna av olika sk\u00e4l, hans morfar var med om f\u00f6rsta v\u00e4rldskriget som var v\u00e4ldigt hemskt. M\u00e5nga tyskar tog sj\u00e4lvmord f\u00f6r att de k\u00e4nde att det dom g\u00f6r \u00e4r hemskt.<\/p>\n<p style=\"text-align: justify;\">B\u00e4sta minnen. Han hade m\u00e5nga bra minnen. N\u00e5gra utav de \u00e4r n\u00e4r han lekte. Men han hade ett speciellt som han ber\u00e4ttade och det var n\u00e4r han var 16 \u00e5r gammal d\u00e5 han gick med i en f\u00f6rening. Han \u00e5kte utomlands f\u00f6r f\u00f6rsta g\u00e5ngen med den f\u00f6reningen. 1946 tills nu har han varit medlem. Den st\u00f6rsta resan som han sj\u00e4lv gjorde var tio \u00e5r efter kriget.<\/p>\n<p style=\"text-align: justify;\">D\u00e5liga minnen. S\u00e5 som han ber\u00e4ttade s\u00e5 sade han att han knappt hade d\u00e5liga minnen f\u00f6rutom att det blev m\u00f6rkl\u00e4ggning i Helsingborg en kv\u00e4ll mellan februari och Mars, m\u00e5nga flygplan exploderade i luften och ett flygplan st\u00f6rtade norr om Helsingborg, alla som var i n\u00e4rheten omkom.<\/p>\n<p style=\"text-align: justify;\"><strong>Egna reflektioner<\/strong><\/p>\n<p style=\"text-align: justify;\">Det som han ber\u00e4ttar \u00e4r v\u00e4ldigt tragiskt, eftersom att det \u00e4r nu sinnes sjukt att m\u00e4nniskan kan g\u00f6ra s\u00e5 mot n\u00e5gon annan. Jag hoppas och f\u00f6rhoppningsvis s\u00e5 kommer det aldrig att upprepas eller att n\u00e5got som skadar m\u00e4nniskan eller v\u00e5r jord. Mannen jag intervjuade var en som Mikael enoksson k\u00e4nde, han ber\u00e4ttade om sin uppv\u00e4xt och n\u00e4r han gick i skolan. Han ber\u00e4ttade ocks\u00e5 om hur det var f\u00f6r v\u00e5ra grannl\u00e4nder. Han ber\u00e4ttade ocks\u00e5 om hur det var d\u00e4r han just bodde.<\/p>\n<p style=\"text-align: justify;\">Amanda Kashani 9C<\/p>\n","protected":false},"excerpt":{"rendered":"<p>Mannen jag intervjuade \u00e4r f\u00f6dd 1930 6 november i Helsingborg. Han hade en mamma vars var ensam st\u00e5ende. Dom bodde lite \u00f6verallt framf\u00f6r allt hos mormor,morfar, mostern och sl\u00e4ktingar. Mostern bodde i Helsingborg. Men under tiden han var liten s\u00e5 bodde han i en liten by d\u00e4r inte m\u00e5nga bodde. N\u00e4r han gick i f\u00f6rsta &hellip; <\/p>\n<p><a class=\"more-link btn\" href=\"https:\/\/xn--skuggorfrndetfrflutna-02b01b.se\/?page_id=1453\">Forts\u00e4tt l\u00e4sa<\/a><\/p>\n","protected":false},"author":1,"featured_media":0,"parent":0,"menu_order":0,"comment_status":"closed","ping_status":"open","template":"","meta":{"_monsterinsights_skip_tracking":false,"_monsterinsights_sitenote_active":false,"_monsterinsights_sitenote_note":"","_monsterinsights_sitenote_category":0,"footnotes":""},"class_list":["post-1453","page","type-page","status-publish","hentry","nodate","item-wrap"],"jetpack_sharing_enabled":true,"_links":{"self":[{"href":"https:\/\/xn--skuggorfrndetfrflutna-02b01b.se\/index.php?rest_route=\/wp\/v2\/pages\/1453","targetHints":{"allow":["GET"]}}],"collection":[{"href":"https:\/\/xn--skuggorfrndetfrflutna-02b01b.se\/index.php?rest_route=\/wp\/v2\/pages"}],"about":[{"href":"https:\/\/xn--skuggorfrndetfrflutna-02b01b.se\/index.php?rest_route=\/wp\/v2\/types\/page"}],"author":[{"embeddable":true,"href":"https:\/\/xn--skuggorfrndetfrflutna-02b01b.se\/index.php?rest_route=\/wp\/v2\/users\/1"}],"replies":[{"embeddable":true,"href":"https:\/\/xn--skuggorfrndetfrflutna-02b01b.se\/index.php?rest_route=%2Fwp%2Fv2%2Fcomments&post=1453"}],"version-history":[{"count":2,"href":"https:\/\/xn--skuggorfrndetfrflutna-02b01b.se\/index.php?rest_route=\/wp\/v2\/pages\/1453\/revisions"}],"predecessor-version":[{"id":2933,"href":"https:\/\/xn--skuggorfrndetfrflutna-02b01b.se\/index.php?rest_route=\/wp\/v2\/pages\/1453\/revisions\/2933"}],"wp:attachment":[{"href":"https:\/\/xn--skuggorfrndetfrflutna-02b01b.se\/index.php?rest_route=%2Fwp%2Fv2%2Fmedia&parent=1453"}],"curies":[{"name":"wp","href":"https:\/\/api.w.org\/{rel}","templated":true}]}}