{"id":144,"date":"2013-09-05T16:35:34","date_gmt":"2013-09-05T16:35:34","guid":{"rendered":"http:\/\/xn--skuggorfrndetfrflutna-02b01b.se\/?page_id=144"},"modified":"2016-07-02T16:17:30","modified_gmt":"2016-07-02T16:17:30","slug":"de-vita-bussarna","status":"publish","type":"page","link":"https:\/\/xn--skuggorfrndetfrflutna-02b01b.se\/?page_id=144","title":{"rendered":"De vita bussarna"},"content":{"rendered":"<h1><a href=\"http:\/\/www.redcross.se\/contentassets\/4b0c5a08761c417498ddb988be6dd262\/vitabuss.pdf\" target=\"_blank\">Klicka p\u00e5 denna l\u00e4nk f\u00f6r att komma till en rapport fr\u00e5n R\u00f6da korset.<\/a><\/h1>\n<p>&nbsp;<\/p>\n<p>En \u00f6verlevande; Miriam Akavia ber\u00e4ttar:<\/p>\n<p>\u201d1945: min v\u00e4n Renia (Rina Fried) minns: en vagn, en sp\u00f6ksyn, full med knappt levande skelett till kvinnor. Hon \u00e4r en av dem. Hon \u00e4r 16 \u00e5r gammal. Genom ett mirakel har hon klarat alla utgallringar, genom ett mirakel \u00e4r hon fortfarande vid liv. Detta t\u00e5g f\u00f6r dem mot d\u00f6den. Kvinnorna i vagnarna \u00e4r totalt uppgivna. Pl\u00f6tsligt, halt! N\u00e5gon har stannat t\u00e5get. De utm\u00e4rglade kvinnorna vet att nu kommer skriken, misshandeln med ridsp\u00f6n och strax d\u00e4rp\u00e5 d\u00f6den. De \u00e4r hj\u00e4lpl\u00f6sa och likgiltiga.<\/p>\n<p>Vagnens f\u00f6rseglade d\u00f6rrar \u00f6ppnas. Men ingen attackerar dem. Intill p\u00e5 sidosp\u00e5ret st\u00e5r ett annat t\u00e5g. Normala rena vagnar, med s\u00e4ten och f\u00f6nster. Artiga, lugna m\u00e4nniskor som talar ett fr\u00e4mmande spr\u00e5k hj\u00e4lper dem att l\u00e4mna boskapsvagnen. De har med sig mat och dryck.<\/p>\n<p>\u201dVi \u00e5ker till Sverige. We are going to Sweden\u201d, s\u00e4ger de till dem p\u00e5 sitt melodiska spr\u00e5k. \u201dEr f\u00f6rslavning \u00e4r \u00f6ver\u201d\u2026<\/p>\n<p>Vid det tillf\u00e4llet l\u00e5g jag sj\u00e4lv p\u00e5 en h\u00f6g med d\u00f6ende kroppar med min syster Lusia (Lea Shinar) bredvid mig. V\u00e5r mor var ocks\u00e5 d\u00e4r med oss, men hon var inte l\u00e4ngre vid liv. F\u00f6r henne slutade kriget f\u00f6r sent. Engelsm\u00e4n med gasmasker gick in i den d\u00e4r hemska baracken d\u00e4r sjukdom och d\u00f6d h\u00e4rjade. Det var en sorglig befrielse.<\/p>\n<p>Efter ett par dagar f\u00f6rvandlades de tyska milit\u00e4rbarackerna till ett sjukhus, och avv\u00e4pnade tyskar tog bort de levande kropparna fr\u00e5n liken och bar dem till sjukhuset p\u00e5 b\u00e5rar. Jag var l\u00e4tt som en fj\u00e4der. Jag minns hur jag beklagade det; jag ville s\u00e5 g\u00e4rna att det skulle vara tungt f\u00f6r dem \u00e5tminstone! Sedan undrade jag; det h\u00e4r b\u00e4randet av fortfarande d\u00f6ende m\u00e4nniskor fr\u00e5n plats till plats, \u00e4r det allt de kommer att beg\u00e4ra av tyskarna nu? Varf\u00f6r d\u00f6dar de dem inte? Under tiden arbetade de p\u00e5, undergivet som oskyldiga lamm, och sa att de inte hade vetat n\u00e5got om folkmordet och att de sj\u00e4lva var krigsoffer. Medicinstudenter fr\u00e5n Belgien stod \u00f6ver v\u00e5ra s\u00e4ngar, tittade p\u00e5 v\u00e5ra deformerade kroppar, och skr\u00e4ck lyste ur deras ansikten. Brittiska l\u00e4kare, huvudsakligen kvinnor i officersuniformer, delade ut medicin och instruktioner. Representanter f\u00f6r svenska R\u00f6da korset, ledda av greve Folke Bernadotte, samlade de svagaste, sjukaste och tog dem till Sverige. Pl\u00f6tsligt fann jag att jag var i Sverige tillsammans med Lusia. Jag bars p\u00e5 en b\u00e5r, Lusia gick av egen kraft\u2026<\/p>\n<p><strong>Sverige valde de svagaste och sjukaste.<\/strong> Ingenting kr\u00e4vdes av oss. De desinficerade oss\u2026 kl\u00e4dde oss, kontrollerade oss, matade oss med torskleverolja och vitaminer, och skickade oss till vackra platser, de flesta av oss till sjukhus. Sjukhusen hade uppr\u00e4ttats i st\u00e4ngda skolor.\u201d<\/p>\n<p><a href=\"http:\/\/xn--skuggorfrndetfrflutna-02b01b.se\/wp-content\/uploads\/2013\/09\/IMG_0003.jpg\"><img loading=\"lazy\" decoding=\"async\" class=\"alignnone size-medium wp-image-219\" src=\"http:\/\/xn--skuggorfrndetfrflutna-02b01b.se\/wp-content\/uploads\/2013\/09\/IMG_0003-300x225.jpg\" alt=\"IMG_0003\" width=\"300\" height=\"225\" srcset=\"https:\/\/xn--skuggorfrndetfrflutna-02b01b.se\/wp-content\/uploads\/2013\/09\/IMG_0003-300x225.jpg 300w, https:\/\/xn--skuggorfrndetfrflutna-02b01b.se\/wp-content\/uploads\/2013\/09\/IMG_0003.jpg 1024w\" sizes=\"auto, (max-width: 300px) 100vw, 300px\" \/><\/a> <a href=\"http:\/\/xn--skuggorfrndetfrflutna-02b01b.se\/wp-content\/uploads\/2013\/09\/IMG_0009.jpg\"><img loading=\"lazy\" decoding=\"async\" class=\"alignnone size-medium wp-image-222\" src=\"http:\/\/xn--skuggorfrndetfrflutna-02b01b.se\/wp-content\/uploads\/2013\/09\/IMG_0009-300x225.jpg\" alt=\"IMG_0009\" width=\"300\" height=\"225\" srcset=\"https:\/\/xn--skuggorfrndetfrflutna-02b01b.se\/wp-content\/uploads\/2013\/09\/IMG_0009-300x225.jpg 300w, https:\/\/xn--skuggorfrndetfrflutna-02b01b.se\/wp-content\/uploads\/2013\/09\/IMG_0009.jpg 1024w\" sizes=\"auto, (max-width: 300px) 100vw, 300px\" \/><\/a> <a href=\"http:\/\/xn--skuggorfrndetfrflutna-02b01b.se\/wp-content\/uploads\/2013\/09\/IMG_0012.jpg\"><img loading=\"lazy\" decoding=\"async\" class=\"alignnone size-medium wp-image-224\" src=\"http:\/\/xn--skuggorfrndetfrflutna-02b01b.se\/wp-content\/uploads\/2013\/09\/IMG_0012-300x225.jpg\" alt=\"IMG_0012\" width=\"300\" height=\"225\" srcset=\"https:\/\/xn--skuggorfrndetfrflutna-02b01b.se\/wp-content\/uploads\/2013\/09\/IMG_0012-300x225.jpg 300w, https:\/\/xn--skuggorfrndetfrflutna-02b01b.se\/wp-content\/uploads\/2013\/09\/IMG_0012.jpg 1024w\" sizes=\"auto, (max-width: 300px) 100vw, 300px\" \/><\/a><\/p>\n<p>Utdrag fr\u00e5n: Folke Bernadotte and the White Buses av Sune Person, s. 237-238 i \u201dBystanders\u201d to the Holocaust \u2013 A Re-evaluation av David Cesarani och Paul A. Levine, 2002. \u00d6vers\u00e4ttning Mikael Enoksson. Fotografier: Mikael Enoksson.<\/p>\n","protected":false},"excerpt":{"rendered":"<p>Klicka p\u00e5 denna l\u00e4nk f\u00f6r att komma till en rapport fr\u00e5n R\u00f6da korset. &nbsp; En \u00f6verlevande; Miriam Akavia ber\u00e4ttar: \u201d1945: min v\u00e4n Renia (Rina Fried) minns: en vagn, en sp\u00f6ksyn, full med knappt levande skelett till kvinnor. Hon \u00e4r en av dem. Hon \u00e4r 16 \u00e5r gammal. Genom ett mirakel har hon klarat alla utgallringar, &hellip; <\/p>\n<p><a class=\"more-link btn\" href=\"https:\/\/xn--skuggorfrndetfrflutna-02b01b.se\/?page_id=144\">Forts\u00e4tt l\u00e4sa<\/a><\/p>\n","protected":false},"author":1,"featured_media":0,"parent":0,"menu_order":0,"comment_status":"closed","ping_status":"open","template":"","meta":{"_monsterinsights_skip_tracking":false,"_monsterinsights_sitenote_active":false,"_monsterinsights_sitenote_note":"","_monsterinsights_sitenote_category":0,"footnotes":""},"class_list":["post-144","page","type-page","status-publish","hentry","nodate","item-wrap"],"jetpack_sharing_enabled":true,"_links":{"self":[{"href":"https:\/\/xn--skuggorfrndetfrflutna-02b01b.se\/index.php?rest_route=\/wp\/v2\/pages\/144","targetHints":{"allow":["GET"]}}],"collection":[{"href":"https:\/\/xn--skuggorfrndetfrflutna-02b01b.se\/index.php?rest_route=\/wp\/v2\/pages"}],"about":[{"href":"https:\/\/xn--skuggorfrndetfrflutna-02b01b.se\/index.php?rest_route=\/wp\/v2\/types\/page"}],"author":[{"embeddable":true,"href":"https:\/\/xn--skuggorfrndetfrflutna-02b01b.se\/index.php?rest_route=\/wp\/v2\/users\/1"}],"replies":[{"embeddable":true,"href":"https:\/\/xn--skuggorfrndetfrflutna-02b01b.se\/index.php?rest_route=%2Fwp%2Fv2%2Fcomments&post=144"}],"version-history":[{"count":7,"href":"https:\/\/xn--skuggorfrndetfrflutna-02b01b.se\/index.php?rest_route=\/wp\/v2\/pages\/144\/revisions"}],"predecessor-version":[{"id":2918,"href":"https:\/\/xn--skuggorfrndetfrflutna-02b01b.se\/index.php?rest_route=\/wp\/v2\/pages\/144\/revisions\/2918"}],"wp:attachment":[{"href":"https:\/\/xn--skuggorfrndetfrflutna-02b01b.se\/index.php?rest_route=%2Fwp%2Fv2%2Fmedia&parent=144"}],"curies":[{"name":"wp","href":"https:\/\/api.w.org\/{rel}","templated":true}]}}