{"id":1367,"date":"2014-03-22T22:51:13","date_gmt":"2014-03-22T22:51:13","guid":{"rendered":"http:\/\/xn--skuggorfrndetfrflutna-02b01b.se\/?page_id=1367"},"modified":"2016-01-28T17:43:14","modified_gmt":"2016-01-28T17:43:14","slug":"b-24-liberator-war-baby-pa-orebro-flygplats","status":"publish","type":"page","link":"https:\/\/xn--skuggorfrndetfrflutna-02b01b.se\/?page_id=1367","title":{"rendered":"B-24 Liberator &#8221;War Baby&#8221; p\u00e5 \u00d6rebro flygplats"},"content":{"rendered":"<p><a href=\"https:\/\/drive.google.com\/file\/d\/0B-HmSmf8cxy2VVpJazRIQUpEQlU\/edit?usp=sharing\" target=\"_blank\">Klicka h\u00e4r f\u00f6r \u00f6vningen!<\/a><\/p>\n<p><a href=\"http:\/\/skugg.wopsa.se\/?attachment_id=2298\" rel=\"attachment wp-att-2298\"><img loading=\"lazy\" decoding=\"async\" class=\"alignnone size-large wp-image-2298\" src=\"http:\/\/skugg.wopsa.se\/wp-content\/uploads\/2014\/03\/\u00d6rebro_flygf\u00e4lt_2_-_Flying_Fire_Bell-1024x631.jpg\" alt=\"\u00d6rebro_flygf\u00e4lt_2_-_Flying_Fire_Bell\" width=\"1024\" height=\"631\" srcset=\"https:\/\/xn--skuggorfrndetfrflutna-02b01b.se\/wp-content\/uploads\/2014\/03\/\u00d6rebro_flygf\u00e4lt_2_-_Flying_Fire_Bell.jpg 1024w, https:\/\/xn--skuggorfrndetfrflutna-02b01b.se\/wp-content\/uploads\/2014\/03\/\u00d6rebro_flygf\u00e4lt_2_-_Flying_Fire_Bell-300x185.jpg 300w, https:\/\/xn--skuggorfrndetfrflutna-02b01b.se\/wp-content\/uploads\/2014\/03\/\u00d6rebro_flygf\u00e4lt_2_-_Flying_Fire_Bell-768x473.jpg 768w\" sizes=\"auto, (max-width: 1024px) 100vw, 1024px\" \/><\/a><\/p>\n","protected":false},"excerpt":{"rendered":"<p>Klicka h\u00e4r f\u00f6r \u00f6vningen!<\/p>\n","protected":false},"author":1,"featured_media":0,"parent":0,"menu_order":0,"comment_status":"closed","ping_status":"open","template":"","meta":{"_monsterinsights_skip_tracking":false,"_monsterinsights_sitenote_active":false,"_monsterinsights_sitenote_note":"","_monsterinsights_sitenote_category":0,"footnotes":""},"class_list":["post-1367","page","type-page","status-publish","hentry","nodate","item-wrap"],"jetpack_sharing_enabled":true,"_links":{"self":[{"href":"https:\/\/xn--skuggorfrndetfrflutna-02b01b.se\/index.php?rest_route=\/wp\/v2\/pages\/1367","targetHints":{"allow":["GET"]}}],"collection":[{"href":"https:\/\/xn--skuggorfrndetfrflutna-02b01b.se\/index.php?rest_route=\/wp\/v2\/pages"}],"about":[{"href":"https:\/\/xn--skuggorfrndetfrflutna-02b01b.se\/index.php?rest_route=\/wp\/v2\/types\/page"}],"author":[{"embeddable":true,"href":"https:\/\/xn--skuggorfrndetfrflutna-02b01b.se\/index.php?rest_route=\/wp\/v2\/users\/1"}],"replies":[{"embeddable":true,"href":"https:\/\/xn--skuggorfrndetfrflutna-02b01b.se\/index.php?rest_route=%2Fwp%2Fv2%2Fcomments&post=1367"}],"version-history":[{"count":5,"href":"https:\/\/xn--skuggorfrndetfrflutna-02b01b.se\/index.php?rest_route=\/wp\/v2\/pages\/1367\/revisions"}],"predecessor-version":[{"id":2299,"href":"https:\/\/xn--skuggorfrndetfrflutna-02b01b.se\/index.php?rest_route=\/wp\/v2\/pages\/1367\/revisions\/2299"}],"wp:attachment":[{"href":"https:\/\/xn--skuggorfrndetfrflutna-02b01b.se\/index.php?rest_route=%2Fwp%2Fv2%2Fmedia&parent=1367"}],"curies":[{"name":"wp","href":"https:\/\/api.w.org\/{rel}","templated":true}]}}