{"id":1319,"date":"2014-03-22T21:11:43","date_gmt":"2014-03-22T21:11:43","guid":{"rendered":"http:\/\/xn--skuggorfrndetfrflutna-02b01b.se\/?page_id=1319"},"modified":"2014-03-22T21:11:43","modified_gmt":"2014-03-22T21:11:43","slug":"chelmno","status":"publish","type":"page","link":"https:\/\/xn--skuggorfrndetfrflutna-02b01b.se\/?page_id=1319","title":{"rendered":"Chelmno"},"content":{"rendered":"<p>Klicka p\u00e5 l\u00e4nkarna!<\/p>\n<p><a href=\"http:\/\/www.ushmm.org\/wlc\/en\/article.php?ModuleId=10005194\">Fakta om Chelmno.<\/a><\/p>\n<p><a href=\"http:\/\/www.levandehistoria.se\/fakta-om-forintelsen\/forintelsen\/forintelselager\/chelmno\">Levande historia om Chelmno.<\/a><\/p>\n<p>Bilder fr\u00e5n 2003. Fotograf Mikael Enoksson.<\/p>\n<p><a href=\"http:\/\/xn--skuggorfrndetfrflutna-02b01b.se\/wp-content\/uploads\/2014\/03\/Polen-nov-2003-118.jpg\"><img loading=\"lazy\" decoding=\"async\" class=\"alignnone size-full wp-image-1313\" alt=\"Polen nov 2003 118\" src=\"http:\/\/xn--skuggorfrndetfrflutna-02b01b.se\/wp-content\/uploads\/2014\/03\/Polen-nov-2003-118.jpg\" width=\"1024\" height=\"768\" srcset=\"https:\/\/xn--skuggorfrndetfrflutna-02b01b.se\/wp-content\/uploads\/2014\/03\/Polen-nov-2003-118.jpg 1024w, https:\/\/xn--skuggorfrndetfrflutna-02b01b.se\/wp-content\/uploads\/2014\/03\/Polen-nov-2003-118-300x225.jpg 300w\" sizes=\"auto, (max-width: 1024px) 100vw, 1024px\" \/><\/a> <a href=\"http:\/\/xn--skuggorfrndetfrflutna-02b01b.se\/wp-content\/uploads\/2014\/03\/Polen-nov-2003-117.jpg\"><img loading=\"lazy\" decoding=\"async\" class=\"alignnone size-full wp-image-1312\" alt=\"Polen nov 2003 117\" src=\"http:\/\/xn--skuggorfrndetfrflutna-02b01b.se\/wp-content\/uploads\/2014\/03\/Polen-nov-2003-117.jpg\" width=\"1024\" height=\"768\" srcset=\"https:\/\/xn--skuggorfrndetfrflutna-02b01b.se\/wp-content\/uploads\/2014\/03\/Polen-nov-2003-117.jpg 1024w, https:\/\/xn--skuggorfrndetfrflutna-02b01b.se\/wp-content\/uploads\/2014\/03\/Polen-nov-2003-117-300x225.jpg 300w\" sizes=\"auto, (max-width: 1024px) 100vw, 1024px\" \/><\/a> <a href=\"http:\/\/xn--skuggorfrndetfrflutna-02b01b.se\/wp-content\/uploads\/2014\/03\/Polen-nov-2003-120.jpg\"><img loading=\"lazy\" decoding=\"async\" class=\"alignnone size-full wp-image-1314\" alt=\"Polen nov 2003 120\" src=\"http:\/\/xn--skuggorfrndetfrflutna-02b01b.se\/wp-content\/uploads\/2014\/03\/Polen-nov-2003-120.jpg\" width=\"1024\" height=\"768\" srcset=\"https:\/\/xn--skuggorfrndetfrflutna-02b01b.se\/wp-content\/uploads\/2014\/03\/Polen-nov-2003-120.jpg 1024w, https:\/\/xn--skuggorfrndetfrflutna-02b01b.se\/wp-content\/uploads\/2014\/03\/Polen-nov-2003-120-300x225.jpg 300w\" sizes=\"auto, (max-width: 1024px) 100vw, 1024px\" \/><\/a> <a href=\"http:\/\/xn--skuggorfrndetfrflutna-02b01b.se\/wp-content\/uploads\/2014\/03\/Polen-nov-2003-131.jpg\"><img loading=\"lazy\" decoding=\"async\" class=\"alignnone size-full wp-image-1315\" alt=\"Polen nov 2003 131\" src=\"http:\/\/xn--skuggorfrndetfrflutna-02b01b.se\/wp-content\/uploads\/2014\/03\/Polen-nov-2003-131.jpg\" width=\"1024\" height=\"768\" srcset=\"https:\/\/xn--skuggorfrndetfrflutna-02b01b.se\/wp-content\/uploads\/2014\/03\/Polen-nov-2003-131.jpg 1024w, https:\/\/xn--skuggorfrndetfrflutna-02b01b.se\/wp-content\/uploads\/2014\/03\/Polen-nov-2003-131-300x225.jpg 300w\" sizes=\"auto, (max-width: 1024px) 100vw, 1024px\" \/><\/a> <a href=\"http:\/\/xn--skuggorfrndetfrflutna-02b01b.se\/wp-content\/uploads\/2014\/03\/Polen-nov-2003-145.jpg\"><img loading=\"lazy\" decoding=\"async\" class=\"alignnone size-full wp-image-1316\" alt=\"Polen nov 2003 145\" src=\"http:\/\/xn--skuggorfrndetfrflutna-02b01b.se\/wp-content\/uploads\/2014\/03\/Polen-nov-2003-145.jpg\" width=\"1024\" height=\"768\" srcset=\"https:\/\/xn--skuggorfrndetfrflutna-02b01b.se\/wp-content\/uploads\/2014\/03\/Polen-nov-2003-145.jpg 1024w, https:\/\/xn--skuggorfrndetfrflutna-02b01b.se\/wp-content\/uploads\/2014\/03\/Polen-nov-2003-145-300x225.jpg 300w\" sizes=\"auto, (max-width: 1024px) 100vw, 1024px\" \/><\/a> <a href=\"http:\/\/xn--skuggorfrndetfrflutna-02b01b.se\/wp-content\/uploads\/2014\/03\/Polen-nov-2003-148.jpg\"><img loading=\"lazy\" decoding=\"async\" class=\"alignnone size-full wp-image-1317\" alt=\"Polen nov 2003 148\" src=\"http:\/\/xn--skuggorfrndetfrflutna-02b01b.se\/wp-content\/uploads\/2014\/03\/Polen-nov-2003-148.jpg\" width=\"1024\" height=\"768\" srcset=\"https:\/\/xn--skuggorfrndetfrflutna-02b01b.se\/wp-content\/uploads\/2014\/03\/Polen-nov-2003-148.jpg 1024w, https:\/\/xn--skuggorfrndetfrflutna-02b01b.se\/wp-content\/uploads\/2014\/03\/Polen-nov-2003-148-300x225.jpg 300w\" sizes=\"auto, (max-width: 1024px) 100vw, 1024px\" \/><\/a> <a href=\"http:\/\/xn--skuggorfrndetfrflutna-02b01b.se\/wp-content\/uploads\/2014\/03\/Polen-nov-2003-149.jpg\"><img loading=\"lazy\" decoding=\"async\" class=\"alignnone size-full wp-image-1318\" alt=\"Polen nov 2003 149\" src=\"http:\/\/xn--skuggorfrndetfrflutna-02b01b.se\/wp-content\/uploads\/2014\/03\/Polen-nov-2003-149.jpg\" width=\"1024\" height=\"768\" srcset=\"https:\/\/xn--skuggorfrndetfrflutna-02b01b.se\/wp-content\/uploads\/2014\/03\/Polen-nov-2003-149.jpg 1024w, https:\/\/xn--skuggorfrndetfrflutna-02b01b.se\/wp-content\/uploads\/2014\/03\/Polen-nov-2003-149-300x225.jpg 300w\" sizes=\"auto, (max-width: 1024px) 100vw, 1024px\" \/><\/a><\/p>\n<p>&nbsp;<\/p>\n","protected":false},"excerpt":{"rendered":"<p>Klicka p\u00e5 l\u00e4nkarna! Fakta om Chelmno. Levande historia om Chelmno. Bilder fr\u00e5n 2003. Fotograf Mikael Enoksson. &nbsp;<\/p>\n","protected":false},"author":1,"featured_media":0,"parent":0,"menu_order":0,"comment_status":"closed","ping_status":"open","template":"","meta":{"_monsterinsights_skip_tracking":false,"_monsterinsights_sitenote_active":false,"_monsterinsights_sitenote_note":"","_monsterinsights_sitenote_category":0,"footnotes":""},"class_list":["post-1319","page","type-page","status-publish","hentry","nodate","item-wrap"],"jetpack_sharing_enabled":true,"_links":{"self":[{"href":"https:\/\/xn--skuggorfrndetfrflutna-02b01b.se\/index.php?rest_route=\/wp\/v2\/pages\/1319","targetHints":{"allow":["GET"]}}],"collection":[{"href":"https:\/\/xn--skuggorfrndetfrflutna-02b01b.se\/index.php?rest_route=\/wp\/v2\/pages"}],"about":[{"href":"https:\/\/xn--skuggorfrndetfrflutna-02b01b.se\/index.php?rest_route=\/wp\/v2\/types\/page"}],"author":[{"embeddable":true,"href":"https:\/\/xn--skuggorfrndetfrflutna-02b01b.se\/index.php?rest_route=\/wp\/v2\/users\/1"}],"replies":[{"embeddable":true,"href":"https:\/\/xn--skuggorfrndetfrflutna-02b01b.se\/index.php?rest_route=%2Fwp%2Fv2%2Fcomments&post=1319"}],"version-history":[{"count":1,"href":"https:\/\/xn--skuggorfrndetfrflutna-02b01b.se\/index.php?rest_route=\/wp\/v2\/pages\/1319\/revisions"}],"predecessor-version":[{"id":1321,"href":"https:\/\/xn--skuggorfrndetfrflutna-02b01b.se\/index.php?rest_route=\/wp\/v2\/pages\/1319\/revisions\/1321"}],"wp:attachment":[{"href":"https:\/\/xn--skuggorfrndetfrflutna-02b01b.se\/index.php?rest_route=%2Fwp%2Fv2%2Fmedia&parent=1319"}],"curies":[{"name":"wp","href":"https:\/\/api.w.org\/{rel}","templated":true}]}}