{"id":837,"date":"2014-02-08T14:53:22","date_gmt":"2014-02-08T14:53:22","guid":{"rendered":"http:\/\/xn--skuggorfrndetfrflutna-02b01b.se\/?page_id=837"},"modified":"2014-02-11T06:52:49","modified_gmt":"2014-02-11T06:52:49","slug":"westerbork","status":"publish","type":"page","link":"http:\/\/xn--skuggorfrndetfrflutna-02b01b.se\/?page_id=837","title":{"rendered":"Westerbork"},"content":{"rendered":"<p>Westerbork var huvudsakligen ett transitl\u00e4ger f\u00f6r Hollands judar p\u00e5 deras v\u00e4g till d\u00f6dsl\u00e4ger som Sobibor och Auschwitz. Fotografier: Mikael Enoksson 2007. Under konstruktion.<\/p>\n<p><a href=\"http:\/\/www.levandehistoria.se\/fakta-om-forintelsen\/forintelsen\/koncentrationslager\/westerbork\" target=\"_blank\">Klicka p\u00e5 l\u00e4nken f\u00f6r information:\u00a0http:\/\/www.levandehistoria.se\/fakta-om-forintelsen\/forintelsen\/koncentrationslager\/westerbork<\/a><\/p>\n<p><a href=\"http:\/\/xn--skuggorfrndetfrflutna-02b01b.se\/wp-content\/uploads\/2014\/02\/119Westerbork.jpg\"><img loading=\"lazy\" decoding=\"async\" class=\"alignnone size-full wp-image-838\" alt=\"119Westerbork\" src=\"http:\/\/xn--skuggorfrndetfrflutna-02b01b.se\/wp-content\/uploads\/2014\/02\/119Westerbork.jpg\" width=\"1023\" height=\"530\" srcset=\"http:\/\/xn--skuggorfrndetfrflutna-02b01b.se\/wp-content\/uploads\/2014\/02\/119Westerbork.jpg 1023w, http:\/\/xn--skuggorfrndetfrflutna-02b01b.se\/wp-content\/uploads\/2014\/02\/119Westerbork-300x155.jpg 300w\" sizes=\"auto, (max-width: 1023px) 100vw, 1023px\" \/><\/a> <a href=\"http:\/\/xn--skuggorfrndetfrflutna-02b01b.se\/wp-content\/uploads\/2014\/02\/121Westerbork-kopia.jpg\"><img loading=\"lazy\" decoding=\"async\" class=\"alignnone size-large wp-image-839\" alt=\"121Westerbork kopia\" src=\"http:\/\/xn--skuggorfrndetfrflutna-02b01b.se\/wp-content\/uploads\/2014\/02\/121Westerbork-kopia.jpg\" width=\"768\" height=\"1024\" srcset=\"http:\/\/xn--skuggorfrndetfrflutna-02b01b.se\/wp-content\/uploads\/2014\/02\/121Westerbork-kopia.jpg 768w, http:\/\/xn--skuggorfrndetfrflutna-02b01b.se\/wp-content\/uploads\/2014\/02\/121Westerbork-kopia-225x300.jpg 225w\" sizes=\"auto, (max-width: 768px) 100vw, 768px\" \/><\/a> <a href=\"http:\/\/xn--skuggorfrndetfrflutna-02b01b.se\/wp-content\/uploads\/2014\/02\/130Westerbork.jpg\"><img loading=\"lazy\" decoding=\"async\" class=\"alignnone size-large wp-image-840\" alt=\"130Westerbork\" src=\"http:\/\/xn--skuggorfrndetfrflutna-02b01b.se\/wp-content\/uploads\/2014\/02\/130Westerbork.jpg\" width=\"1024\" height=\"768\" srcset=\"http:\/\/xn--skuggorfrndetfrflutna-02b01b.se\/wp-content\/uploads\/2014\/02\/130Westerbork.jpg 1024w, http:\/\/xn--skuggorfrndetfrflutna-02b01b.se\/wp-content\/uploads\/2014\/02\/130Westerbork-300x225.jpg 300w\" sizes=\"auto, (max-width: 1024px) 100vw, 1024px\" \/><\/a> <a href=\"http:\/\/xn--skuggorfrndetfrflutna-02b01b.se\/wp-content\/uploads\/2014\/02\/133Westerbork-kopia.jpg\"><img loading=\"lazy\" decoding=\"async\" class=\"alignnone size-large wp-image-841\" alt=\"133Westerbork kopia\" src=\"http:\/\/xn--skuggorfrndetfrflutna-02b01b.se\/wp-content\/uploads\/2014\/02\/133Westerbork-kopia.jpg\" width=\"1023\" height=\"596\" srcset=\"http:\/\/xn--skuggorfrndetfrflutna-02b01b.se\/wp-content\/uploads\/2014\/02\/133Westerbork-kopia.jpg 1023w, http:\/\/xn--skuggorfrndetfrflutna-02b01b.se\/wp-content\/uploads\/2014\/02\/133Westerbork-kopia-300x174.jpg 300w\" sizes=\"auto, (max-width: 1023px) 100vw, 1023px\" \/><\/a><\/p>\n","protected":false},"excerpt":{"rendered":"<p>Westerbork var huvudsakligen ett transitl\u00e4ger f\u00f6r Hollands judar p\u00e5 deras v\u00e4g till d\u00f6dsl\u00e4ger som Sobibor och Auschwitz. Fotografier: Mikael Enoksson 2007. Under konstruktion. Klicka p\u00e5 l\u00e4nken f\u00f6r information:\u00a0http:\/\/www.levandehistoria.se\/fakta-om-forintelsen\/forintelsen\/koncentrationslager\/westerbork<\/p>\n","protected":false},"author":1,"featured_media":0,"parent":0,"menu_order":0,"comment_status":"closed","ping_status":"open","template":"","meta":{"_monsterinsights_skip_tracking":false,"_monsterinsights_sitenote_active":false,"_monsterinsights_sitenote_note":"","_monsterinsights_sitenote_category":0,"footnotes":""},"class_list":["post-837","page","type-page","status-publish","hentry","nodate","item-wrap"],"jetpack_sharing_enabled":true,"_links":{"self":[{"href":"http:\/\/xn--skuggorfrndetfrflutna-02b01b.se\/index.php?rest_route=\/wp\/v2\/pages\/837","targetHints":{"allow":["GET"]}}],"collection":[{"href":"http:\/\/xn--skuggorfrndetfrflutna-02b01b.se\/index.php?rest_route=\/wp\/v2\/pages"}],"about":[{"href":"http:\/\/xn--skuggorfrndetfrflutna-02b01b.se\/index.php?rest_route=\/wp\/v2\/types\/page"}],"author":[{"embeddable":true,"href":"http:\/\/xn--skuggorfrndetfrflutna-02b01b.se\/index.php?rest_route=\/wp\/v2\/users\/1"}],"replies":[{"embeddable":true,"href":"http:\/\/xn--skuggorfrndetfrflutna-02b01b.se\/index.php?rest_route=%2Fwp%2Fv2%2Fcomments&post=837"}],"version-history":[{"count":5,"href":"http:\/\/xn--skuggorfrndetfrflutna-02b01b.se\/index.php?rest_route=\/wp\/v2\/pages\/837\/revisions"}],"predecessor-version":[{"id":1018,"href":"http:\/\/xn--skuggorfrndetfrflutna-02b01b.se\/index.php?rest_route=\/wp\/v2\/pages\/837\/revisions\/1018"}],"wp:attachment":[{"href":"http:\/\/xn--skuggorfrndetfrflutna-02b01b.se\/index.php?rest_route=%2Fwp%2Fv2%2Fmedia&parent=837"}],"curies":[{"name":"wp","href":"https:\/\/api.w.org\/{rel}","templated":true}]}}