{"id":771,"date":"2014-02-08T09:01:07","date_gmt":"2014-02-08T09:01:07","guid":{"rendered":"http:\/\/xn--skuggorfrndetfrflutna-02b01b.se\/?page_id=771"},"modified":"2016-07-02T09:46:33","modified_gmt":"2016-07-02T09:46:33","slug":"krigsminnen","status":"publish","type":"page","link":"http:\/\/xn--skuggorfrndetfrflutna-02b01b.se\/?page_id=771","title":{"rendered":"Exempeltext: Krigsminnen"},"content":{"rendered":"<p style=\"text-align: justify;\">Jag har intervjuat min mormor, Elisabeth Eriksson. Hon var ca. 17 \u00e5r n\u00e4r andra v\u00e4rldskriget br\u00f6t ut. Hon bodde ute p\u00e5 landet, utanf\u00f6r J\u00e4rle, p\u00e5 g\u00e5rden Lundby. D\u00e4r levde hon med sin mor och far. Hon jobbade p\u00e5 g\u00e5rden, inne i hush\u00e5llet och ute i ladug\u00e5rden. Hennes far var aldrig inkallad, f\u00f6r han var f\u00f6r gammal.Min mormor fick via radion reda p\u00e5 att kriget brutit ut; &#8211; F\u00f6rst k\u00e4ndes det kusligt, men eftersom det var s\u00e5 avl\u00e4gset s\u00e5 domnade sedan den k\u00e4nslan bort.<\/p>\n<p style=\"text-align: justify;\">Under oroligheterna i Finland kom det att bo en flicka d\u00e4rifr\u00e5n, i familjen. Det fanns barn fr\u00e5n Finland i n\u00e4stan varje g\u00e5rd p\u00e5 landet. Den flickan, som kom att bo i min mormors familj, hette Vieni Spiroff. Hon kom fr\u00e5n Karelen och var 5 \u00e5r. Hon bodde i Sverige i minst 1 \u00e5r. I b\u00f6rjan kunde hon ingen svenska, men l\u00e4rde sig efter hand. Ett par \u00e5r efter det att hon \u00e5kt tillbaka till Finland, \u00e5terv\u00e4nde hon till Sverige p.g.a. nya oroligheter i Finland. Denna g\u00e5ng var hennes lillasyster med. De stannade en tid, men mormor minns inte exakt hur l\u00e4nge. Det kom ganska f\u00e5 vuxna invandrare till trakten, p.g.a. att det var sv\u00e5rt att komma \u00f6ver gr\u00e4nserna, som var h\u00e5rt bevakade av tyska milit\u00e4ren. N\u00e5gra kvinnor fr\u00e5n Norge lyckades ta sig \u00f6ver bergen och bor fortfarande kvar i bygden.<\/p>\n<p style=\"text-align: justify;\">Under kriget hade de som bodde p\u00e5 landet det trots allt ganska bra. Det var ransonering p\u00e5 m\u00e5nga varor, t.ex. tyger, kaffe, socker och k\u00f6tt. Bananer, apelsiner och risgryn var varor som inte gick att k\u00f6pa. Eftersom de bodde p\u00e5 en bondg\u00e5rd hade de tillg\u00e5ng till k\u00f6tt, mj\u00f6lk och spannm\u00e5l. F\u00f6r att kunna handla var de tvingade att anv\u00e4nda speciella kuponger f\u00f6r varje sak. De fick inte anv\u00e4nda bilen, alla d\u00e4ck samlades in. Det fanns inte heller n\u00e5gon bensin. Tack vare att de bodde p\u00e5 landet beh\u00f6vde de inte m\u00f6rkl\u00e4gga husen. Mormor var ganska ung och p\u00e5verkades inte s\u00e5 mycket av kriget, hon levde mest i nuet.<\/p>\n<p style=\"text-align: justify;\">Om f\u00f6rintelsen s\u00e5 sa hon att de l\u00e4ste om den i tidningen och hon h\u00f6rde lite p\u00e5 radion. Det var dock f\u00f6rst n\u00e4r hon s\u00e5g om den p\u00e5 TV, m\u00e5nga \u00e5r senare, som det blev levande f\u00f6r henne. Hon var ung och brydde sig inte s\u00e5 mycket om viktiga personer. Hon minns \u00e4nd\u00e5 f\u00f6rst\u00e5s Hitler i Tyskland och \u00e4ven Molotov i Ryssland.<\/p>\n<p style=\"text-align: justify;\">Ang\u00e5ende fr\u00e5gan om Sveriges neutralitet, blir det ett n\u00e5got tveksamt ja.<\/p>\n<p style=\"text-align: justify;\">&#8211; Officiellt sett s\u00e5 var Sverige fortfarande neutralt. Sverige hj\u00e4lpte dock tyskarna en del med transporter av milit\u00e4ra trupper p\u00e5 de svenska j\u00e4rnv\u00e4garna.<\/p>\n<p style=\"text-align: justify;\">&#8211; Det var nog tack vare det som Sverige lyckades h\u00e5lla sig utanf\u00f6r kriget, s\u00e4ger mormor.<\/p>\n<p style=\"text-align: justify;\">Svenskarna var \u00e4nd\u00e5 mycket engagerade med att skicka hj\u00e4lp i form av kl\u00e4der m.m. till Finland.<\/p>\n<p style=\"text-align: justify;\">Min morfar Folke ber\u00e4ttade om n\u00e4r han gjorde rekryten i Katrineholm 1945-1946. Han jobbade som brandman. De k\u00f6rde d\u00e5 med vagnar efter personbilar till t\u00e5gstationen . D\u00e4r h\u00e4mtade de judar som kom fr\u00e5n koncentrationsl\u00e4gren. De k\u00f6rdes till f\u00f6rl\u00e4ggningar. M\u00e5nga av judarna var sjuka s\u00e5 chauff\u00f6rerna fick inte g\u00e5 ut ur bilarna p.g.a. smittorisken.<\/p>\n<p style=\"text-align: justify;\">Eftersom mormor och morfar var s\u00e5 unga och kunde leva p\u00e5 ett ganska normalt s\u00e4tt s\u00e5 har kriget p\u00e5 sikt, inte p\u00e5verkat dem s\u00e5 mycket.<\/p>\n<p style=\"text-align: justify;\">Av: Caroline Sundqvist\u00a0 9e\u00a0 VT- 02<\/p>\n","protected":false},"excerpt":{"rendered":"<p>Jag har intervjuat min mormor, Elisabeth Eriksson. Hon var ca. 17 \u00e5r n\u00e4r andra v\u00e4rldskriget br\u00f6t ut. Hon bodde ute p\u00e5 landet, utanf\u00f6r J\u00e4rle, p\u00e5 g\u00e5rden Lundby. D\u00e4r levde hon med sin mor och far. Hon jobbade p\u00e5 g\u00e5rden, inne i hush\u00e5llet och ute i ladug\u00e5rden. Hennes far var aldrig inkallad, f\u00f6r han var f\u00f6r &hellip; <\/p>\n<p><a class=\"more-link btn\" href=\"http:\/\/xn--skuggorfrndetfrflutna-02b01b.se\/?page_id=771\">Forts\u00e4tt l\u00e4sa<\/a><\/p>\n","protected":false},"author":1,"featured_media":0,"parent":0,"menu_order":0,"comment_status":"closed","ping_status":"open","template":"","meta":{"_monsterinsights_skip_tracking":false,"_monsterinsights_sitenote_active":false,"_monsterinsights_sitenote_note":"","_monsterinsights_sitenote_category":0,"footnotes":""},"class_list":["post-771","page","type-page","status-publish","hentry","nodate","item-wrap"],"jetpack_sharing_enabled":true,"_links":{"self":[{"href":"http:\/\/xn--skuggorfrndetfrflutna-02b01b.se\/index.php?rest_route=\/wp\/v2\/pages\/771","targetHints":{"allow":["GET"]}}],"collection":[{"href":"http:\/\/xn--skuggorfrndetfrflutna-02b01b.se\/index.php?rest_route=\/wp\/v2\/pages"}],"about":[{"href":"http:\/\/xn--skuggorfrndetfrflutna-02b01b.se\/index.php?rest_route=\/wp\/v2\/types\/page"}],"author":[{"embeddable":true,"href":"http:\/\/xn--skuggorfrndetfrflutna-02b01b.se\/index.php?rest_route=\/wp\/v2\/users\/1"}],"replies":[{"embeddable":true,"href":"http:\/\/xn--skuggorfrndetfrflutna-02b01b.se\/index.php?rest_route=%2Fwp%2Fv2%2Fcomments&post=771"}],"version-history":[{"count":5,"href":"http:\/\/xn--skuggorfrndetfrflutna-02b01b.se\/index.php?rest_route=\/wp\/v2\/pages\/771\/revisions"}],"predecessor-version":[{"id":2782,"href":"http:\/\/xn--skuggorfrndetfrflutna-02b01b.se\/index.php?rest_route=\/wp\/v2\/pages\/771\/revisions\/2782"}],"wp:attachment":[{"href":"http:\/\/xn--skuggorfrndetfrflutna-02b01b.se\/index.php?rest_route=%2Fwp%2Fv2%2Fmedia&parent=771"}],"curies":[{"name":"wp","href":"https:\/\/api.w.org\/{rel}","templated":true}]}}