{"id":757,"date":"2014-02-08T07:55:35","date_gmt":"2014-02-08T07:55:35","guid":{"rendered":"http:\/\/xn--skuggorfrndetfrflutna-02b01b.se\/?page_id=757"},"modified":"2016-07-03T14:15:23","modified_gmt":"2016-07-03T14:15:23","slug":"svenska-minnen-fran-kriget","status":"publish","type":"page","link":"http:\/\/xn--skuggorfrndetfrflutna-02b01b.se\/?page_id=757","title":{"rendered":"Svenska minnen"},"content":{"rendered":"<p>Elevernas intervjuer ligger som inl\u00e4gg p\u00e5 huvudsidan och det g\u00e5r att scrolla och klicka sig bak\u00e5t flera \u00e5r av intervjuer. Syftet med detta \u00e4r att utveckla f\u00f6rst\u00e5elsen f\u00f6r den historiska ber\u00e4ttelsen. Den lilla m\u00e4nniskans ber\u00e4ttelse ska kopplas till den stora politiska historien. Vad \u00e4r en m\u00e4nniska?<\/p>\n","protected":false},"excerpt":{"rendered":"<p>Elevernas intervjuer ligger som inl\u00e4gg p\u00e5 huvudsidan och det g\u00e5r att scrolla och klicka sig bak\u00e5t flera \u00e5r av intervjuer. Syftet med detta \u00e4r att utveckla f\u00f6rst\u00e5elsen f\u00f6r den historiska ber\u00e4ttelsen. Den lilla m\u00e4nniskans ber\u00e4ttelse ska kopplas till den stora politiska historien. Vad \u00e4r en m\u00e4nniska?<\/p>\n","protected":false},"author":1,"featured_media":0,"parent":0,"menu_order":0,"comment_status":"closed","ping_status":"open","template":"","meta":{"_monsterinsights_skip_tracking":false,"_monsterinsights_sitenote_active":false,"_monsterinsights_sitenote_note":"","_monsterinsights_sitenote_category":0,"footnotes":""},"class_list":["post-757","page","type-page","status-publish","hentry","nodate","item-wrap"],"jetpack_sharing_enabled":true,"_links":{"self":[{"href":"http:\/\/xn--skuggorfrndetfrflutna-02b01b.se\/index.php?rest_route=\/wp\/v2\/pages\/757","targetHints":{"allow":["GET"]}}],"collection":[{"href":"http:\/\/xn--skuggorfrndetfrflutna-02b01b.se\/index.php?rest_route=\/wp\/v2\/pages"}],"about":[{"href":"http:\/\/xn--skuggorfrndetfrflutna-02b01b.se\/index.php?rest_route=\/wp\/v2\/types\/page"}],"author":[{"embeddable":true,"href":"http:\/\/xn--skuggorfrndetfrflutna-02b01b.se\/index.php?rest_route=\/wp\/v2\/users\/1"}],"replies":[{"embeddable":true,"href":"http:\/\/xn--skuggorfrndetfrflutna-02b01b.se\/index.php?rest_route=%2Fwp%2Fv2%2Fcomments&post=757"}],"version-history":[{"count":9,"href":"http:\/\/xn--skuggorfrndetfrflutna-02b01b.se\/index.php?rest_route=\/wp\/v2\/pages\/757\/revisions"}],"predecessor-version":[{"id":2931,"href":"http:\/\/xn--skuggorfrndetfrflutna-02b01b.se\/index.php?rest_route=\/wp\/v2\/pages\/757\/revisions\/2931"}],"wp:attachment":[{"href":"http:\/\/xn--skuggorfrndetfrflutna-02b01b.se\/index.php?rest_route=%2Fwp%2Fv2%2Fmedia&parent=757"}],"curies":[{"name":"wp","href":"https:\/\/api.w.org\/{rel}","templated":true}]}}