{"id":723,"date":"2014-02-06T17:33:44","date_gmt":"2014-02-06T17:33:44","guid":{"rendered":"http:\/\/xn--skuggorfrndetfrflutna-02b01b.se\/?page_id=723"},"modified":"2014-02-09T11:02:30","modified_gmt":"2014-02-09T11:02:30","slug":"bilder-fran-redovisningar","status":"publish","type":"page","link":"http:\/\/xn--skuggorfrndetfrflutna-02b01b.se\/?page_id=723","title":{"rendered":"Bilder fr\u00e5n redovisningar"},"content":{"rendered":"<p>Bilder fr\u00e5n projektets uppstart och redovisning 2012.<\/p>\n<p><a href=\"http:\/\/xn--skuggorfrndetfrflutna-02b01b.se\/wp-content\/uploads\/2013\/08\/Bild10.png\"><img loading=\"lazy\" decoding=\"async\" class=\"alignnone size-full wp-image-544\" alt=\"Bild10\" src=\"http:\/\/xn--skuggorfrndetfrflutna-02b01b.se\/wp-content\/uploads\/2013\/08\/Bild10.png\" width=\"652\" height=\"490\" srcset=\"http:\/\/xn--skuggorfrndetfrflutna-02b01b.se\/wp-content\/uploads\/2013\/08\/Bild10.png 652w, http:\/\/xn--skuggorfrndetfrflutna-02b01b.se\/wp-content\/uploads\/2013\/08\/Bild10-300x225.png 300w\" sizes=\"auto, (max-width: 652px) 100vw, 652px\" \/><\/a><\/p>\n<p>&nbsp;<\/p>\n<p><a href=\"http:\/\/xn--skuggorfrndetfrflutna-02b01b.se\/wp-content\/uploads\/2013\/08\/ut2.jpg\"><img loading=\"lazy\" decoding=\"async\" class=\"alignnone size-full wp-image-546\" alt=\"ut2\" src=\"http:\/\/xn--skuggorfrndetfrflutna-02b01b.se\/wp-content\/uploads\/2013\/08\/ut2.jpg\" width=\"604\" height=\"401\" srcset=\"http:\/\/xn--skuggorfrndetfrflutna-02b01b.se\/wp-content\/uploads\/2013\/08\/ut2.jpg 604w, http:\/\/xn--skuggorfrndetfrflutna-02b01b.se\/wp-content\/uploads\/2013\/08\/ut2-300x199.jpg 300w\" sizes=\"auto, (max-width: 604px) 100vw, 604px\" \/><\/a><\/p>\n<p>&nbsp;<\/p>\n<p><a href=\"http:\/\/xn--skuggorfrndetfrflutna-02b01b.se\/wp-content\/uploads\/2013\/08\/ut5.jpg\"><img loading=\"lazy\" decoding=\"async\" class=\"alignnone size-full wp-image-547\" alt=\"ut5\" src=\"http:\/\/xn--skuggorfrndetfrflutna-02b01b.se\/wp-content\/uploads\/2013\/08\/ut5.jpg\" width=\"604\" height=\"401\" srcset=\"http:\/\/xn--skuggorfrndetfrflutna-02b01b.se\/wp-content\/uploads\/2013\/08\/ut5.jpg 604w, http:\/\/xn--skuggorfrndetfrflutna-02b01b.se\/wp-content\/uploads\/2013\/08\/ut5-300x199.jpg 300w\" sizes=\"auto, (max-width: 604px) 100vw, 604px\" \/><\/a><\/p>\n<p>&nbsp;<\/p>\n<p><a href=\"http:\/\/xn--skuggorfrndetfrflutna-02b01b.se\/wp-content\/uploads\/2013\/08\/ut.jpg\"><img loading=\"lazy\" decoding=\"async\" class=\"alignnone size-full wp-image-545\" alt=\"ut\" src=\"http:\/\/xn--skuggorfrndetfrflutna-02b01b.se\/wp-content\/uploads\/2013\/08\/ut.jpg\" width=\"604\" height=\"401\" srcset=\"http:\/\/xn--skuggorfrndetfrflutna-02b01b.se\/wp-content\/uploads\/2013\/08\/ut.jpg 604w, http:\/\/xn--skuggorfrndetfrflutna-02b01b.se\/wp-content\/uploads\/2013\/08\/ut-300x199.jpg 300w\" sizes=\"auto, (max-width: 604px) 100vw, 604px\" \/><\/a><\/p>\n<p>&nbsp;<\/p>\n<p><a href=\"http:\/\/xn--skuggorfrndetfrflutna-02b01b.se\/wp-content\/uploads\/2013\/08\/ut3.jpg\"><img loading=\"lazy\" decoding=\"async\" class=\"alignnone size-full wp-image-548\" alt=\"ut3\" src=\"http:\/\/xn--skuggorfrndetfrflutna-02b01b.se\/wp-content\/uploads\/2013\/08\/ut3.jpg\" width=\"604\" height=\"401\" srcset=\"http:\/\/xn--skuggorfrndetfrflutna-02b01b.se\/wp-content\/uploads\/2013\/08\/ut3.jpg 604w, http:\/\/xn--skuggorfrndetfrflutna-02b01b.se\/wp-content\/uploads\/2013\/08\/ut3-300x199.jpg 300w\" sizes=\"auto, (max-width: 604px) 100vw, 604px\" \/><\/a><\/p>\n<p>&nbsp;<\/p>\n<p><a href=\"http:\/\/xn--skuggorfrndetfrflutna-02b01b.se\/wp-content\/uploads\/2013\/09\/Personal-och-kvinnor.jpg\"><img loading=\"lazy\" decoding=\"async\" class=\"alignnone size-large wp-image-471\" alt=\"Personal och kvinnor\" src=\"http:\/\/xn--skuggorfrndetfrflutna-02b01b.se\/wp-content\/uploads\/2013\/09\/Personal-och-kvinnor-1024x701.jpg\" width=\"1024\" height=\"701\" srcset=\"http:\/\/xn--skuggorfrndetfrflutna-02b01b.se\/wp-content\/uploads\/2013\/09\/Personal-och-kvinnor-1024x701.jpg 1024w, http:\/\/xn--skuggorfrndetfrflutna-02b01b.se\/wp-content\/uploads\/2013\/09\/Personal-och-kvinnor-300x205.jpg 300w, http:\/\/xn--skuggorfrndetfrflutna-02b01b.se\/wp-content\/uploads\/2013\/09\/Personal-och-kvinnor.jpg 1966w\" sizes=\"auto, (max-width: 1024px) 100vw, 1024px\" \/><\/a><\/p>\n<p>Bilderna \u00e4r tagna av l\u00e4rare och elever i arbetslaget. Bild fr\u00e5n 1945 fr\u00e5n Anita M\u00e5rd.<\/p>\n","protected":false},"excerpt":{"rendered":"<p>Bilder fr\u00e5n projektets uppstart och redovisning 2012. &nbsp; &nbsp; &nbsp; &nbsp; &nbsp; Bilderna \u00e4r tagna av l\u00e4rare och elever i arbetslaget. Bild fr\u00e5n 1945 fr\u00e5n Anita M\u00e5rd.<\/p>\n","protected":false},"author":1,"featured_media":0,"parent":0,"menu_order":0,"comment_status":"closed","ping_status":"open","template":"","meta":{"_monsterinsights_skip_tracking":false,"_monsterinsights_sitenote_active":false,"_monsterinsights_sitenote_note":"","_monsterinsights_sitenote_category":0,"footnotes":""},"class_list":["post-723","page","type-page","status-publish","hentry","nodate","item-wrap"],"jetpack_sharing_enabled":true,"_links":{"self":[{"href":"http:\/\/xn--skuggorfrndetfrflutna-02b01b.se\/index.php?rest_route=\/wp\/v2\/pages\/723","targetHints":{"allow":["GET"]}}],"collection":[{"href":"http:\/\/xn--skuggorfrndetfrflutna-02b01b.se\/index.php?rest_route=\/wp\/v2\/pages"}],"about":[{"href":"http:\/\/xn--skuggorfrndetfrflutna-02b01b.se\/index.php?rest_route=\/wp\/v2\/types\/page"}],"author":[{"embeddable":true,"href":"http:\/\/xn--skuggorfrndetfrflutna-02b01b.se\/index.php?rest_route=\/wp\/v2\/users\/1"}],"replies":[{"embeddable":true,"href":"http:\/\/xn--skuggorfrndetfrflutna-02b01b.se\/index.php?rest_route=%2Fwp%2Fv2%2Fcomments&post=723"}],"version-history":[{"count":6,"href":"http:\/\/xn--skuggorfrndetfrflutna-02b01b.se\/index.php?rest_route=\/wp\/v2\/pages\/723\/revisions"}],"predecessor-version":[{"id":955,"href":"http:\/\/xn--skuggorfrndetfrflutna-02b01b.se\/index.php?rest_route=\/wp\/v2\/pages\/723\/revisions\/955"}],"wp:attachment":[{"href":"http:\/\/xn--skuggorfrndetfrflutna-02b01b.se\/index.php?rest_route=%2Fwp%2Fv2%2Fmedia&parent=723"}],"curies":[{"name":"wp","href":"https:\/\/api.w.org\/{rel}","templated":true}]}}