{"id":647,"date":"2013-09-28T18:11:19","date_gmt":"2013-09-28T18:11:19","guid":{"rendered":"http:\/\/xn--skuggorfrndetfrflutna-02b01b.se\/?page_id=647"},"modified":"2013-09-28T18:11:19","modified_gmt":"2013-09-28T18:11:19","slug":"warszawaupproret-3","status":"publish","type":"page","link":"http:\/\/xn--skuggorfrndetfrflutna-02b01b.se\/?page_id=647","title":{"rendered":"Warszawaupproret"},"content":{"rendered":"<p>Warszawaupproret var n\u00e4r den polska motst\u00e5ndsr\u00f6relsen f\u00f6rs\u00f6kte befria Warszawa fr\u00e5n den tyska ockupationsmakten. Det ingick i en serie av uppror,\u00a0operation Burza, som skedde i Lw\u00f3w, Wilno (nuvarande Lviv och Vilnius) och Warszawa.<\/p>\n<p>Det b\u00f6rjade n\u00e4r den R\u00f6da arm\u00e9n under sin marsch mot Tyskland i augusti 1944 n\u00e4rmade sig Warszawa besl\u00f6t sig den polska motst\u00e5ndsr\u00f6relsen Armia Krajowa(som betyder hemmaarm\u00e9n) f\u00f6r att anfalla de tyska trupperna som fanns i Warszawa i hopp om att de sovjetiska styrkorna skulle hj\u00e4lpa dem n\u00e4r de kom fram. Men de n\u00e5dde inte staden i tid utan stannade utanf\u00f6r Warszawa utan att ingripa. Efter 63 dagars strider ledde detta avvaktande till motst\u00e5ndsr\u00f6relsen fall och att tyskarna och polackerna f\u00f6rlorade ca 17\u00a0000 soldater var och 150\u00a0000 civila fick s\u00e4tta livet. Lika m\u00e5nga av befolkningen skickades till arbets- och koncentrationsl\u00e4ger. De flesta av de polska kvinnorna \u00e4r just fr\u00e5n Warszawa och tillh\u00f6r den h\u00e4r gruppen. N\u00e4r R\u00f6da arm\u00e9n slutligen hade tagit \u00f6ver Warszawa hade 90 % av stadens byggnader j\u00e4mnats med marken.<\/p>\n<p>Det \u00e4r oklart varf\u00f6r Sovjet avvaktade med sitt anfall men en trolig teori \u00e4r att de var r\u00e4dda att Armia Krajowa skulle v\u00e4xa sig f\u00f6r stark och g\u00f6ra Polen sj\u00e4lvst\u00e4ndigt medan de sj\u00e4lva ville att Polen skulle bli en lydstat styrt av kommunism. Det var allts\u00e5 bra att motst\u00e5ndsr\u00f6relsen gick under.<\/p>\n<p>K\u00e4llor:\u00a0<a href=\"http:\/\/sv.wikipedia.org\/wiki\/Warszawaupproret\">http:\/\/sv.wikipedia.org\/wiki\/Warszawaupproret<\/a>\u00a0och\u00a0<a href=\"http:\/\/www.levandehistoria.se\/forintelsen\/fakta\/warszawaupproret\">http:\/\/www.levandehistoria.se\/forintelsen\/fakta\/warszawaupproret<\/a><\/p>\n<p>Av: Adam Neselius 9d, vt 2012<\/p>\n<p>&nbsp;<\/p>\n","protected":false},"excerpt":{"rendered":"<p>Warszawaupproret var n\u00e4r den polska motst\u00e5ndsr\u00f6relsen f\u00f6rs\u00f6kte befria Warszawa fr\u00e5n den tyska ockupationsmakten. Det ingick i en serie av uppror,\u00a0operation Burza, som skedde i Lw\u00f3w, Wilno (nuvarande Lviv och Vilnius) och Warszawa. Det b\u00f6rjade n\u00e4r den R\u00f6da arm\u00e9n under sin marsch mot Tyskland i augusti 1944 n\u00e4rmade sig Warszawa besl\u00f6t sig den polska motst\u00e5ndsr\u00f6relsen Armia &hellip; <\/p>\n<p><a class=\"more-link btn\" href=\"http:\/\/xn--skuggorfrndetfrflutna-02b01b.se\/?page_id=647\">Forts\u00e4tt l\u00e4sa<\/a><\/p>\n","protected":false},"author":1,"featured_media":0,"parent":0,"menu_order":0,"comment_status":"closed","ping_status":"open","template":"","meta":{"_monsterinsights_skip_tracking":false,"_monsterinsights_sitenote_active":false,"_monsterinsights_sitenote_note":"","_monsterinsights_sitenote_category":0,"footnotes":""},"class_list":["post-647","page","type-page","status-publish","hentry","nodate","item-wrap"],"jetpack_sharing_enabled":true,"_links":{"self":[{"href":"http:\/\/xn--skuggorfrndetfrflutna-02b01b.se\/index.php?rest_route=\/wp\/v2\/pages\/647","targetHints":{"allow":["GET"]}}],"collection":[{"href":"http:\/\/xn--skuggorfrndetfrflutna-02b01b.se\/index.php?rest_route=\/wp\/v2\/pages"}],"about":[{"href":"http:\/\/xn--skuggorfrndetfrflutna-02b01b.se\/index.php?rest_route=\/wp\/v2\/types\/page"}],"author":[{"embeddable":true,"href":"http:\/\/xn--skuggorfrndetfrflutna-02b01b.se\/index.php?rest_route=\/wp\/v2\/users\/1"}],"replies":[{"embeddable":true,"href":"http:\/\/xn--skuggorfrndetfrflutna-02b01b.se\/index.php?rest_route=%2Fwp%2Fv2%2Fcomments&post=647"}],"version-history":[{"count":1,"href":"http:\/\/xn--skuggorfrndetfrflutna-02b01b.se\/index.php?rest_route=\/wp\/v2\/pages\/647\/revisions"}],"predecessor-version":[{"id":649,"href":"http:\/\/xn--skuggorfrndetfrflutna-02b01b.se\/index.php?rest_route=\/wp\/v2\/pages\/647\/revisions\/649"}],"wp:attachment":[{"href":"http:\/\/xn--skuggorfrndetfrflutna-02b01b.se\/index.php?rest_route=%2Fwp%2Fv2%2Fmedia&parent=647"}],"curies":[{"name":"wp","href":"https:\/\/api.w.org\/{rel}","templated":true}]}}