{"id":626,"date":"2013-09-28T17:34:09","date_gmt":"2013-09-28T17:34:09","guid":{"rendered":"http:\/\/xn--skuggorfrndetfrflutna-02b01b.se\/?page_id=626"},"modified":"2018-01-04T12:23:29","modified_gmt":"2018-01-04T12:23:29","slug":"stefania-s","status":"publish","type":"page","link":"http:\/\/xn--skuggorfrndetfrflutna-02b01b.se\/?page_id=626","title":{"rendered":"Stefania S."},"content":{"rendered":"<p style=\"text-align: justify;\">Stefania f\u00f6ddes den 1 september \u00e5r 1895 i Dobrzyn, Polen. Enligt polisf\u00f6rh\u00f6ret i Sverige var hon endast 155cm l\u00e5ng, hade gr\u00e5spr\u00e4ngt m\u00f6rkblont h\u00e5r, bl\u00e5gr\u00e5a \u00f6gon, ett ovalt ansikte med rak och bred n\u00e4sa. Hon \u00e4r uppv\u00e4xt i Warszawa med hennes mor Elisabeth, hennes far Adam som var tj\u00e4nsteman samt 2 systrar och 2 br\u00f6der. Hennes mor och far var avlidna sedan l\u00e4nge och hennes syskon har man ej lyckats hitta n\u00e5gon information om, inte ens dess namn.<\/p>\n<p style=\"text-align: justify;\">Hon har genomg\u00e5tt 6 klasser i grundskolan och 8 klasser i gymnasiet och d\u00e4refter 2 \u00e5r p\u00e5 l\u00e4rarinneseminarium. Stefania erbj\u00f6ds en anst\u00e4llning som l\u00e4rarinna \u00e5r 1939 vid ett gymnasium i Warszawa. Hon hade denna anst\u00e4llning enda tills kriget br\u00f6t ut. Hennes n\u00e4sta anst\u00e4llning var hos en konsthandelsfirma i Warszawa som hon hade tills den 2 september \u00e5r 1945. I samband med vederg\u00e4llningsauktionen i samband med Warszawa-upproret \u00e5r 1944 blev hon arresterad av tyskar och f\u00f6rdes till koncentrationsl\u00e4gret Ravensbr\u00fcck och d\u00e4r var hon tills R\u00f6da korset kom den 26 april \u00e5r 1945 och befriade och f\u00f6rde dem till Sverige. Den 29 april \u00e5r 1945 anl\u00e4nde hon till Lund i Malm\u00f6, d\u00e4r stannade hon till den 10 juni 1945 och f\u00f6rdes sedan till beredskapssjukhuset i \u00d6rebro.<\/p>\n<p style=\"text-align: justify;\">Hon har aldrig blivit straffad f\u00f6r n\u00e5gonting och har heller inte varit aktiv i en politisk organisation, hon \u00e4r i politiskt avseende helt neutral enligt polisf\u00f6rh\u00f6ret. Hon \u00e4r polsk och f\u00f6ljde den romerska katolsk l\u00e4ra.<\/p>\n<p style=\"text-align: justify;\">Efter att ha kommit till Sverige s\u00e5 hade hon \u00f6nskem\u00e5l om att inte beh\u00f6va \u00e5terv\u00e4nda till Polen f\u00f6rr\u00e4n sommaren 1946. Av anledningen att hon inte hade n\u00e5got hem eller n\u00e5gra anh\u00f6riga kvar i livet. N\u00e4rmare 200\u00a0000 olika polacker d\u00f6dades under Warszawa-upproret och kanske lika m\u00e5nga skickades till tyska l\u00e4ger. Hon fick efter en tid i Sverige en anst\u00e4llning som skofabriksarbetare p\u00e5 L\u00e4derutstansnings AB den 15 oktober \u00e5r 1945 och tj\u00e4nade d\u00e4r mellan 45:- och 50:- kronor per vecka. Den 14 december \u00e5r 1945 fick hon en ny anst\u00e4llning p\u00e5 samma f\u00f6retag och tj\u00e4nade 48:- per vecka.<\/p>\n<p style=\"text-align: justify;\">Nu \u00e4r Stefania d\u00f6d, hon dog den 12 januari \u00e5r 1991 (96 \u00e5r gammal), enligt en amerikansk hemsida. Hon levde d\u00e5 i Detroit, USA.<\/p>\n<p style=\"text-align: justify;\">\n<p style=\"text-align: justify;\">K\u00e4llor: Dossier Statens utl\u00e4nningskommission, Riksarkivet och Google-s\u00f6kning.<\/p>\n<p style=\"text-align: justify;\">Linnea Ny\u00e4ngen 9F vt 12<\/p>\n<p style=\"text-align: justify;\">\n","protected":false},"excerpt":{"rendered":"<p>Stefania f\u00f6ddes den 1 september \u00e5r 1895 i Dobrzyn, Polen. Enligt polisf\u00f6rh\u00f6ret i Sverige var hon endast 155cm l\u00e5ng, hade gr\u00e5spr\u00e4ngt m\u00f6rkblont h\u00e5r, bl\u00e5gr\u00e5a \u00f6gon, ett ovalt ansikte med rak och bred n\u00e4sa. Hon \u00e4r uppv\u00e4xt i Warszawa med hennes mor Elisabeth, hennes far Adam som var tj\u00e4nsteman samt 2 systrar och 2 br\u00f6der. Hennes &hellip; <\/p>\n<p><a class=\"more-link btn\" href=\"http:\/\/xn--skuggorfrndetfrflutna-02b01b.se\/?page_id=626\">Forts\u00e4tt l\u00e4sa<\/a><\/p>\n","protected":false},"author":1,"featured_media":0,"parent":0,"menu_order":0,"comment_status":"closed","ping_status":"open","template":"","meta":{"_monsterinsights_skip_tracking":false,"_monsterinsights_sitenote_active":false,"_monsterinsights_sitenote_note":"","_monsterinsights_sitenote_category":0,"footnotes":""},"class_list":["post-626","page","type-page","status-publish","hentry","nodate","item-wrap"],"jetpack_sharing_enabled":true,"_links":{"self":[{"href":"http:\/\/xn--skuggorfrndetfrflutna-02b01b.se\/index.php?rest_route=\/wp\/v2\/pages\/626","targetHints":{"allow":["GET"]}}],"collection":[{"href":"http:\/\/xn--skuggorfrndetfrflutna-02b01b.se\/index.php?rest_route=\/wp\/v2\/pages"}],"about":[{"href":"http:\/\/xn--skuggorfrndetfrflutna-02b01b.se\/index.php?rest_route=\/wp\/v2\/types\/page"}],"author":[{"embeddable":true,"href":"http:\/\/xn--skuggorfrndetfrflutna-02b01b.se\/index.php?rest_route=\/wp\/v2\/users\/1"}],"replies":[{"embeddable":true,"href":"http:\/\/xn--skuggorfrndetfrflutna-02b01b.se\/index.php?rest_route=%2Fwp%2Fv2%2Fcomments&post=626"}],"version-history":[{"count":2,"href":"http:\/\/xn--skuggorfrndetfrflutna-02b01b.se\/index.php?rest_route=\/wp\/v2\/pages\/626\/revisions"}],"predecessor-version":[{"id":3357,"href":"http:\/\/xn--skuggorfrndetfrflutna-02b01b.se\/index.php?rest_route=\/wp\/v2\/pages\/626\/revisions\/3357"}],"wp:attachment":[{"href":"http:\/\/xn--skuggorfrndetfrflutna-02b01b.se\/index.php?rest_route=%2Fwp%2Fv2%2Fmedia&parent=626"}],"curies":[{"name":"wp","href":"https:\/\/api.w.org\/{rel}","templated":true}]}}