{"id":450,"date":"2013-09-13T15:45:00","date_gmt":"2013-09-13T15:45:00","guid":{"rendered":"http:\/\/xn--skuggorfrndetfrflutna-02b01b.se\/?page_id=450"},"modified":"2014-02-08T19:26:35","modified_gmt":"2014-02-08T19:26:35","slug":"louise-j-k","status":"publish","type":"page","link":"http:\/\/xn--skuggorfrndetfrflutna-02b01b.se\/?page_id=450","title":{"rendered":"Louise J-K"},"content":{"rendered":"<p align=\"left\">Louise K. f\u00f6ddes den 19 juli 1917 i Amsterdam i Holland. Hennes f\u00f6r\u00e4ldrar hette Jacob och Laarjde K, b\u00e5da av judisk h\u00e4rkomst. Hennes religion var judisk. Louise K. var gift med Wolf J, f\u00f6dd i Gravenhage 1912.<\/p>\n<p>N\u00e4r tyskarna invaderade Holland 1940 arbetade Louise som p\u00e4lss\u00f6mmerska p\u00e5 en fabrik i Amsterdam. I juli 1943 f\u00f6rdes hon till Vught, ett arbetsl\u00e4ger i Holland. I juni 1944 transporterades hon till Auschwitz. D\u00e4refter h\u00f6lls hon f\u00e5ngen i olika l\u00e4ger och hamnade slutligen i Eidelst\u00e4dt utanf\u00f6r Hamburg. F\u00f6r\u00e4ldrarna samt en bror hade f\u00f6rts till Auschwitz 1942 och hennes man Wolf J deporterades fr\u00e5n Vught till Auschwitz 1944. De hade sedan dess inte h\u00f6rts av. Enligt Yad Vahems databas \u00f6ver f\u00f6rintelsens offer dog Wolf J i Auschwitz \u00e5r 1944. Enligt ett brev fr\u00e5n R\u00f6da korset dog Wolf J i Laurah\u00fctte, ett underl\u00e4ger till Auschwitz. En syster lyckades g\u00f6mma sig i Haag under kriget.<\/p>\n<p>Louise K. anger att hon den 1 maj 1945 blir befriad av det svenska R\u00f6da korset och genom dess f\u00f6rsorg transporterad till Sverige. Hon kommer till Malm\u00f6 den 4 maj 1945. Efter en dryg m\u00e5nad i orten Skat\u00e5s kommer hon den 11 juni till beredskapssjukhuset i \u00d6rebro. Den 31 augusti friskf\u00f6rklaras hon av l\u00e4gerl\u00e4karen. Den 3 september placeras hon i en flyktingf\u00f6rl\u00e4ggning f\u00f6r holl\u00e4ndska medborgare i Robertsh\u00f6jd i G\u00f6teborg. Enligt en ans\u00f6kan till l\u00e4nsarbetsn\u00e4mnden vill hon arbeta med de holl\u00e4ndska barn som i september ska komma till Sverige. Men i oktober arbetar hon som p\u00e4lss\u00f6mmerska hos Handel AB Trana d\u00e4r hon tj\u00e4nar 60 kr per vecka.<\/p>\n<p>I maj 1946 \u00e5terv\u00e4nder hon till Amsterdam en kort tid men \u00e5terv\u00e4nder till Sverige den 24 augusti f\u00f6r att gifta sig med Oscar Ragnar Bergman fr\u00e5n Kung\u00e4lv. Hon blev d\u00e5 svensk medborgare.<\/p>\n<p>Hennes f\u00f6r\u00e4ldrar, en av hennes systrar och broder hade f\u00f6rst till Auschwitz 1942 och hennes man Wolf J hade 1944 f\u00f6rts fr\u00e5n Vught till Auschwitz och enligt Yad Vashems databas \u00f6ver F\u00f6rintelsens offer dog Wolf J 1944 och Jacob K dog\u00a0i d\u00f6dsl\u00e4gret Sobibor 1943 (?). Louises andra syster lyckades g\u00f6mma sig i Haag under kriget.<\/p>\n<p>&nbsp;<\/p>\n<p>K\u00e4llor: Dossier Statens utl\u00e4nningskommission, Riksarkivet och www.yadvashem.org<\/p>\n<p>Av: Gabriella B 9E och Alexander M 9F, vt 2012<\/p>\n","protected":false},"excerpt":{"rendered":"<p>Louise K. f\u00f6ddes den 19 juli 1917 i Amsterdam i Holland. Hennes f\u00f6r\u00e4ldrar hette Jacob och Laarjde K, b\u00e5da av judisk h\u00e4rkomst. Hennes religion var judisk. Louise K. var gift med Wolf J, f\u00f6dd i Gravenhage 1912. N\u00e4r tyskarna invaderade Holland 1940 arbetade Louise som p\u00e4lss\u00f6mmerska p\u00e5 en fabrik i Amsterdam. I juli 1943 f\u00f6rdes &hellip; <\/p>\n<p><a class=\"more-link btn\" href=\"http:\/\/xn--skuggorfrndetfrflutna-02b01b.se\/?page_id=450\">Forts\u00e4tt l\u00e4sa<\/a><\/p>\n","protected":false},"author":1,"featured_media":0,"parent":0,"menu_order":0,"comment_status":"closed","ping_status":"open","template":"","meta":{"_monsterinsights_skip_tracking":false,"_monsterinsights_sitenote_active":false,"_monsterinsights_sitenote_note":"","_monsterinsights_sitenote_category":0,"footnotes":""},"class_list":["post-450","page","type-page","status-publish","hentry","nodate","item-wrap"],"jetpack_sharing_enabled":true,"_links":{"self":[{"href":"http:\/\/xn--skuggorfrndetfrflutna-02b01b.se\/index.php?rest_route=\/wp\/v2\/pages\/450","targetHints":{"allow":["GET"]}}],"collection":[{"href":"http:\/\/xn--skuggorfrndetfrflutna-02b01b.se\/index.php?rest_route=\/wp\/v2\/pages"}],"about":[{"href":"http:\/\/xn--skuggorfrndetfrflutna-02b01b.se\/index.php?rest_route=\/wp\/v2\/types\/page"}],"author":[{"embeddable":true,"href":"http:\/\/xn--skuggorfrndetfrflutna-02b01b.se\/index.php?rest_route=\/wp\/v2\/users\/1"}],"replies":[{"embeddable":true,"href":"http:\/\/xn--skuggorfrndetfrflutna-02b01b.se\/index.php?rest_route=%2Fwp%2Fv2%2Fcomments&post=450"}],"version-history":[{"count":5,"href":"http:\/\/xn--skuggorfrndetfrflutna-02b01b.se\/index.php?rest_route=\/wp\/v2\/pages\/450\/revisions"}],"predecessor-version":[{"id":890,"href":"http:\/\/xn--skuggorfrndetfrflutna-02b01b.se\/index.php?rest_route=\/wp\/v2\/pages\/450\/revisions\/890"}],"wp:attachment":[{"href":"http:\/\/xn--skuggorfrndetfrflutna-02b01b.se\/index.php?rest_route=%2Fwp%2Fv2%2Fmedia&parent=450"}],"curies":[{"name":"wp","href":"https:\/\/api.w.org\/{rel}","templated":true}]}}