{"id":444,"date":"2013-09-13T15:38:56","date_gmt":"2013-09-13T15:38:56","guid":{"rendered":"http:\/\/xn--skuggorfrndetfrflutna-02b01b.se\/?page_id=444"},"modified":"2013-09-13T15:38:56","modified_gmt":"2013-09-13T15:38:56","slug":"guta-b","status":"publish","type":"page","link":"http:\/\/xn--skuggorfrndetfrflutna-02b01b.se\/?page_id=444","title":{"rendered":"Guta B"},"content":{"rendered":"<p style=\"text-align: left;\" align=\"center\">Guta B f\u00f6ddes den 15 mars 1925 i Lodz som ligger i Polen. Hennes f\u00f6r\u00e4ldrar hette Majer B, f\u00f6dd den 30 mars 1892, och jobbade som hyresv\u00e4rd och Ester B, f\u00f6dd den 28 december 1892 i Landau. Hennes far vart bortf\u00f6rd av tyskarna tidigt 1940. Han f\u00f6rdes till koncentrationsl\u00e4gret Majdanek och dog sedan d\u00e4r redan 1942. Guta s\u00e5g sin moder sist den 12 augusti \u00e5r 1944 n\u00e4r de b\u00e5da vart transporterade mot koncentrationsl\u00e4gret Auschwitz Birkenau i Polen. Hon var uppvuxen i ett f\u00f6r\u00e4ldrahem och har genomg\u00e5tt sex \u00e5r i grundskola och tre \u00e5r p\u00e5 gymnasium. Hon \u00e4r inte milit\u00e4rutbildad, ostraffad, prostituerad, politisk intresserad och har inte tillh\u00f6rt n\u00e5gon politisk organisation allt enligt polisf\u00f6rh\u00f6ret i Sverige.<\/p>\n<p>\u00a0Guta hade fyra systrar och en bror. En utav systrarna arresterades och f\u00f6rdes till Tyskland 1943. Resten av systrarna kom med till Auschwitz med henne och deras moder. F\u00f6rutom det vet hon ingenting om systrarna, f\u00f6rutom att en som vistades i Sverige som repatriand (\u00e5terh\u00e4mta krafter och bli frisk och sedan \u00e5terv\u00e4nda till hemlandet). De b\u00e5da bor i Malm\u00f6 f\u00f6r tillf\u00e4llet.<\/p>\n<p>I Auschwitz fick Guta B jobba med att lasta grus p\u00e5 j\u00e4rnv\u00e4gsvagnar. Efter tolv dagar f\u00f6rdes hon till n\u00e4sta arbetsl\u00e4ger Kristianstadt. D\u00e4r jobbade hon med samma jobb, att lasta grus p\u00e5 j\u00e4rnv\u00e4gsvagnar. I Kristianstadt var hon ett halv\u00e5r tills hon med ett tusen andra fick g\u00e5 till fots mot Bergen-Belsen. Det var en utav m\u00e5nga kallade d\u00f6dsmarscher d\u00e5 tyskarna t\u00f6mde koncentrationsl\u00e4gren och alla fick g\u00e5 till fots tills de stupade eller blev skjutna. Resan tog ungef\u00e4r sex veckor och n\u00e4r det kom fram var de bara femtiofyra m\u00e4nniskor kvar. D\u00e4r var hon tills den 14 juli 1945 d\u00e5 engelsm\u00e4nnen kom och befriade alla f\u00e5ngar. R\u00f6da korset kom och f\u00f6rde henne till Sverige som repatriand med sin syster.<\/p>\n<p>Guta anl\u00e4nde till Sverige den 15 juli 1945 i Malm\u00f6. D\u00e4r blev hon inlagd p\u00e5 lungkliniken i fyra veckor. D\u00e4refter blev hon inf\u00f6rd p\u00e5 beredskapssjukhuset i \u00d6rebro den 20 augusti. Den 12 oktober blev hon friskf\u00f6rklarad fr\u00e5n sjukhuset av l\u00e4karen Olle Ottander. Hon har tilldelades ett registreringsnummer p\u00e5 sjukhuset, och hennes \u00f6nskan var att stanna i Sverige och inte \u00e5ka tillbaks till Polen p\u00e5 grund av att allt var f\u00f6rst\u00f6rt d\u00e4r. Hennes \u00f6nskan var ocks\u00e5 att f\u00e5 jobba i en fabrik. Hon erh\u00f6ll 10 kronor fr\u00e5n polska legationen och 10 kronor fr\u00e5n f\u00f6rsamlingen i Stockholm som st\u00f6d. I december 1945 flyttade hon till en v\u00e4n, Mala G, i Malm\u00f6 och tog jobb p\u00e5 Malm\u00f6 skofabrik. Hon fick d\u00e5 i l\u00f6n 25 kr i veckan. Senare fick hon jobb som kontorist och fick d\u00e5 308 kr i m\u00e5naden.<\/p>\n<p>Guta l\u00e4mnade sedan Sverige f\u00f6r Israel den 19 december 1948 men hamnade i USA och gifte sig med Wohlmuth. Hennes syster, \u00a0som ocks\u00e5 kom till\u00a0Sverige blev kvar h\u00e4r och blev svensk medborgare.<\/p>\n<p>K\u00e4lla: Dossier Statens utl\u00e4nningskommission, Riksarkivet<\/p>\n<p>Adam Gustafsson 9E<\/p>\n","protected":false},"excerpt":{"rendered":"<p>Guta B f\u00f6ddes den 15 mars 1925 i Lodz som ligger i Polen. Hennes f\u00f6r\u00e4ldrar hette Majer B, f\u00f6dd den 30 mars 1892, och jobbade som hyresv\u00e4rd och Ester B, f\u00f6dd den 28 december 1892 i Landau. Hennes far vart bortf\u00f6rd av tyskarna tidigt 1940. Han f\u00f6rdes till koncentrationsl\u00e4gret Majdanek och dog sedan d\u00e4r redan &hellip; <\/p>\n<p><a class=\"more-link btn\" href=\"http:\/\/xn--skuggorfrndetfrflutna-02b01b.se\/?page_id=444\">Forts\u00e4tt l\u00e4sa<\/a><\/p>\n","protected":false},"author":1,"featured_media":0,"parent":0,"menu_order":0,"comment_status":"closed","ping_status":"open","template":"","meta":{"_monsterinsights_skip_tracking":false,"_monsterinsights_sitenote_active":false,"_monsterinsights_sitenote_note":"","_monsterinsights_sitenote_category":0,"footnotes":""},"class_list":["post-444","page","type-page","status-publish","hentry","nodate","item-wrap"],"jetpack_sharing_enabled":true,"_links":{"self":[{"href":"http:\/\/xn--skuggorfrndetfrflutna-02b01b.se\/index.php?rest_route=\/wp\/v2\/pages\/444","targetHints":{"allow":["GET"]}}],"collection":[{"href":"http:\/\/xn--skuggorfrndetfrflutna-02b01b.se\/index.php?rest_route=\/wp\/v2\/pages"}],"about":[{"href":"http:\/\/xn--skuggorfrndetfrflutna-02b01b.se\/index.php?rest_route=\/wp\/v2\/types\/page"}],"author":[{"embeddable":true,"href":"http:\/\/xn--skuggorfrndetfrflutna-02b01b.se\/index.php?rest_route=\/wp\/v2\/users\/1"}],"replies":[{"embeddable":true,"href":"http:\/\/xn--skuggorfrndetfrflutna-02b01b.se\/index.php?rest_route=%2Fwp%2Fv2%2Fcomments&post=444"}],"version-history":[{"count":1,"href":"http:\/\/xn--skuggorfrndetfrflutna-02b01b.se\/index.php?rest_route=\/wp\/v2\/pages\/444\/revisions"}],"predecessor-version":[{"id":446,"href":"http:\/\/xn--skuggorfrndetfrflutna-02b01b.se\/index.php?rest_route=\/wp\/v2\/pages\/444\/revisions\/446"}],"wp:attachment":[{"href":"http:\/\/xn--skuggorfrndetfrflutna-02b01b.se\/index.php?rest_route=%2Fwp%2Fv2%2Fmedia&parent=444"}],"curies":[{"name":"wp","href":"https:\/\/api.w.org\/{rel}","templated":true}]}}