{"id":407,"date":"2013-09-12T19:15:15","date_gmt":"2013-09-12T19:15:15","guid":{"rendered":"http:\/\/xn--skuggorfrndetfrflutna-02b01b.se\/?page_id=407"},"modified":"2016-07-02T16:24:58","modified_gmt":"2016-07-02T16:24:58","slug":"lakaren-olle-ottander-berattar-1945","status":"publish","type":"page","link":"http:\/\/xn--skuggorfrndetfrflutna-02b01b.se\/?page_id=407","title":{"rendered":"L\u00e4karen Olle Ottander ber\u00e4ttar 1945"},"content":{"rendered":"<p>Olle Ottander arbetade under 1945 p\u00e5 beredskapssjukhuset som l\u00e4kare och skrev redan i L\u00e4kartidningen 1946:2 om sin erfarenheter under rubriken &#8221;N\u00e5gra erfarenheter och intryck fr\u00e5n sjukv\u00e5rdsarbetet p\u00e5 ett beredskapssjukhus i Mellan-Sverige&#8221;. SO-l\u00e4raren misst\u00e4nkte l\u00e4nge att det m\u00e5ste handla om just \u00d6rebro och undslapp sig ett l\u00e5gt JA! i forskarsalen p\u00e5 Riksarkivet n\u00e4r originalmanuskriptet hittades i en osorterad arkivmapp.<\/p>\n<p>L\u00e4karna var sannolikt n\u00e5gra av de f\u00e5 som f\u00f6rstod vad kvinnorna hade g\u00e5tt igenom 1945. V\u00e5r kunskap om F\u00f6rintelsen och v\u00e5r f\u00f6rst\u00e5else \u00e4r idag s\u00e5 mycket st\u00f6rre.<\/p>\n<h1><a href=\"https:\/\/drive.google.com\/file\/d\/0B-HmSmf8cxy2ckdDREZUNnB5SU0\/edit?usp=sharing\">Klicka p\u00e5 l\u00e4nken f\u00f6r artikeln.\u00a0<\/a><\/h1>\n","protected":false},"excerpt":{"rendered":"<p>Olle Ottander arbetade under 1945 p\u00e5 beredskapssjukhuset som l\u00e4kare och skrev redan i L\u00e4kartidningen 1946:2 om sin erfarenheter under rubriken &#8221;N\u00e5gra erfarenheter och intryck fr\u00e5n sjukv\u00e5rdsarbetet p\u00e5 ett beredskapssjukhus i Mellan-Sverige&#8221;. SO-l\u00e4raren misst\u00e4nkte l\u00e4nge att det m\u00e5ste handla om just \u00d6rebro och undslapp sig ett l\u00e5gt JA! i forskarsalen p\u00e5 Riksarkivet n\u00e4r originalmanuskriptet hittades i &hellip; <\/p>\n<p><a class=\"more-link btn\" href=\"http:\/\/xn--skuggorfrndetfrflutna-02b01b.se\/?page_id=407\">Forts\u00e4tt l\u00e4sa<\/a><\/p>\n","protected":false},"author":1,"featured_media":0,"parent":0,"menu_order":0,"comment_status":"closed","ping_status":"open","template":"","meta":{"_monsterinsights_skip_tracking":false,"_monsterinsights_sitenote_active":false,"_monsterinsights_sitenote_note":"","_monsterinsights_sitenote_category":0,"footnotes":""},"class_list":["post-407","page","type-page","status-publish","hentry","nodate","item-wrap"],"jetpack_sharing_enabled":true,"_links":{"self":[{"href":"http:\/\/xn--skuggorfrndetfrflutna-02b01b.se\/index.php?rest_route=\/wp\/v2\/pages\/407","targetHints":{"allow":["GET"]}}],"collection":[{"href":"http:\/\/xn--skuggorfrndetfrflutna-02b01b.se\/index.php?rest_route=\/wp\/v2\/pages"}],"about":[{"href":"http:\/\/xn--skuggorfrndetfrflutna-02b01b.se\/index.php?rest_route=\/wp\/v2\/types\/page"}],"author":[{"embeddable":true,"href":"http:\/\/xn--skuggorfrndetfrflutna-02b01b.se\/index.php?rest_route=\/wp\/v2\/users\/1"}],"replies":[{"embeddable":true,"href":"http:\/\/xn--skuggorfrndetfrflutna-02b01b.se\/index.php?rest_route=%2Fwp%2Fv2%2Fcomments&post=407"}],"version-history":[{"count":6,"href":"http:\/\/xn--skuggorfrndetfrflutna-02b01b.se\/index.php?rest_route=\/wp\/v2\/pages\/407\/revisions"}],"predecessor-version":[{"id":2920,"href":"http:\/\/xn--skuggorfrndetfrflutna-02b01b.se\/index.php?rest_route=\/wp\/v2\/pages\/407\/revisions\/2920"}],"wp:attachment":[{"href":"http:\/\/xn--skuggorfrndetfrflutna-02b01b.se\/index.php?rest_route=%2Fwp%2Fv2%2Fmedia&parent=407"}],"curies":[{"name":"wp","href":"https:\/\/api.w.org\/{rel}","templated":true}]}}