{"id":351,"date":"2013-09-11T19:03:39","date_gmt":"2013-09-11T19:03:39","guid":{"rendered":"http:\/\/xn--skuggorfrndetfrflutna-02b01b.se\/?page_id=351"},"modified":"2014-02-08T19:28:42","modified_gmt":"2014-02-08T19:28:42","slug":"koncentrationslagervakt-eller-inte","status":"publish","type":"page","link":"http:\/\/xn--skuggorfrndetfrflutna-02b01b.se\/?page_id=351","title":{"rendered":"Koncentrationsl\u00e4gervakt eller inte?"},"content":{"rendered":"<p><b>Skyldig eller inte?<\/b><\/p>\n<p><i>Den 25 september 1945 fick polisen ett telefonsamtal fr\u00e5n \u00f6verl\u00e4karen p\u00e5 beredskapssjukhuset p\u00e5 Engelbrektskolan i \u00d6rebro. En av patienterna tycktes k\u00e4nna igen en kvinna som SS-vakt fr\u00e5n koncentrationsl\u00e4gret <\/i>Ravensbr\u00fcck<i> bland patienterna. Hon utreddes efter det och trots att hon varken blev d\u00f6md eller oskyldighetsf\u00f6rklarad s\u00e5 utvisades hon ur Sverige.\u00a0 Nu t\u00e4nker vi djupdyka i utredning och ge v\u00e5r syn p\u00e5 saken. Var hon skyldig eller inte? <\/i><\/p>\n<p>M\u00e5ndagen den 24 september kom Lydia C en polsk medborgare och en utav sjukhusets intagna till Lina S(\u00f6sterrikisk medborgare ocks\u00e5 en utav patienterna) och ber\u00e4ttade att det fanns en tyska som Lydia k\u00e4nde igen som SS-kvinna fr\u00e5n Ravensbr\u00fcck. Med tanke p\u00e5 det Lyda C hade ber\u00e4ttat gick Lina S in till kvinnan f\u00f6r att se om \u00e4ven hon k\u00e4nde igen henne. Det gjorde hon men var inte helt s\u00e4ker p\u00e5 sin sak. Ansiktsdragen var v\u00e4ldigt lika men SS-kvinnan hade haft l\u00e5ngt h\u00e5r och patienten hade kort, men det kunde ju vara klippt.<\/p>\n<p>Lydia C ber\u00e4ttade ocks\u00e5 att hon h\u00f6rt att en polska som hj\u00e4lpt till med st\u00e4dningen blivit kallad \u201dpolnische scwein\u201d av kvinnan.\u00a0 N\u00e4r Lydia fick h\u00f6ra det blev hon arg och gick in i salen och fr\u00e5gade vem det var som hade kallat polskan f\u00f6r svin. Hon s\u00e4ger d\u00e5 att kvinnan sa, \u201ddu \u00e4r ocks\u00e5 ett polskt svin\u201d. N\u00e4r hon tittade p\u00e5 kvinnan igenk\u00e4nde hon henne genast som en utav SS-kvinnorna fr\u00e5n Ravensbr\u00fcckoch hon anser sig vara helt s\u00e4ker p\u00e5 sin sak.<\/p>\n<p>Erna R som den h\u00e4r misst\u00e4nkta kvinnan heter, f\u00f6rh\u00f6rdes och att hon skulle vara SS-kvinna skulle bara vara falska rykten. Hennes f\u00f6rklaring till varf\u00f6r patienterna anklagade henne, l\u00e5g helt enkelt i att det skulle skett en f\u00f6rv\u00e4xling utav en person. Att det m\u00e5ste vara n\u00e5gon som liknade henne. I l\u00e4gret Bergen-belsen finns det d\u00e4remot ett vittne som s\u00e4ger att hon var en f\u00e5nge och behandlades som alla andra. N\u00e4r hon fick fr\u00e5gan om hon kunde minnas namnet p\u00e5 n\u00e5gra av sina medf\u00e5ngar i Ravensbr\u00fcck kunde hon bara ett, Edit W, en gammal skolkamrat till henne. De \u00e5kte i olika transporter fr\u00e5n Ravensbr\u00fcck s\u00e5 hon visste d\u00e4rf\u00f6r inte var hon tog v\u00e4gen. I Bergen-belsen l\u00e4rde Erna k\u00e4nna en ungerska vid namn Katja. Hon visste inte hennes efternamn men hon trodde hon var inregistrerad i Sverige under nummer 7450 eller 7455. Hon var helt s\u00e4ker p\u00e5 att de tv\u00e5 f\u00f6rsta siffrorna var r\u00e4tt men n\u00e4r namnet kollades upp kunde man inte hitta n\u00e5gon Katja under de numren.\u00a0 De kunde d\u00e4remot hitta en Katja R under 2211. N\u00e4r Erna befriades fr\u00e5n Bergen-belsen var hon v\u00e4ldigt sjuk. Hon hade vatten i lungs\u00e4cken, vitaminbrist och hennes ben var f\u00f6rvridna.<\/p>\n<p>Det finns mycket som tyder p\u00e5 att Erna skulle kunna vara skyldig. Framf\u00f6rallt vittnena som k\u00e4nner igen henne fr\u00e5n Ravensbr\u00fcck. Det var flera stycken som var v\u00e4ldigt s\u00e4kra p\u00e5 sin sak. Att hon inte heller kunde namnge fler \u00e4n en person fr\u00e5n Ravensbr\u00fcck \u00e4r lite misst\u00e4nksamt.<\/p>\n<p>\u00c4ven om mycket saker tyder p\u00e5 att hon skulle vara en SS-kvinna finns det \u00e4nd\u00e5 saker som inte g\u00f6r det ocks\u00e5. Hennes livsber\u00e4ttelse \u00e4r v\u00e4ldigt trov\u00e4rdig och hon var v\u00e4ldigt sjuk n\u00e4r hon kom till Sverige. I Bergen-belsen finns det flera vittnen som s\u00e4ger att hon var en f\u00e5nge precis som alla andra och \u00e4r det egentligen troligt att hon f\u00f6rst skulle vara SS-kvinna i Ravensbr\u00fcck men sen inte vara det i Bergen-belsen?\u00a0 Jag undrar ocks\u00e5 om det \u00e4r m\u00f6jligt att hon skulle ha hunnit blivit s\u00e5 pass sjuk under den m\u00e5naden hon var i Bergen-belsen .\u00a0 Att hon dessutom skulle ha kallat tv\u00e5 personer polska svin beh\u00f6ver inte betyda att hon var SS-kvinna, det \u00e4r n\u00e5gonting hon kan ha blivit p\u00e5verkad av innan hon kom till l\u00e4gret. Det var s\u00e5 det Tyska samh\u00e4llet s\u00e5g ut och de \u00e5sikter som fanns i Tyskland.<\/p>\n<p>Det \u00e4r sv\u00e5rt att avg\u00f6ra om Erna R var skyldig eller inte, men med tanke p\u00e5 att hon var s\u00e5 pass sjuk och att det \u00e4r v\u00e4ldigt orimligt att hon skulle ha blivit det p\u00e5 en m\u00e5nad i l\u00e4gret Bergen-belsen, s\u00e5 m\u00e5ste jag nog s\u00e4ga att jag tror hon \u00e4r oskyldig. M\u00f6jligheten finns ju faktiskt som Erna p\u00e5st\u00e5r sj\u00e4lv, att det var en f\u00f6rv\u00e4xling utav personer.\u00a0 Jag tror \u00e4ven det \u00e4r l\u00e4tt att reagera p\u00e5 likheter fr\u00e5n l\u00e4gren, i det h\u00e4r fallet vittnena som tyckte hon var v\u00e4ldigt lik den h\u00e4r vakten. Det \u00e4r nog \u00e4ven m\u00f6jligt att man p\u00e5vverkas av vad andra tycker och ocks\u00e5 kan tycka sig k\u00e4nna igen personen n\u00e4r n\u00e5gon annan g\u00f6r det. Tyv\u00e4rr f\u00e5r vi ju aldrig veta sanningen om hur det var, vi kan ju bara sp\u00e5na och tro.<\/p>\n<p>K\u00e4lla: Polisutredning i Dossier Statens utl\u00e4nningskommission, Riksarkivet<\/p>\n<p>Av: Sofia Hjort 9F vt 2012<\/p>\n","protected":false},"excerpt":{"rendered":"<p>Skyldig eller inte? Den 25 september 1945 fick polisen ett telefonsamtal fr\u00e5n \u00f6verl\u00e4karen p\u00e5 beredskapssjukhuset p\u00e5 Engelbrektskolan i \u00d6rebro. En av patienterna tycktes k\u00e4nna igen en kvinna som SS-vakt fr\u00e5n koncentrationsl\u00e4gret Ravensbr\u00fcck bland patienterna. Hon utreddes efter det och trots att hon varken blev d\u00f6md eller oskyldighetsf\u00f6rklarad s\u00e5 utvisades hon ur Sverige.\u00a0 Nu t\u00e4nker vi &hellip; <\/p>\n<p><a class=\"more-link btn\" href=\"http:\/\/xn--skuggorfrndetfrflutna-02b01b.se\/?page_id=351\">Forts\u00e4tt l\u00e4sa<\/a><\/p>\n","protected":false},"author":1,"featured_media":0,"parent":0,"menu_order":0,"comment_status":"closed","ping_status":"open","template":"","meta":{"_monsterinsights_skip_tracking":false,"_monsterinsights_sitenote_active":false,"_monsterinsights_sitenote_note":"","_monsterinsights_sitenote_category":0,"footnotes":""},"class_list":["post-351","page","type-page","status-publish","hentry","nodate","item-wrap"],"jetpack_sharing_enabled":true,"_links":{"self":[{"href":"http:\/\/xn--skuggorfrndetfrflutna-02b01b.se\/index.php?rest_route=\/wp\/v2\/pages\/351","targetHints":{"allow":["GET"]}}],"collection":[{"href":"http:\/\/xn--skuggorfrndetfrflutna-02b01b.se\/index.php?rest_route=\/wp\/v2\/pages"}],"about":[{"href":"http:\/\/xn--skuggorfrndetfrflutna-02b01b.se\/index.php?rest_route=\/wp\/v2\/types\/page"}],"author":[{"embeddable":true,"href":"http:\/\/xn--skuggorfrndetfrflutna-02b01b.se\/index.php?rest_route=\/wp\/v2\/users\/1"}],"replies":[{"embeddable":true,"href":"http:\/\/xn--skuggorfrndetfrflutna-02b01b.se\/index.php?rest_route=%2Fwp%2Fv2%2Fcomments&post=351"}],"version-history":[{"count":3,"href":"http:\/\/xn--skuggorfrndetfrflutna-02b01b.se\/index.php?rest_route=\/wp\/v2\/pages\/351\/revisions"}],"predecessor-version":[{"id":892,"href":"http:\/\/xn--skuggorfrndetfrflutna-02b01b.se\/index.php?rest_route=\/wp\/v2\/pages\/351\/revisions\/892"}],"wp:attachment":[{"href":"http:\/\/xn--skuggorfrndetfrflutna-02b01b.se\/index.php?rest_route=%2Fwp%2Fv2%2Fmedia&parent=351"}],"curies":[{"name":"wp","href":"https:\/\/api.w.org\/{rel}","templated":true}]}}