{"id":339,"date":"2013-09-11T18:55:53","date_gmt":"2013-09-11T18:55:53","guid":{"rendered":"http:\/\/xn--skuggorfrndetfrflutna-02b01b.se\/?page_id=339"},"modified":"2017-12-31T08:26:42","modified_gmt":"2017-12-31T08:26:42","slug":"vita-bussarna-2","status":"publish","type":"page","link":"http:\/\/xn--skuggorfrndetfrflutna-02b01b.se\/?page_id=339","title":{"rendered":"Vita bussarna"},"content":{"rendered":"<p style=\"text-align: justify;\">Mot slutet av andra v\u00e4rldskriget genomf\u00f6rdes den stora svenskledda r\u00e4ddningsaktion som blivit k\u00e4nd under namnet \u201dVita bussarna\u201d. Den tillkom p\u00e5 regeringens uppdrag och genomf\u00f6rdes i Svenska R\u00f6da korsets namn, under ledning av vice ordf\u00f6rande Folke Bernadotte. Under ett par v\u00e4ldigt dramatiska veckor, fr\u00e5n mitten av mars till b\u00f6rjan av maj 1945, r\u00e4ddades drygt 15\u00a0000 f\u00e5ngar ur tyska koncentrationsl\u00e4ger. Av alla dessa f\u00e5ngar var n\u00e4stan 8\u00a0000 norrm\u00e4n och danskar och resten kom fr\u00e5n olika l\u00e4nder.<\/p>\n<p style=\"text-align: justify;\">Hur m\u00e5nga som r\u00e4ddades av de vita bussarna vet man inte eftersom att siffrorna varierade v\u00e4ldigt kraftigt. Det har aldrig klargjorts exakt hur stor del av dessa som var judar. Totalt kom n\u00e4rmare 30,000 f\u00f6re detta f\u00e5ngar till Sverige 1945.R\u00e4ddningsaktionens syfte och Folke Bernadottes roll har ifr\u00e5gasatts fr\u00e4mst f\u00f6r att skandinaver r\u00e4ddades f\u00f6rst.<\/p>\n<p style=\"text-align: justify;\">V\u00e5ren 1945 \u00e5kte Folke Bernadotte till Tyskland och tr\u00e4ffade d\u00e5 Heinrich Himmler, som d\u00e5 hade blivit bef\u00e4lhavare f\u00f6r hela tyska arm\u00e9n efter attentatet mot Hitler \u00e5ret innan. Folke Bernadotte hade ursprungligen i uppdrag av regeringen att sammanf\u00f6ra norska och danska politiska f\u00e5ngar i Tyskland till en plats. Till hans hj\u00e4lp hade han 250 frivilliga och 75 vitm\u00e5lade bussar, lastbilar och ambulanser f\u00f6r att transportera f\u00e5ngarna till ett l\u00e4ger d\u00e4r R\u00f6da korset v\u00e4ntade f\u00f6r att kunna ta hand om dem. L\u00e4gret var bel\u00e4get utanf\u00f6r Hamburg i Neuengamme. Ytterligare f\u00f6rhandlingar ledde till att Folke Bernadotte fick transportera dessa till Sverige. I samband med att han kom hem intervjuade Svenska Dagbladet Folke, de skrev att han hade lyckats r\u00e4dda 15\u00a0000 m\u00e4nniskor, d\u00e4rav ungef\u00e4r 8\u00a0000 danskar och norrm\u00e4n samt 7\u00a0000 kvinnor av olika nationaliteter: fransyskor, polskor, holl\u00e4ndskor, tjeckiskor, engelskor, amerikanskor, argentinskor och till och med en kinesiska. Aktionen tog ungef\u00e4r tv\u00e5 m\u00e5nader och R\u00f6dakorsets personal utsatte sig sj\u00e4lv f\u00f6r livsfara men lyckades \u00e4nd\u00e5 r\u00e4dda 15\u00a0000 f\u00e5ngar fr\u00e5n gaskammare och koncentrationsl\u00e4ger. Kritiker h\u00e4vdar att skandinaver fick f\u00f6retr\u00e4de framf\u00f6r judiska f\u00e5ngar, att f\u00e5ngar dog i bussarna och att R\u00f6da korsets uppdrag \u00e4r att prioritera dem som b\u00e4st beh\u00f6ver hj\u00e4lp.<\/p>\n<p style=\"text-align: justify;\">Som representant f\u00f6r r\u00f6da korset hade Folke f\u00e5tt i uppdrag av FN:s generalf\u00f6rsamling att medla i Palestinakonflikten. Den 17 september 1948 var han d\u00e4rf\u00f6r i Jerusalem f\u00f6r att tr\u00e4ffa stadens milit\u00e4rguvern\u00f6r. Samma dag hade Folke tagit emot ett d\u00f6dshot, men han avf\u00e4rdade med orden &#8221;Jag l\u00e5ter mig inte skr\u00e4mmas&#8221;.<\/p>\n<p style=\"text-align: justify;\">Attentatsm\u00e4nnen visade sig tillh\u00f6ra den sionistiska organisationen Lehi, mera k\u00e4nd som Sternligan. Folke Bernadotte och hans uppdrag stod i v\u00e4gen f\u00f6r Sternligans m\u00e5l, ett Stor-Israel.<\/p>\n<p style=\"text-align: justify;\">K\u00e4llor: Wikipedia och R\u00f6dakorsets hemsida.<\/p>\n<p style=\"text-align: justify;\">Av: Astrid Didriksson, 9E vt 2012<\/p>\n","protected":false},"excerpt":{"rendered":"<p>Mot slutet av andra v\u00e4rldskriget genomf\u00f6rdes den stora svenskledda r\u00e4ddningsaktion som blivit k\u00e4nd under namnet \u201dVita bussarna\u201d. Den tillkom p\u00e5 regeringens uppdrag och genomf\u00f6rdes i Svenska R\u00f6da korsets namn, under ledning av vice ordf\u00f6rande Folke Bernadotte. Under ett par v\u00e4ldigt dramatiska veckor, fr\u00e5n mitten av mars till b\u00f6rjan av maj 1945, r\u00e4ddades drygt 15\u00a0000 f\u00e5ngar &hellip; <\/p>\n<p><a class=\"more-link btn\" href=\"http:\/\/xn--skuggorfrndetfrflutna-02b01b.se\/?page_id=339\">Forts\u00e4tt l\u00e4sa<\/a><\/p>\n","protected":false},"author":1,"featured_media":0,"parent":0,"menu_order":0,"comment_status":"closed","ping_status":"open","template":"","meta":{"_monsterinsights_skip_tracking":false,"_monsterinsights_sitenote_active":false,"_monsterinsights_sitenote_note":"","_monsterinsights_sitenote_category":0,"footnotes":""},"class_list":["post-339","page","type-page","status-publish","hentry","nodate","item-wrap"],"jetpack_sharing_enabled":true,"_links":{"self":[{"href":"http:\/\/xn--skuggorfrndetfrflutna-02b01b.se\/index.php?rest_route=\/wp\/v2\/pages\/339","targetHints":{"allow":["GET"]}}],"collection":[{"href":"http:\/\/xn--skuggorfrndetfrflutna-02b01b.se\/index.php?rest_route=\/wp\/v2\/pages"}],"about":[{"href":"http:\/\/xn--skuggorfrndetfrflutna-02b01b.se\/index.php?rest_route=\/wp\/v2\/types\/page"}],"author":[{"embeddable":true,"href":"http:\/\/xn--skuggorfrndetfrflutna-02b01b.se\/index.php?rest_route=\/wp\/v2\/users\/1"}],"replies":[{"embeddable":true,"href":"http:\/\/xn--skuggorfrndetfrflutna-02b01b.se\/index.php?rest_route=%2Fwp%2Fv2%2Fcomments&post=339"}],"version-history":[{"count":2,"href":"http:\/\/xn--skuggorfrndetfrflutna-02b01b.se\/index.php?rest_route=\/wp\/v2\/pages\/339\/revisions"}],"predecessor-version":[{"id":3331,"href":"http:\/\/xn--skuggorfrndetfrflutna-02b01b.se\/index.php?rest_route=\/wp\/v2\/pages\/339\/revisions\/3331"}],"wp:attachment":[{"href":"http:\/\/xn--skuggorfrndetfrflutna-02b01b.se\/index.php?rest_route=%2Fwp%2Fv2%2Fmedia&parent=339"}],"curies":[{"name":"wp","href":"https:\/\/api.w.org\/{rel}","templated":true}]}}