{"id":324,"date":"2013-09-11T17:49:41","date_gmt":"2013-09-11T17:49:41","guid":{"rendered":"http:\/\/xn--skuggorfrndetfrflutna-02b01b.se\/?page_id=324"},"modified":"2013-09-11T17:49:41","modified_gmt":"2013-09-11T17:49:41","slug":"jehovas-vittnen","status":"publish","type":"page","link":"http:\/\/xn--skuggorfrndetfrflutna-02b01b.se\/?page_id=324","title":{"rendered":"Jehovas vittnen"},"content":{"rendered":"<p><b>Jehovas vittnen under andra v\u00e4rldskriget<\/b><\/p>\n<p><b><\/b>Det var m\u00e5nga grupper av m\u00e4nniskor som fick lida grovt p\u00e5 grund av nazisternas syn p\u00e5 samh\u00e4llet. En av de grupperna var Jehovas vittne. Jehovas vittnen en slags kristen sekt som uppstod p\u00e5 1870 talet. Alla Jehovas vittnen kan frasen: \u201dNationalsocialismen \u00e4r en r\u00f6relse som direkt tj\u00e4nar m\u00e4nniskans fiende, Dj\u00e4vulen\u201d. \u00c5r 1933 fanns det ca 25 000 Jehovas vittnen i Tyskland.<\/p>\n<p>Alla som var Jehovas vittnen v\u00e4grade uttala h\u00e4lsningsfrasen \u201dHeil Hitler\u201d f\u00f6r att de ans\u00e5g att Hitler ville bli n\u00e5got av en gudssymbol och det tyckte inte Jehovas vittnena om. Barnen fick ocks\u00e5 lida. De fick ofta uts\u00e5 f\u00f6rnedringar i skolan f\u00f6r att de v\u00e4grade g\u00f6ra Hitler-h\u00e4lsningen och sjunga med i de nationalistiska s\u00e5ngerna. Tack vare detta tog det inte l\u00e5ng tid innan nazisterna b\u00f6rjade f\u00f6rf\u00f6lja, trakassera och m\u00f6rda de ocks\u00e5. I b\u00f6rjan av 1939 hade de tyska nazisterna tagit 6 000 Jehovas vittnen till koncentrationsl\u00e4ger eller f\u00e4ngelsen. M\u00e5nga av dem kunde uth\u00e4rda lidandet p\u00e5 grund av deras starka tro. De var \u00f6vertygade om att deras lidande var deras \u201darbete f\u00f6r Gud\u201d.<\/p>\n<p>Wolfgang Kusserow skrev ett brev till sin familj innan han skulle avr\u00e4ttas \u00e5r 1942.\u00a0&#8221;Jag m\u00e5ste nu, som er tredje son och bror och bror l\u00e4mna er i morgon bitti. Var inte ledsna, f\u00f6r den tid skall komma n\u00e4r vi kommer att vara tillsammans igen. Hur stor kommer inte v\u00e5r gl\u00e4dje att bli, n\u00e4r vi alla \u00e4r \u00e5terf\u00f6renade! Nu har vi ryckts ifr\u00e5n varandra, och var och en av oss m\u00e5ste best\u00e5 provet; d\u00e4refter kommer vi att bli bel\u00f6nade.&#8221;<\/p>\n<p>Nazisterna ans\u00e5g att deras heliga skrift var den mest samh\u00e4llsomst\u00f6rtande av alla b\u00f6cker. M\u00e5nga troende m\u00f6rdades p\u00e5 plats bara f\u00f6r att de hade sm\u00e5 lappar med bibeltexter i fickorna. Alla f\u00e5ngar i koncentrationsl\u00e4gren hade olika m\u00e4rken p\u00e5 sina uniformer. Jehovas vittnen hade en rosa triangel.<\/p>\n<p>K\u00e4lla: Wikipedia (2012)<\/p>\n<p>Av: Samuel Norgren 9D vt 2012<\/p>\n","protected":false},"excerpt":{"rendered":"<p>Jehovas vittnen under andra v\u00e4rldskriget Det var m\u00e5nga grupper av m\u00e4nniskor som fick lida grovt p\u00e5 grund av nazisternas syn p\u00e5 samh\u00e4llet. En av de grupperna var Jehovas vittne. Jehovas vittnen en slags kristen sekt som uppstod p\u00e5 1870 talet. Alla Jehovas vittnen kan frasen: \u201dNationalsocialismen \u00e4r en r\u00f6relse som direkt tj\u00e4nar m\u00e4nniskans fiende, Dj\u00e4vulen\u201d. &hellip; <\/p>\n<p><a class=\"more-link btn\" href=\"http:\/\/xn--skuggorfrndetfrflutna-02b01b.se\/?page_id=324\">Forts\u00e4tt l\u00e4sa<\/a><\/p>\n","protected":false},"author":1,"featured_media":0,"parent":0,"menu_order":0,"comment_status":"closed","ping_status":"open","template":"","meta":{"_monsterinsights_skip_tracking":false,"_monsterinsights_sitenote_active":false,"_monsterinsights_sitenote_note":"","_monsterinsights_sitenote_category":0,"footnotes":""},"class_list":["post-324","page","type-page","status-publish","hentry","nodate","item-wrap"],"jetpack_sharing_enabled":true,"_links":{"self":[{"href":"http:\/\/xn--skuggorfrndetfrflutna-02b01b.se\/index.php?rest_route=\/wp\/v2\/pages\/324","targetHints":{"allow":["GET"]}}],"collection":[{"href":"http:\/\/xn--skuggorfrndetfrflutna-02b01b.se\/index.php?rest_route=\/wp\/v2\/pages"}],"about":[{"href":"http:\/\/xn--skuggorfrndetfrflutna-02b01b.se\/index.php?rest_route=\/wp\/v2\/types\/page"}],"author":[{"embeddable":true,"href":"http:\/\/xn--skuggorfrndetfrflutna-02b01b.se\/index.php?rest_route=\/wp\/v2\/users\/1"}],"replies":[{"embeddable":true,"href":"http:\/\/xn--skuggorfrndetfrflutna-02b01b.se\/index.php?rest_route=%2Fwp%2Fv2%2Fcomments&post=324"}],"version-history":[{"count":1,"href":"http:\/\/xn--skuggorfrndetfrflutna-02b01b.se\/index.php?rest_route=\/wp\/v2\/pages\/324\/revisions"}],"predecessor-version":[{"id":326,"href":"http:\/\/xn--skuggorfrndetfrflutna-02b01b.se\/index.php?rest_route=\/wp\/v2\/pages\/324\/revisions\/326"}],"wp:attachment":[{"href":"http:\/\/xn--skuggorfrndetfrflutna-02b01b.se\/index.php?rest_route=%2Fwp%2Fv2%2Fmedia&parent=324"}],"curies":[{"name":"wp","href":"https:\/\/api.w.org\/{rel}","templated":true}]}}