{"id":320,"date":"2013-09-11T17:42:14","date_gmt":"2013-09-11T17:42:14","guid":{"rendered":"http:\/\/xn--skuggorfrndetfrflutna-02b01b.se\/?page_id=320"},"modified":"2013-09-11T17:42:14","modified_gmt":"2013-09-11T17:42:14","slug":"frida-s","status":"publish","type":"page","link":"http:\/\/xn--skuggorfrndetfrflutna-02b01b.se\/?page_id=320","title":{"rendered":"Frida S"},"content":{"rendered":"<p><span style=\"font-size: 13px;\">Frida S f\u00f6ddes den 25 mars \u00e5r 1924 i Maramorsiget, Rum\u00e4nien. Hon uppfostrades i sitt hem utav sin mor Helena S och sin far Majer s. Frida S hade fem br\u00f6der och tv\u00e5 systrar.<\/span><\/p>\n<p>Frida S uppfostrades som sagt i sitt f\u00f6r\u00e4ldrahem utav sin mor och far. Hennes far jobbade som k\u00f6pman och hennes mor var i hemmet. Frida S gick fyra \u00e5r i folkskola, d\u00e4refter hj\u00e4lpte hon till i hemmet. Hon bek\u00e4nde den mosaiska l\u00e4ran men hade ingen s\u00e4rskild politisk inst\u00e4llning, och har inte tillh\u00f6rt n\u00e5gon politisk organisation enligt polisf\u00f6rh\u00f6ret.<\/p>\n<p>P\u00e5 grund av att hon var judinna blev hon arresterad den 15 maj 1944 och f\u00f6rd till koncentrationsl\u00e4gret Auschwitz i Polen tillsammans med sin mor, far och fyra utav sina syskon. D\u00e4r sysselsattes Frida S med att gr\u00e4va skyttegravar. Efter tio m\u00e5nader, allts\u00e5 i mars 1945 f\u00f6rdes Frida S till Bergen-Belsen d\u00e4r hon var tills engelsm\u00e4nnen kom f\u00f6r att r\u00e4dda alla f\u00e5ngar, d\u00e5 p\u00e5 grund utav att hon var tyfus smittad f\u00f6rflyttades hon till ett sjukhus i Bergen. D\u00e4rifr\u00e5n flyttades hon troligen den 10 juli 1945 till Sverige genom r\u00f6da korset.<\/p>\n<p>Frida S ankom till Malm\u00f6 14 juli 1945 som koncentrationsl\u00e4ger f\u00e5nge. Hon blev till delad registreringsnummer: 4507, utav svenska myndigheterna. I slutet utav augusti kom Frida S till \u00d6rebro, i \u00d6rebro fick Frida S en anst\u00e4llning hos AB Pomo Fruktindustri, d\u00e4r hon tj\u00e4nade 49;90 per vecka.<\/p>\n<p>K\u00e4lla: Dossier Statens utl\u00e4nningskommission, Riksarkivet<\/p>\n<p>Av: Samuel Norgren 9D vt 2012<\/p>\n","protected":false},"excerpt":{"rendered":"<p>Frida S f\u00f6ddes den 25 mars \u00e5r 1924 i Maramorsiget, Rum\u00e4nien. Hon uppfostrades i sitt hem utav sin mor Helena S och sin far Majer s. Frida S hade fem br\u00f6der och tv\u00e5 systrar. Frida S uppfostrades som sagt i sitt f\u00f6r\u00e4ldrahem utav sin mor och far. Hennes far jobbade som k\u00f6pman och hennes mor &hellip; <\/p>\n<p><a class=\"more-link btn\" href=\"http:\/\/xn--skuggorfrndetfrflutna-02b01b.se\/?page_id=320\">Forts\u00e4tt l\u00e4sa<\/a><\/p>\n","protected":false},"author":1,"featured_media":0,"parent":0,"menu_order":0,"comment_status":"closed","ping_status":"open","template":"","meta":{"_monsterinsights_skip_tracking":false,"_monsterinsights_sitenote_active":false,"_monsterinsights_sitenote_note":"","_monsterinsights_sitenote_category":0,"footnotes":""},"class_list":["post-320","page","type-page","status-publish","hentry","nodate","item-wrap"],"jetpack_sharing_enabled":true,"_links":{"self":[{"href":"http:\/\/xn--skuggorfrndetfrflutna-02b01b.se\/index.php?rest_route=\/wp\/v2\/pages\/320","targetHints":{"allow":["GET"]}}],"collection":[{"href":"http:\/\/xn--skuggorfrndetfrflutna-02b01b.se\/index.php?rest_route=\/wp\/v2\/pages"}],"about":[{"href":"http:\/\/xn--skuggorfrndetfrflutna-02b01b.se\/index.php?rest_route=\/wp\/v2\/types\/page"}],"author":[{"embeddable":true,"href":"http:\/\/xn--skuggorfrndetfrflutna-02b01b.se\/index.php?rest_route=\/wp\/v2\/users\/1"}],"replies":[{"embeddable":true,"href":"http:\/\/xn--skuggorfrndetfrflutna-02b01b.se\/index.php?rest_route=%2Fwp%2Fv2%2Fcomments&post=320"}],"version-history":[{"count":1,"href":"http:\/\/xn--skuggorfrndetfrflutna-02b01b.se\/index.php?rest_route=\/wp\/v2\/pages\/320\/revisions"}],"predecessor-version":[{"id":322,"href":"http:\/\/xn--skuggorfrndetfrflutna-02b01b.se\/index.php?rest_route=\/wp\/v2\/pages\/320\/revisions\/322"}],"wp:attachment":[{"href":"http:\/\/xn--skuggorfrndetfrflutna-02b01b.se\/index.php?rest_route=%2Fwp%2Fv2%2Fmedia&parent=320"}],"curies":[{"name":"wp","href":"https:\/\/api.w.org\/{rel}","templated":true}]}}