{"id":317,"date":"2013-09-11T17:38:31","date_gmt":"2013-09-11T17:38:31","guid":{"rendered":"http:\/\/xn--skuggorfrndetfrflutna-02b01b.se\/?page_id=317"},"modified":"2013-09-11T17:38:31","modified_gmt":"2013-09-11T17:38:31","slug":"ravensbruck","status":"publish","type":"page","link":"http:\/\/xn--skuggorfrndetfrflutna-02b01b.se\/?page_id=317","title":{"rendered":"Ravensbr\u00fcck"},"content":{"rendered":"<p>Ravensbr\u00fcck var ett koncentrationsl\u00e4ger som l\u00e5g i \u00f6stra Tyskland endast f\u00f6r kvinnor och dom f\u00f6rsta f\u00e5ngarna togs emot i maj 1939. Ravensbr\u00fcck var aktivt fram till krigsslutet och totalt dog 90000 f\u00e5ngar i l\u00e4gret. De bestod av olika kategorier \u2013 politiska f\u00e5ngar, judar, romer, Jehovas vittnen m.fl. \u2013 och kom fr\u00e5n m\u00e5nga olika l\u00e4nder. Om man inte r\u00e4knar med f\u00f6rintelsel\u00e4gren s\u00e5 var Ravensbr\u00fcck det l\u00e4ger som hade h\u00f6gst d\u00f6dsprocent. I slutet av 1939 fanns omkring 2\u00a0000 kvinnor i Ravensbr\u00fcck och i slutet av 1942 n\u00e4rmare 11\u00a0000. 1944 fanns det om kring 27000 kvinnor i huvudl\u00e4gret .\u00a0 F\u00f6rutom huvudl\u00e4gret s\u00e5 byggdes 34stycken \u201dunderl\u00e4ger\u201d vilket inneb\u00e4r att de \u00e4r mindre l\u00e4ger runt huvudl\u00e4gret. 1941 byggdes ett underl\u00e4ger som var f\u00f6r utbildade m\u00e4n som hade yrket snickare, elektriker, murare och r\u00f6rmokare. Detta var yrken som de kvinnliga f\u00e5ngarna inte hade n\u00e5gra kunskaper i och allts\u00e5 fick m\u00e4nnen utf\u00f6ra dom jobben. F\u00e5ngarna p\u00e5 Ravensbr\u00fcck fick jobba ofta 12 timmar per dag och fick d\u00e5ligt med mat de jobbade inom krigsindustrin med att t.ex. tillverka ammunition<\/p>\n<p>P\u00e5 grund av att Ravensbr\u00fcck var ett l\u00e4ger f\u00f6r kvinnor s\u00e5 var det \u00e4ven mycket barn d\u00e4r. Sm\u00e5 barn kom med sina mammor fr\u00e5n de arresterades och s\u00e5 kom det ocks\u00e5 m\u00e5nga gravida kvinnor. Dom gravida kvinnorna vart tvungna att g\u00f6ra abort till en b\u00f6rjan men senare fick dom f\u00f6ljf\u00f6lja sina graviditeter och f\u00f6rda sina barn, men endast en dag efter f\u00f6rlossningen s\u00e5 vart dom tvingade att b\u00f6rja arbeta igen. De flesta barnen dog pga. att ingen kunde ta hand om dom och att dom inte fick n\u00e5gon mat eftersom mammorna vart s\u00e5 undern\u00e4rda. Uppskattningsvis s\u00e5 f\u00f6ddes ungef\u00e4r 800-900 barn i l\u00e4gren.<\/p>\n<p>Det var b\u00e5de m\u00e4n och kvinnor som var l\u00e4gerpersonal i Ravensbr\u00fcck inom koncentrationsl\u00e4geromr\u00e5det. Det fanns \u00e4ven ett utbildningsl\u00e4ger f\u00f6r kvinnliga SS-vakter. D\u00e4r utbildades ungef\u00e4r 3500 kvinnliga vakter, som sedan tj\u00e4nstgjorde i olika Tyska l\u00e4ger.<\/p>\n<p>K\u00e4llor:\u00a0<span style=\"text-decoration: underline;\">http:\/\/www.levandehistoria.se\/forintelsen\/fakta\/Ravensbruck och\u00a0<\/span>wikipedia.org s\u00f6kord: ravensbr\u00fcck (2012)<\/p>\n<p>Av: Markus Andersson 9D vt 2012<\/p>\n","protected":false},"excerpt":{"rendered":"<p>Ravensbr\u00fcck var ett koncentrationsl\u00e4ger som l\u00e5g i \u00f6stra Tyskland endast f\u00f6r kvinnor och dom f\u00f6rsta f\u00e5ngarna togs emot i maj 1939. Ravensbr\u00fcck var aktivt fram till krigsslutet och totalt dog 90000 f\u00e5ngar i l\u00e4gret. De bestod av olika kategorier \u2013 politiska f\u00e5ngar, judar, romer, Jehovas vittnen m.fl. \u2013 och kom fr\u00e5n m\u00e5nga olika l\u00e4nder. Om &hellip; <\/p>\n<p><a class=\"more-link btn\" href=\"http:\/\/xn--skuggorfrndetfrflutna-02b01b.se\/?page_id=317\">Forts\u00e4tt l\u00e4sa<\/a><\/p>\n","protected":false},"author":1,"featured_media":0,"parent":0,"menu_order":0,"comment_status":"closed","ping_status":"open","template":"","meta":{"_monsterinsights_skip_tracking":false,"_monsterinsights_sitenote_active":false,"_monsterinsights_sitenote_note":"","_monsterinsights_sitenote_category":0,"footnotes":""},"class_list":["post-317","page","type-page","status-publish","hentry","nodate","item-wrap"],"jetpack_sharing_enabled":true,"_links":{"self":[{"href":"http:\/\/xn--skuggorfrndetfrflutna-02b01b.se\/index.php?rest_route=\/wp\/v2\/pages\/317","targetHints":{"allow":["GET"]}}],"collection":[{"href":"http:\/\/xn--skuggorfrndetfrflutna-02b01b.se\/index.php?rest_route=\/wp\/v2\/pages"}],"about":[{"href":"http:\/\/xn--skuggorfrndetfrflutna-02b01b.se\/index.php?rest_route=\/wp\/v2\/types\/page"}],"author":[{"embeddable":true,"href":"http:\/\/xn--skuggorfrndetfrflutna-02b01b.se\/index.php?rest_route=\/wp\/v2\/users\/1"}],"replies":[{"embeddable":true,"href":"http:\/\/xn--skuggorfrndetfrflutna-02b01b.se\/index.php?rest_route=%2Fwp%2Fv2%2Fcomments&post=317"}],"version-history":[{"count":1,"href":"http:\/\/xn--skuggorfrndetfrflutna-02b01b.se\/index.php?rest_route=\/wp\/v2\/pages\/317\/revisions"}],"predecessor-version":[{"id":319,"href":"http:\/\/xn--skuggorfrndetfrflutna-02b01b.se\/index.php?rest_route=\/wp\/v2\/pages\/317\/revisions\/319"}],"wp:attachment":[{"href":"http:\/\/xn--skuggorfrndetfrflutna-02b01b.se\/index.php?rest_route=%2Fwp%2Fv2%2Fmedia&parent=317"}],"curies":[{"name":"wp","href":"https:\/\/api.w.org\/{rel}","templated":true}]}}