{"id":302,"date":"2013-09-11T17:25:47","date_gmt":"2013-09-11T17:25:47","guid":{"rendered":"http:\/\/xn--skuggorfrndetfrflutna-02b01b.se\/?page_id=302"},"modified":"2013-09-18T18:57:37","modified_gmt":"2013-09-18T18:57:37","slug":"miriam-w-b","status":"publish","type":"page","link":"http:\/\/xn--skuggorfrndetfrflutna-02b01b.se\/?page_id=302","title":{"rendered":"Miriam W-B"},"content":{"rendered":"<p style=\"text-align: left;\" align=\"right\">Miriam W. f\u00f6ddes den 30 januari 1923 i Lodz, Polen. Hon v\u00e4xte upp i Lodz tillsammans med sina f\u00f6r\u00e4ldrar, Isaac Mayer B. och Esther-Rachel L. B. och sina 5 syskon. Hon hade 4 systrar och en bror, hennes syster Rivkha-Leah hade \u00e4ven en egen son. \u00a0I n\u00e4rheten bodde \u00e4ven Miriams morbror och hans familj.\u00a0Pappan, Majer, var tj\u00e4nsteman i Lodz och mamman, Estera, var hemmafru. Miriam gick sex \u00e5r i grundskola och tre \u00e5r i gymnasium, men hann aldrig g\u00e5 ut sista \u00e5ret innan kriget b\u00f6rjade.<\/p>\n<p>I februari \u00e5r 1940 var hela familjen tvungen att flytta till Lodz getto, samma m\u00e5nad \u2013 den 29 februari &#8211; blev Miriams pappa arresterad och kom aldrig hem igen. Hennes syster Dwora f\u00f6rsvann ocks\u00e5 hon sp\u00e5rl\u00f6st, \u00e5r 1943. I gettot hade Miriam ingen m\u00f6jlighet att g\u00e5 klart skolan, hon jobbade ist\u00e4llet p\u00e5 ett kontor.<\/p>\n<p>\u00c5r 1944 f\u00f6rdes de \u00e5terst\u00e5ende i familjen till koncentrationsl\u00e4gret Auschwitz, d\u00e4r de skiljdes \u00e5t och Miriam s\u00e5g dem f\u00f6r sista g\u00e5ngen. I Auschwitz var hon endast 12 dagar, innan hon f\u00f6rdes till arbetsl\u00e4gret Kristianstadt i n\u00e4rheten av Berlin. Arbetet hon var tvungen att utf\u00f6ra i l\u00e4gret var att lasta grus p\u00e5 j\u00e4rnv\u00e4gsvagnar.<\/p>\n<p>Efter ett halv\u00e5r i Kristianstadt var hon, tillsammans med tusen andra personer, tvungen att g\u00e5 till fots till Bergen-Belsen. Denna vandring tog ca 6 veckor och vid framkomsten \u00e5terstod endast 54 av de 1 000 m\u00e4nniskorna, resten hade d\u00f6tt p\u00e5 v\u00e4gen.\u00a0Om man hamnade efter blev man skjuten eller s\u00e5 dog man av utmattning, dessa marscher blev kallade f\u00f6r d\u00f6dsmarscher.\u00a0 I Bergen-Belsen var hon tills engelsm\u00e4nnen befriade l\u00e4gret, d\u00e5 f\u00f6rdes hon till Bergen och blev inlagd p\u00e5 sjukhus pga. tyfus.<\/p>\n<p>I juli 1945 befriades hon och f\u00f6rdes med f\u00e4rja till Sverige av Svenska R\u00f6da korset. N\u00e4r hon kom till Malm\u00f6 den 15 juli 1945 hade hon ingen legitimation och inga pengar, hon fick 10 kr fr\u00e5n Polska legationen och 10 kr fr\u00e5n Mosaiska (judiska) F\u00f6reningen i Stockholm.<\/p>\n<p>I Malm\u00f6 blev hon inlagd p\u00e5 lungkliniken i fyra veckor, 21 augusti 1945 f\u00f6rdes hon till beredskapssjukhuset i \u00d6rebro, d\u00e4r hon konstaterades som frisk av l\u00e4karen Olle Ottander den 12 oktober. Den 12 december (?) hon till Malm\u00f6 och s\u00f6kte arbete som fabriksarbeterska och b\u00f6rjade jobba p\u00e5 en skofabrik i Malm\u00f6 d\u00e4r hon fick 45:- i veckan sedan fick hon jobb p\u00e5 ett kontor i Malm\u00f6 och fick 308:- i m\u00e5naden i l\u00f6n.<\/p>\n<p>1947 ans\u00f6kte hon om polskt pass f\u00f6r att kunna \u00e5ka till Polen men sj\u00e4lva ans\u00f6kan om att flytta till Polen nekades d\u00e5 man trodde att de skulle smuggla saker in till Polen ist\u00e4llet f\u00f6r att hj\u00e4lpa till att bygga upp st\u00e4derna.\u00a0Senare gjorde Miriam 2 resor tillbaka till Polen, innan hon flyttade till Israel. Hon gjorde sedan en resa tillbaka till Sverige, innan hon flyttade till USA. Man kan anta att hon gifte sig i d\u00e4r, eftersom hon i de senare dokumenten \u00e4ndrat sitt efternamn till Wohlmuth.\u00a0En av Miriams systrar som \u00f6verlevde, som ocks\u00e5 f\u00f6ljde med till Sverige, stannade kvar h\u00e4r.<\/p>\n<p>&nbsp;<\/p>\n<p>K\u00e4lla: Dossier Statens utl\u00e4nningskommission, Riksarkivet<\/p>\n<p>Av: Lisa \u00c5sberg klass 9D och Lisa Cesar 9F vt 2012<\/p>\n","protected":false},"excerpt":{"rendered":"<p>Miriam W. f\u00f6ddes den 30 januari 1923 i Lodz, Polen. Hon v\u00e4xte upp i Lodz tillsammans med sina f\u00f6r\u00e4ldrar, Isaac Mayer B. och Esther-Rachel L. B. och sina 5 syskon. Hon hade 4 systrar och en bror, hennes syster Rivkha-Leah hade \u00e4ven en egen son. \u00a0I n\u00e4rheten bodde \u00e4ven Miriams morbror och hans familj.\u00a0Pappan, Majer, &hellip; <\/p>\n<p><a class=\"more-link btn\" href=\"http:\/\/xn--skuggorfrndetfrflutna-02b01b.se\/?page_id=302\">Forts\u00e4tt l\u00e4sa<\/a><\/p>\n","protected":false},"author":1,"featured_media":0,"parent":0,"menu_order":0,"comment_status":"closed","ping_status":"open","template":"","meta":{"_monsterinsights_skip_tracking":false,"_monsterinsights_sitenote_active":false,"_monsterinsights_sitenote_note":"","_monsterinsights_sitenote_category":0,"footnotes":""},"class_list":["post-302","page","type-page","status-publish","hentry","nodate","item-wrap"],"jetpack_sharing_enabled":true,"_links":{"self":[{"href":"http:\/\/xn--skuggorfrndetfrflutna-02b01b.se\/index.php?rest_route=\/wp\/v2\/pages\/302","targetHints":{"allow":["GET"]}}],"collection":[{"href":"http:\/\/xn--skuggorfrndetfrflutna-02b01b.se\/index.php?rest_route=\/wp\/v2\/pages"}],"about":[{"href":"http:\/\/xn--skuggorfrndetfrflutna-02b01b.se\/index.php?rest_route=\/wp\/v2\/types\/page"}],"author":[{"embeddable":true,"href":"http:\/\/xn--skuggorfrndetfrflutna-02b01b.se\/index.php?rest_route=\/wp\/v2\/users\/1"}],"replies":[{"embeddable":true,"href":"http:\/\/xn--skuggorfrndetfrflutna-02b01b.se\/index.php?rest_route=%2Fwp%2Fv2%2Fcomments&post=302"}],"version-history":[{"count":3,"href":"http:\/\/xn--skuggorfrndetfrflutna-02b01b.se\/index.php?rest_route=\/wp\/v2\/pages\/302\/revisions"}],"predecessor-version":[{"id":607,"href":"http:\/\/xn--skuggorfrndetfrflutna-02b01b.se\/index.php?rest_route=\/wp\/v2\/pages\/302\/revisions\/607"}],"wp:attachment":[{"href":"http:\/\/xn--skuggorfrndetfrflutna-02b01b.se\/index.php?rest_route=%2Fwp%2Fv2%2Fmedia&parent=302"}],"curies":[{"name":"wp","href":"https:\/\/api.w.org\/{rel}","templated":true}]}}