{"id":299,"date":"2013-09-11T17:23:47","date_gmt":"2013-09-11T17:23:47","guid":{"rendered":"http:\/\/xn--skuggorfrndetfrflutna-02b01b.se\/?page_id=299"},"modified":"2013-09-12T19:33:21","modified_gmt":"2013-09-12T19:33:21","slug":"plaszowlagret","status":"publish","type":"page","link":"http:\/\/xn--skuggorfrndetfrflutna-02b01b.se\/?page_id=299","title":{"rendered":"Plaszowl\u00e4gret"},"content":{"rendered":"<p>Plaszow var till en b\u00f6rjan ett slags f\u00e4ngelsel\u00e4ger f\u00f6r Judiska arbetare i omr\u00e5det f\u00f6r staden Krakow i s\u00f6dra Polen. 1944 uppr\u00e4ttades l\u00e4gret till ett koncentrationsl\u00e4ger, som existerade i ett \u00e5r. Planerna f\u00f6r koncentrationsl\u00e4gret p\u00e5b\u00f6rjades redan i Juni\/Juli 1942 i f\u00f6ljd av massdeporteringarna fr\u00e5n Krakau getto till f\u00f6rintelsel\u00e4gret Belzec.<\/p>\n<p>L\u00e4gret var indelat i flera sektioner. En f\u00f6r tyska personalen, en f\u00f6r fabriksanl\u00e4ggningarna , en f\u00f6r m\u00e4n och en f\u00f6r kvinnor. L\u00e4gret inneh\u00f6ll en h\u00f6g m\u00e4ngd Judiska kvinnor och barn, i j\u00e4mf\u00f6relse till andra l\u00e4ger. Bland de tusentals judar som kom till Plaszow i Mars 1943, var ca 65 procent m\u00e4n. Transporter fr\u00e5n Ungern till l\u00e4gret bestod till stor del av kvinnor, vilket m\u00f6jligen har bidragit till den st\u00f6rre m\u00e4ngden kvinnor i l\u00e4gret.<\/p>\n<p>I arbetsl\u00e4gret varierade arbetsf\u00f6rh\u00e5llanden. Inom textilarbetet var det inte lika farligt som att arbeta i stenbrottet, d\u00e4r m\u00e4nnen fick arbeta till totalutmattning, vilket kunde resultera med d\u00f6den. De v\u00e4rsta med just Plaszow var massavr\u00e4ttningarna och det vanliga v\u00e5ldet som vakterna anv\u00e4nde d\u00e4r. Misshandel utf\u00f6rd av vakter, antingen spontant eller som bestraffning, skedde n\u00e4stan dagligen i Plaszow-l\u00e4gret.<\/p>\n<p>I augusti-september 1944 best\u00e4mde sig l\u00e4grets ledarskap att radera alla sp\u00e5r av vad som skett i l\u00e4gret. Det \u00e4r inte s\u00e4kert, men m\u00f6jligt, om detta var en organiserad plan inom ramen av \u201dSonderkommando 1005\u201d, d\u00e4r Judiska f\u00e5ngar fick arbeta med att gr\u00e4va upp kroppar fr\u00e5n massgravar och sedan br\u00e4nna dem. Denna fruktansv\u00e4rda uppgift p\u00e5gick till mitten av oktober-m\u00e5nad.<\/p>\n<p>N\u00e4r R\u00f6da Arm\u00e9n n\u00e4rmade sig l\u00e4gret i Juni 1944, b\u00f6rjade man deportera f\u00e5ngarna till l\u00e4gret Auschwitz. Den st\u00f6rta deporteringen dit, fr\u00e5n Plaszow, skedde den 6 Augusti, d\u00e5 man deporterade mellan 7 500 och 8 000 Judar. Man deporterade dagen efter ca 5 000 Judiska kvinnor med ursprung fr\u00e5n Ungern till Stutthof, i norra Polen. 14 januari 1945 evakuerade man de sista 623 f\u00e5ngarna till Auschwitz, detta samma dag som R\u00f6da Arm\u00e9n n\u00e5dde Plaszow. Endast 180 f\u00e5ngar n\u00e5dde Auschwitz.<\/p>\n<p>K\u00e4lla: Wikipedia (2012) och www.levandehistoria.se<\/p>\n<p>Av: Jesper Johansson 9D<\/p>\n","protected":false},"excerpt":{"rendered":"<p>Plaszow var till en b\u00f6rjan ett slags f\u00e4ngelsel\u00e4ger f\u00f6r Judiska arbetare i omr\u00e5det f\u00f6r staden Krakow i s\u00f6dra Polen. 1944 uppr\u00e4ttades l\u00e4gret till ett koncentrationsl\u00e4ger, som existerade i ett \u00e5r. Planerna f\u00f6r koncentrationsl\u00e4gret p\u00e5b\u00f6rjades redan i Juni\/Juli 1942 i f\u00f6ljd av massdeporteringarna fr\u00e5n Krakau getto till f\u00f6rintelsel\u00e4gret Belzec. L\u00e4gret var indelat i flera sektioner. En &hellip; <\/p>\n<p><a class=\"more-link btn\" href=\"http:\/\/xn--skuggorfrndetfrflutna-02b01b.se\/?page_id=299\">Forts\u00e4tt l\u00e4sa<\/a><\/p>\n","protected":false},"author":1,"featured_media":0,"parent":0,"menu_order":0,"comment_status":"closed","ping_status":"open","template":"","meta":{"_monsterinsights_skip_tracking":false,"_monsterinsights_sitenote_active":false,"_monsterinsights_sitenote_note":"","_monsterinsights_sitenote_category":0,"footnotes":""},"class_list":["post-299","page","type-page","status-publish","hentry","nodate","item-wrap"],"jetpack_sharing_enabled":true,"_links":{"self":[{"href":"http:\/\/xn--skuggorfrndetfrflutna-02b01b.se\/index.php?rest_route=\/wp\/v2\/pages\/299","targetHints":{"allow":["GET"]}}],"collection":[{"href":"http:\/\/xn--skuggorfrndetfrflutna-02b01b.se\/index.php?rest_route=\/wp\/v2\/pages"}],"about":[{"href":"http:\/\/xn--skuggorfrndetfrflutna-02b01b.se\/index.php?rest_route=\/wp\/v2\/types\/page"}],"author":[{"embeddable":true,"href":"http:\/\/xn--skuggorfrndetfrflutna-02b01b.se\/index.php?rest_route=\/wp\/v2\/users\/1"}],"replies":[{"embeddable":true,"href":"http:\/\/xn--skuggorfrndetfrflutna-02b01b.se\/index.php?rest_route=%2Fwp%2Fv2%2Fcomments&post=299"}],"version-history":[{"count":3,"href":"http:\/\/xn--skuggorfrndetfrflutna-02b01b.se\/index.php?rest_route=\/wp\/v2\/pages\/299\/revisions"}],"predecessor-version":[{"id":415,"href":"http:\/\/xn--skuggorfrndetfrflutna-02b01b.se\/index.php?rest_route=\/wp\/v2\/pages\/299\/revisions\/415"}],"wp:attachment":[{"href":"http:\/\/xn--skuggorfrndetfrflutna-02b01b.se\/index.php?rest_route=%2Fwp%2Fv2%2Fmedia&parent=299"}],"curies":[{"name":"wp","href":"https:\/\/api.w.org\/{rel}","templated":true}]}}