{"id":296,"date":"2013-09-11T17:02:02","date_gmt":"2013-09-11T17:02:02","guid":{"rendered":"http:\/\/xn--skuggorfrndetfrflutna-02b01b.se\/?page_id=296"},"modified":"2014-02-10T10:10:24","modified_gmt":"2014-02-10T10:10:24","slug":"bilder-da-och-nu-3","status":"publish","type":"page","link":"http:\/\/xn--skuggorfrndetfrflutna-02b01b.se\/?page_id=296","title":{"rendered":"Platserna &#8211; bilder d\u00e5 och nu"},"content":{"rendered":"<p><!--[if gte vml 1]><v:group id=\"_x0000_s1029\" style='position:absolute;\nmargin-left:63.05pt;margin-top:81.05pt;width:424.55pt;height:265.45pt;\nz-index:251658240' coordorigin=\"1411,1846\" coordsize=\"8491,5309\">\n<v:shapetype id=\"_x0000_t75\" coordsize=\"21600,21600\" o:spt=\"75\"\no:preferrelative=\"t\" path=\"m@4@5l@4@11@9@11@9@5xe\" filled=\"f\" stroked=\"f\">\n<v:stroke joinstyle=\"miter\"\/>\n<v:formulas>\n<v:f eqn=\"if lineDrawn pixelLineWidth 0\"\/>\n<v:f eqn=\"sum @0 1 0\"\/>\n<v:f eqn=\"sum 0 0 @1\"\/>\n<v:f eqn=\"prod @2 1 2\"\/>\n<v:f eqn=\"prod @3 21600 pixelWidth\"\/>\n<v:f eqn=\"prod @3 21600 pixelHeight\"\/>\n<v:f eqn=\"sum @0 0 1\"\/>\n<v:f eqn=\"prod @6 1 2\"\/>\n<v:f eqn=\"prod @7 21600 pixelWidth\"\/>\n<v:f eqn=\"sum @8 21600 0\"\/>\n<v:f eqn=\"prod @7 21600 pixelHeight\"\/>\n<v:f eqn=\"sum @10 21600 0\"\/>\n<\/v:formulas>\n<v:path o:extrusionok=\"f\" gradientshapeok=\"t\" o:connecttype=\"rect\"\/>\n<o:lock v:ext=\"edit\" aspectratio=\"t\"\/>\n<\/v:shapetype><v:shape id=\"_x0000_s1030\" type=\"#_x0000_t75\" style='position:absolute;\nleft:1411;top:1846;width:8491;height:5309'>\n<v:imagedata src=\"file:\/\/\/C:\\Users\\Enok\\AppData\\Local\\Temp\\msohtmlclip1\\01\\clip_image001.jpg\"\no:title=\"Engelbrektskolan\"\/>\n<\/v:shape><v:oval id=\"_x0000_s1031\" style='position:absolute;left:1666;top:2775;\nwidth:4215;height:3420' strokecolor=\"red\">\n<v:fill opacity=\"0\"\/>\n<\/v:oval><\/v:group><![endif]--><!--[if !vml]-->H\u00e4r finns olika fotografier fr\u00e5n platser som h\u00f6r ihop med kvinnorna. Bilden nedan visar skolg\u00e5rden p\u00e5 Engelbrektsskolan som gjordes om till beredskapssjukhus.<\/p>\n<p>Den autentiska platsen \u00e4r ur pedagogisk h\u00e4nsyn mycket intressant. Vilka historiska lager finns p\u00e5 platsen?\u00a0\u00a0De autentiska platsen erbjuder ocks\u00e5 m\u00f6jligheter att kritiskt granska de olika lagren? Vad finns kvar? Hur kan andra k\u00e4llor kopplas till platsen? Hur p\u00e5verkas elevernas motivation och synen p\u00e5 sitt lokalsamh\u00e4lle?<\/p>\n<p>Tanken \u00e4r ocks\u00e5 att eleverna h\u00e4r kan h\u00e4mta bilder fr\u00e5n olika platser som de sedan kan anv\u00e4nda i sina egna texter.<\/p>\n<p><a href=\"http:\/\/xn--skuggorfrndetfrflutna-02b01b.se\/wp-content\/uploads\/2013\/09\/skanna0001.jpg\"><img loading=\"lazy\" decoding=\"async\" class=\"alignnone size-large wp-image-476\" alt=\"skanna0001\" src=\"http:\/\/xn--skuggorfrndetfrflutna-02b01b.se\/wp-content\/uploads\/2013\/09\/skanna0001-1024x757.jpg\" width=\"1024\" height=\"757\" srcset=\"http:\/\/xn--skuggorfrndetfrflutna-02b01b.se\/wp-content\/uploads\/2013\/09\/skanna0001-1024x757.jpg 1024w, http:\/\/xn--skuggorfrndetfrflutna-02b01b.se\/wp-content\/uploads\/2013\/09\/skanna0001-300x221.jpg 300w\" sizes=\"auto, (max-width: 1024px) 100vw, 1024px\" \/><\/a><\/p>\n<p>Bildk\u00e4lla: Nerikes Allehanda<\/p>\n<p>&nbsp;<\/p>\n<p><!--[endif]--><\/p>\n","protected":false},"excerpt":{"rendered":"<p>H\u00e4r finns olika fotografier fr\u00e5n platser som h\u00f6r ihop med kvinnorna. Bilden nedan visar skolg\u00e5rden p\u00e5 Engelbrektsskolan som gjordes om till beredskapssjukhus. Den autentiska platsen \u00e4r ur pedagogisk h\u00e4nsyn mycket intressant. Vilka historiska lager finns p\u00e5 platsen?\u00a0\u00a0De autentiska platsen erbjuder ocks\u00e5 m\u00f6jligheter att kritiskt granska de olika lagren? Vad finns kvar? Hur kan andra k\u00e4llor &hellip; <\/p>\n<p><a class=\"more-link btn\" href=\"http:\/\/xn--skuggorfrndetfrflutna-02b01b.se\/?page_id=296\">Forts\u00e4tt l\u00e4sa<\/a><\/p>\n","protected":false},"author":1,"featured_media":0,"parent":0,"menu_order":0,"comment_status":"closed","ping_status":"open","template":"","meta":{"_monsterinsights_skip_tracking":false,"_monsterinsights_sitenote_active":false,"_monsterinsights_sitenote_note":"","_monsterinsights_sitenote_category":0,"footnotes":""},"class_list":["post-296","page","type-page","status-publish","hentry","nodate","item-wrap"],"jetpack_sharing_enabled":true,"_links":{"self":[{"href":"http:\/\/xn--skuggorfrndetfrflutna-02b01b.se\/index.php?rest_route=\/wp\/v2\/pages\/296","targetHints":{"allow":["GET"]}}],"collection":[{"href":"http:\/\/xn--skuggorfrndetfrflutna-02b01b.se\/index.php?rest_route=\/wp\/v2\/pages"}],"about":[{"href":"http:\/\/xn--skuggorfrndetfrflutna-02b01b.se\/index.php?rest_route=\/wp\/v2\/types\/page"}],"author":[{"embeddable":true,"href":"http:\/\/xn--skuggorfrndetfrflutna-02b01b.se\/index.php?rest_route=\/wp\/v2\/users\/1"}],"replies":[{"embeddable":true,"href":"http:\/\/xn--skuggorfrndetfrflutna-02b01b.se\/index.php?rest_route=%2Fwp%2Fv2%2Fcomments&post=296"}],"version-history":[{"count":12,"href":"http:\/\/xn--skuggorfrndetfrflutna-02b01b.se\/index.php?rest_route=\/wp\/v2\/pages\/296\/revisions"}],"predecessor-version":[{"id":989,"href":"http:\/\/xn--skuggorfrndetfrflutna-02b01b.se\/index.php?rest_route=\/wp\/v2\/pages\/296\/revisions\/989"}],"wp:attachment":[{"href":"http:\/\/xn--skuggorfrndetfrflutna-02b01b.se\/index.php?rest_route=%2Fwp%2Fv2%2Fmedia&parent=296"}],"curies":[{"name":"wp","href":"https:\/\/api.w.org\/{rel}","templated":true}]}}