{"id":2903,"date":"2016-07-02T15:25:25","date_gmt":"2016-07-02T15:25:25","guid":{"rendered":"http:\/\/skugg.wopsa.se\/?page_id=2903"},"modified":"2016-07-02T15:25:25","modified_gmt":"2016-07-02T15:25:25","slug":"rosie-n","status":"publish","type":"page","link":"http:\/\/xn--skuggorfrndetfrflutna-02b01b.se\/?page_id=2903","title":{"rendered":"Rosie N"},"content":{"rendered":"<p style=\"text-align: justify;\">Rosie f\u00f6ddes den 30\/3 \u2013 1918 i Saloniki, Grekland. Hon var uppv\u00e4xt tillsamman med sin mor Rachel som var hemmafru, sin far Salomon som jobbade som k\u00f6pman och sin syster Ren\u00e9e. Rosie var uppfostrad i f\u00f6r\u00e4ldrahemmet och har g\u00e5tt 9 klasser i gymnasiet. I b\u00f6rjan av kriget i Grekland anst\u00e4lldes hon som elev hos en aff\u00e4rsman, som hon senare blev kass\u00f6rska hos.<\/p>\n<p style=\"text-align: justify;\">I mars 1944 blev hon och hennes familj bortf\u00f6rda av tyska ockupationsmyndigheterna till ett l\u00e4ger utanf\u00f6r Aten p\u00e5 grund av deras judiska tro och bakrund. 11 maj f\u00f6rdes de sedan vidare till Auschwitz. D\u00e4r Rosie fick numret 77016 in tatuerat p\u00e5 underarmen. Rosies far var mycket sjuk och dog d\u00e4r. Hennes mor blev bortf\u00f6rd 1944 till en ok\u00e4nd plats. Rosie och hennes syster stannade i Auschwitz till januari 1945 d\u00e5 hon och hennes syster f\u00f6rdes vidare till Bergen- Belsen. D\u00e4r befann de sig n\u00e4r de befriades av engelska trupper den 12 april 1945. Hon och hennes syster anl\u00e4nder till Malm\u00f6 som &#8221;repatriandi&#8221; den 28\/6 1945. Med repatriandi menades att personen skulle komma till Sverige, tillfriskna och sedan \u00e5terv\u00e4nda till hemlandet.<\/p>\n<p style=\"text-align: justify;\">Den 29 juli 1945 anl\u00e4nde Rosie till beredskap sjukhuset, Engelbrektsskolan p\u00e5 Mogatan 7 i \u00d6rebro. D\u00e4r stannade hon till den 20 augusti 1945, d\u00e5 hon frisk f\u00f6rklarades. I \u00d6rebro fick Rosie jobb som fabriksarbeterska p\u00e5 vadd- och yllefabriken p\u00e5 S\u00f6rbyv\u00e4gen 20. D\u00e4r var l\u00f6nen var 45 kr i veckan.<\/p>\n<p style=\"text-align: justify;\">F\u00f6rmodligen \u00e5terv\u00e4nder hon till Grekland den 1 augusti 1946 i s\u00e4llskap med sin syster. Troligtvis med b\u00e5t genom G\u00f6teborg.<\/p>\n<p style=\"text-align: justify;\">K\u00e4lla: Dossier Statens utl\u00e4nningskommission, Riksarkivet<\/p>\n<p style=\"text-align: justify;\">Elvira 9A vt 2016<\/p>\n","protected":false},"excerpt":{"rendered":"<p>Rosie f\u00f6ddes den 30\/3 \u2013 1918 i Saloniki, Grekland. Hon var uppv\u00e4xt tillsamman med sin mor Rachel som var hemmafru, sin far Salomon som jobbade som k\u00f6pman och sin syster Ren\u00e9e. Rosie var uppfostrad i f\u00f6r\u00e4ldrahemmet och har g\u00e5tt 9 klasser i gymnasiet. I b\u00f6rjan av kriget i Grekland anst\u00e4lldes hon som elev hos en &hellip; <\/p>\n<p><a class=\"more-link btn\" href=\"http:\/\/xn--skuggorfrndetfrflutna-02b01b.se\/?page_id=2903\">Forts\u00e4tt l\u00e4sa<\/a><\/p>\n","protected":false},"author":1,"featured_media":0,"parent":0,"menu_order":0,"comment_status":"closed","ping_status":"closed","template":"","meta":{"_monsterinsights_skip_tracking":false,"_monsterinsights_sitenote_active":false,"_monsterinsights_sitenote_note":"","_monsterinsights_sitenote_category":0,"footnotes":""},"class_list":["post-2903","page","type-page","status-publish","hentry","nodate","item-wrap"],"jetpack_sharing_enabled":true,"_links":{"self":[{"href":"http:\/\/xn--skuggorfrndetfrflutna-02b01b.se\/index.php?rest_route=\/wp\/v2\/pages\/2903","targetHints":{"allow":["GET"]}}],"collection":[{"href":"http:\/\/xn--skuggorfrndetfrflutna-02b01b.se\/index.php?rest_route=\/wp\/v2\/pages"}],"about":[{"href":"http:\/\/xn--skuggorfrndetfrflutna-02b01b.se\/index.php?rest_route=\/wp\/v2\/types\/page"}],"author":[{"embeddable":true,"href":"http:\/\/xn--skuggorfrndetfrflutna-02b01b.se\/index.php?rest_route=\/wp\/v2\/users\/1"}],"replies":[{"embeddable":true,"href":"http:\/\/xn--skuggorfrndetfrflutna-02b01b.se\/index.php?rest_route=%2Fwp%2Fv2%2Fcomments&post=2903"}],"version-history":[{"count":1,"href":"http:\/\/xn--skuggorfrndetfrflutna-02b01b.se\/index.php?rest_route=\/wp\/v2\/pages\/2903\/revisions"}],"predecessor-version":[{"id":2905,"href":"http:\/\/xn--skuggorfrndetfrflutna-02b01b.se\/index.php?rest_route=\/wp\/v2\/pages\/2903\/revisions\/2905"}],"wp:attachment":[{"href":"http:\/\/xn--skuggorfrndetfrflutna-02b01b.se\/index.php?rest_route=%2Fwp%2Fv2%2Fmedia&parent=2903"}],"curies":[{"name":"wp","href":"https:\/\/api.w.org\/{rel}","templated":true}]}}