{"id":290,"date":"2013-09-11T16:46:36","date_gmt":"2013-09-11T16:46:36","guid":{"rendered":"http:\/\/xn--skuggorfrndetfrflutna-02b01b.se\/?page_id=290"},"modified":"2014-02-08T18:51:30","modified_gmt":"2014-02-08T18:51:30","slug":"de-avlidna","status":"publish","type":"page","link":"http:\/\/xn--skuggorfrndetfrflutna-02b01b.se\/?page_id=290","title":{"rendered":"De som dog"},"content":{"rendered":"<p><strong>P\u00e5 Norra kyrkog\u00e5rden, \u00d6rebro:<\/strong><\/p>\n<p>Anna Chlebowa \u00a0 \u00a0 \u00a0 \u00a0 \u00a0 1870 &#8211; 1945<\/p>\n<p>Cecylia Fiszlak \u00a0 \u00a0 \u00a0 \u00a0 \u00a0 \u00a0 1896 &#8211; 1945<\/p>\n<p>Julianna Kaminska \u00a0 1882 &#8211; 1946<\/p>\n<p>Irene Rybak \u00a0 \u00a0 \u00a0 \u00a0 \u00a0 \u00a0 \u00a0 \u00a0 1897 &#8211; 1947<\/p>\n<p><strong>Avlidna snart efter ankomst men gravplats ok\u00e4nd.<\/strong><\/p>\n<p>Anna Zauner \u00a0 \u00a0 \u00a0 \u00a0 \u00a0 \u00a0 \u00a0 \u00a01892 &#8211; 1945<\/p>\n<p>Maria Mencel \u00a0 \u00a0 \u00a0 \u00a0 \u00a0 \u00a0 \u00a0 1892 &#8211; 1946<\/p>\n<p>Sarolta Berkowitz \u00a0 \u00a0 \u00a0 \u00a01915 &#8211; 1946<\/p>\n<p>Mirijam Schwartz \u00a0 \u00a0 \u00a0 \u00a01910 &#8211; 1947<\/p>\n","protected":false},"excerpt":{"rendered":"<p>P\u00e5 Norra kyrkog\u00e5rden, \u00d6rebro: Anna Chlebowa \u00a0 \u00a0 \u00a0 \u00a0 \u00a0 1870 &#8211; 1945 Cecylia Fiszlak \u00a0 \u00a0 \u00a0 \u00a0 \u00a0 \u00a0 1896 &#8211; 1945 Julianna Kaminska \u00a0 1882 &#8211; 1946 Irene Rybak \u00a0 \u00a0 \u00a0 \u00a0 \u00a0 \u00a0 \u00a0 \u00a0 1897 &#8211; 1947 Avlidna snart efter ankomst men gravplats ok\u00e4nd. Anna Zauner \u00a0 \u00a0 &hellip; <\/p>\n<p><a class=\"more-link btn\" href=\"http:\/\/xn--skuggorfrndetfrflutna-02b01b.se\/?page_id=290\">Forts\u00e4tt l\u00e4sa<\/a><\/p>\n","protected":false},"author":1,"featured_media":0,"parent":0,"menu_order":0,"comment_status":"closed","ping_status":"open","template":"","meta":{"_monsterinsights_skip_tracking":false,"_monsterinsights_sitenote_active":false,"_monsterinsights_sitenote_note":"","_monsterinsights_sitenote_category":0,"footnotes":""},"class_list":["post-290","page","type-page","status-publish","hentry","nodate","item-wrap"],"jetpack_sharing_enabled":true,"_links":{"self":[{"href":"http:\/\/xn--skuggorfrndetfrflutna-02b01b.se\/index.php?rest_route=\/wp\/v2\/pages\/290","targetHints":{"allow":["GET"]}}],"collection":[{"href":"http:\/\/xn--skuggorfrndetfrflutna-02b01b.se\/index.php?rest_route=\/wp\/v2\/pages"}],"about":[{"href":"http:\/\/xn--skuggorfrndetfrflutna-02b01b.se\/index.php?rest_route=\/wp\/v2\/types\/page"}],"author":[{"embeddable":true,"href":"http:\/\/xn--skuggorfrndetfrflutna-02b01b.se\/index.php?rest_route=\/wp\/v2\/users\/1"}],"replies":[{"embeddable":true,"href":"http:\/\/xn--skuggorfrndetfrflutna-02b01b.se\/index.php?rest_route=%2Fwp%2Fv2%2Fcomments&post=290"}],"version-history":[{"count":4,"href":"http:\/\/xn--skuggorfrndetfrflutna-02b01b.se\/index.php?rest_route=\/wp\/v2\/pages\/290\/revisions"}],"predecessor-version":[{"id":886,"href":"http:\/\/xn--skuggorfrndetfrflutna-02b01b.se\/index.php?rest_route=\/wp\/v2\/pages\/290\/revisions\/886"}],"wp:attachment":[{"href":"http:\/\/xn--skuggorfrndetfrflutna-02b01b.se\/index.php?rest_route=%2Fwp%2Fv2%2Fmedia&parent=290"}],"curies":[{"name":"wp","href":"https:\/\/api.w.org\/{rel}","templated":true}]}}