{"id":2874,"date":"2016-07-02T13:45:08","date_gmt":"2016-07-02T13:45:08","guid":{"rendered":"http:\/\/skugg.wopsa.se\/?page_id=2874"},"modified":"2016-07-02T13:45:08","modified_gmt":"2016-07-02T13:45:08","slug":"eva-g","status":"publish","type":"page","link":"http:\/\/xn--skuggorfrndetfrflutna-02b01b.se\/?page_id=2874","title":{"rendered":"Eva G"},"content":{"rendered":"<p style=\"text-align: justify;\">Eva f\u00f6ddes den 22 augusti 1925 i Kosice i Tjeckolsovakien. Hon var dotter till handelsresanden Adolf Gr\u00fcn som f\u00f6ddes en 31 december 1938. Hennes mamma hette Gizela och f\u00f6dd i efternamnet Trattner, hon f\u00f6ddes den 7 augusti 1908. Eva hade ocks\u00e5 4 syskon, en syster och tre br\u00f6der. Eva uppfostrades i f\u00f6r\u00e4ldrar hemmet, och har g\u00e5tt 5 \u00e5r i folkskola sedan tre och ett halvt \u00e5r i gymnasium efter det l\u00e4ste hon ocks\u00e5 ett och ett halvt \u00e5r privat.<\/p>\n<p style=\"text-align: justify;\">Den 21 maj arresterades familjen p\u00e5 grund av deras judiska tro. Alla arresterades och f\u00f6rdes till Auschwitz, f\u00f6rutom ena brodern f\u00f6r att han var soldat i den ungerska arm\u00e9n mot Ryssland.\u00a0F\u00f6rst f\u00f6rdes Eva till koncentrationsl\u00e4gret Auschwitz den 21 maj med familjen, d\u00e4r var hon i 9 veckor. Sedan f\u00f6rdes hon vidare till ett arbetsl\u00e4ger i Hunsfeld i n\u00e4rheten av Breslau, d\u00e4r arbetade hon i en ammunitions-fabrik. Ett halv\u00e5r senare f\u00f6rdes hon till Gross Rosen, sedan till Matthausen och till sist Bergen-Belsen.\u00a0Hon blev utsl\u00e4ppt genom svenska R\u00f6da korset och f\u00f6rde dem till Malm\u00f6 den 8 juli 1945.<\/p>\n<p style=\"text-align: justify;\"><span id=\"more-2623\"><\/span>Vad som h\u00e4nde med Evas familj vet man inte s\u00e5 mycket om, f\u00f6rutom att systern och en av hennes br\u00f6der \u00e5terv\u00e4nde till hemstaden Kosice enligt brev hon f\u00e5tt av dem.\u00a0Eva kom till Sverige 8 juli 1945 d\u00e5 hon kom till Malm\u00f6 sedan efter det \u00e5kte hon till \u00d6rebro d\u00e5 hon kom till beredskapssjukhuset.\u00a0Hon blev friskf\u00f6rklarad den 21 november 1945 d\u00e5 beredskapssjukhuset beslutade det. Efter det blev hon kvar i Sverige och blev skofabriksarbeterska i skofabrik Skandia i \u00d6rebro, d\u00e4r tj\u00e4nade hon runt 45 kr i veckan.<\/p>\n<p style=\"text-align: justify;\">En plan i hon hade inf\u00f6r framtiden var att \u00e5ka tillbaka till hemstaden i Tjeckoslovakien s\u00e5 snart som m\u00f6jligt. Tills dess vill hon jobba i \u00d6rebro som hon gjorde. Hon \u00e5kte inte tillbaka dit f\u00f6r hon hade skaffat sig ett bra liv h\u00e4r i Sverige med sin man. Hon gifte sig med elektrikern Leif G\u00f6te Rickard R\u00e5hlen den 31 december 1948, d\u00e4r med blev hon svenskmedborgare.<\/p>\n<p style=\"text-align: justify;\">K\u00e4lla: Dossier Statens utl\u00e4nningskommission, Riksarkivet<\/p>\n<p style=\"text-align: justify;\">Sandra 9A vt 2016<\/p>\n","protected":false},"excerpt":{"rendered":"<p>Eva f\u00f6ddes den 22 augusti 1925 i Kosice i Tjeckolsovakien. Hon var dotter till handelsresanden Adolf Gr\u00fcn som f\u00f6ddes en 31 december 1938. Hennes mamma hette Gizela och f\u00f6dd i efternamnet Trattner, hon f\u00f6ddes den 7 augusti 1908. Eva hade ocks\u00e5 4 syskon, en syster och tre br\u00f6der. Eva uppfostrades i f\u00f6r\u00e4ldrar hemmet, och har &hellip; <\/p>\n<p><a class=\"more-link btn\" href=\"http:\/\/xn--skuggorfrndetfrflutna-02b01b.se\/?page_id=2874\">Forts\u00e4tt l\u00e4sa<\/a><\/p>\n","protected":false},"author":1,"featured_media":0,"parent":0,"menu_order":0,"comment_status":"closed","ping_status":"closed","template":"","meta":{"_monsterinsights_skip_tracking":false,"_monsterinsights_sitenote_active":false,"_monsterinsights_sitenote_note":"","_monsterinsights_sitenote_category":0,"footnotes":""},"class_list":["post-2874","page","type-page","status-publish","hentry","nodate","item-wrap"],"jetpack_sharing_enabled":true,"_links":{"self":[{"href":"http:\/\/xn--skuggorfrndetfrflutna-02b01b.se\/index.php?rest_route=\/wp\/v2\/pages\/2874","targetHints":{"allow":["GET"]}}],"collection":[{"href":"http:\/\/xn--skuggorfrndetfrflutna-02b01b.se\/index.php?rest_route=\/wp\/v2\/pages"}],"about":[{"href":"http:\/\/xn--skuggorfrndetfrflutna-02b01b.se\/index.php?rest_route=\/wp\/v2\/types\/page"}],"author":[{"embeddable":true,"href":"http:\/\/xn--skuggorfrndetfrflutna-02b01b.se\/index.php?rest_route=\/wp\/v2\/users\/1"}],"replies":[{"embeddable":true,"href":"http:\/\/xn--skuggorfrndetfrflutna-02b01b.se\/index.php?rest_route=%2Fwp%2Fv2%2Fcomments&post=2874"}],"version-history":[{"count":1,"href":"http:\/\/xn--skuggorfrndetfrflutna-02b01b.se\/index.php?rest_route=\/wp\/v2\/pages\/2874\/revisions"}],"predecessor-version":[{"id":2876,"href":"http:\/\/xn--skuggorfrndetfrflutna-02b01b.se\/index.php?rest_route=\/wp\/v2\/pages\/2874\/revisions\/2876"}],"wp:attachment":[{"href":"http:\/\/xn--skuggorfrndetfrflutna-02b01b.se\/index.php?rest_route=%2Fwp%2Fv2%2Fmedia&parent=2874"}],"curies":[{"name":"wp","href":"https:\/\/api.w.org\/{rel}","templated":true}]}}