{"id":2864,"date":"2016-07-02T13:33:37","date_gmt":"2016-07-02T13:33:37","guid":{"rendered":"http:\/\/skugg.wopsa.se\/?page_id=2864"},"modified":"2016-07-02T13:33:37","modified_gmt":"2016-07-02T13:33:37","slug":"lodz","status":"publish","type":"page","link":"http:\/\/xn--skuggorfrndetfrflutna-02b01b.se\/?page_id=2864","title":{"rendered":"Lodz"},"content":{"rendered":"<p style=\"text-align: justify;\">Lodz getto var ett judiskt getto som ligger i staden Lodz, Polen. Lodz var de n\u00e4st st\u00f6rsta gettot i det Nazityskland ockuperade Polen. 8 februari 1940 b\u00f6rjade judarna i Lodz f\u00f6ras till Lodz getto. Totalt 205 000 judar passerade gettot och som mest bodde 164 000 m\u00e4nniskor d\u00e4r samtidigt. Judarna anv\u00e4ndes som arbetskraft i fabrikerna f\u00f6r den tyska industrin. I fabrikerna tillverkades bland annat uniformer och skor till tyska soldater. Det fanns \u00e4ven sjukhus och skolor f\u00f6r barnen. Ingen extra mat eller andra varor kunde smugglas in utifr\u00e5n eftersom gettot var helt isolerat fr\u00e5n omv\u00e4rlden, vilket gjorde Lodz gettot ett av de absolut fattigaste.<\/p>\n<p style=\"text-align: justify;\">Eftersom ingen fick g\u00e5 in eller ut ur gettot kunde man inte f\u00e5 n\u00e5n kontakt med den nationella polska motst\u00e5ndsr\u00f6relsen utanf\u00f6r. Enda kontakten man fick var radios\u00e4ndningar d\u00e5 en underjordisk grupp i gettot byggt egna mottagare som kunde ta emot radios\u00e4ndningar vilket blev den enda informationen fr\u00e5n omv\u00e4rlden. Gruppen avsl\u00f6jades av tyskarna och avr\u00e4ttades.<\/p>\n<p style=\"text-align: justify;\"><span id=\"more-2638\"><\/span>Under 1941 deporterades m\u00e5nga judar till olika arbetsl\u00e4ger. I januari 1942 deporterades judarna till f\u00f6rintelsel\u00e4gret Chelmno. Totalt \u00a0 \u00a075 000 judar s\u00e4ndes till gaskamrarna i Chelmno under 1942. Inga mer deportationer skedde under 1942-1944. Men i maj 1944 deporterades omkring 70 000 judar till Auchwitz-birkenau. H\u00e4lften av de kvarst\u00e5ende 1200 judar skickades till arbetsl\u00e4ger och resten st\u00e4ngdes in i f\u00e4ngelseliknande byggnad. De sistn\u00e4mnda befriades av sovjetiska trupper den 19 januari 1945.<\/p>\n<p style=\"text-align: justify;\">Isabella 9A, vt 16<\/p>\n","protected":false},"excerpt":{"rendered":"<p>Lodz getto var ett judiskt getto som ligger i staden Lodz, Polen. Lodz var de n\u00e4st st\u00f6rsta gettot i det Nazityskland ockuperade Polen. 8 februari 1940 b\u00f6rjade judarna i Lodz f\u00f6ras till Lodz getto. Totalt 205 000 judar passerade gettot och som mest bodde 164 000 m\u00e4nniskor d\u00e4r samtidigt. Judarna anv\u00e4ndes som arbetskraft i fabrikerna &hellip; <\/p>\n<p><a class=\"more-link btn\" href=\"http:\/\/xn--skuggorfrndetfrflutna-02b01b.se\/?page_id=2864\">Forts\u00e4tt l\u00e4sa<\/a><\/p>\n","protected":false},"author":1,"featured_media":0,"parent":0,"menu_order":0,"comment_status":"closed","ping_status":"closed","template":"","meta":{"_monsterinsights_skip_tracking":false,"_monsterinsights_sitenote_active":false,"_monsterinsights_sitenote_note":"","_monsterinsights_sitenote_category":0,"footnotes":""},"class_list":["post-2864","page","type-page","status-publish","hentry","nodate","item-wrap"],"jetpack_sharing_enabled":true,"_links":{"self":[{"href":"http:\/\/xn--skuggorfrndetfrflutna-02b01b.se\/index.php?rest_route=\/wp\/v2\/pages\/2864","targetHints":{"allow":["GET"]}}],"collection":[{"href":"http:\/\/xn--skuggorfrndetfrflutna-02b01b.se\/index.php?rest_route=\/wp\/v2\/pages"}],"about":[{"href":"http:\/\/xn--skuggorfrndetfrflutna-02b01b.se\/index.php?rest_route=\/wp\/v2\/types\/page"}],"author":[{"embeddable":true,"href":"http:\/\/xn--skuggorfrndetfrflutna-02b01b.se\/index.php?rest_route=\/wp\/v2\/users\/1"}],"replies":[{"embeddable":true,"href":"http:\/\/xn--skuggorfrndetfrflutna-02b01b.se\/index.php?rest_route=%2Fwp%2Fv2%2Fcomments&post=2864"}],"version-history":[{"count":1,"href":"http:\/\/xn--skuggorfrndetfrflutna-02b01b.se\/index.php?rest_route=\/wp\/v2\/pages\/2864\/revisions"}],"predecessor-version":[{"id":2866,"href":"http:\/\/xn--skuggorfrndetfrflutna-02b01b.se\/index.php?rest_route=\/wp\/v2\/pages\/2864\/revisions\/2866"}],"wp:attachment":[{"href":"http:\/\/xn--skuggorfrndetfrflutna-02b01b.se\/index.php?rest_route=%2Fwp%2Fv2%2Fmedia&parent=2864"}],"curies":[{"name":"wp","href":"https:\/\/api.w.org\/{rel}","templated":true}]}}