{"id":2861,"date":"2016-07-02T13:32:07","date_gmt":"2016-07-02T13:32:07","guid":{"rendered":"http:\/\/skugg.wopsa.se\/?page_id=2861"},"modified":"2016-07-02T13:32:07","modified_gmt":"2016-07-02T13:32:07","slug":"mania-f","status":"publish","type":"page","link":"http:\/\/xn--skuggorfrndetfrflutna-02b01b.se\/?page_id=2861","title":{"rendered":"Mania F"},"content":{"rendered":"<p>Mania f\u00f6ddes den 27 maj 1900 i Lodz, Polen. Hennes pappa Hercka Judka Schmulewiecz f\u00f6ddes 1873 och hans hustru Rachem (Chaja) f\u00f6ddes 1873. Mania hade \u00e4ven tv\u00e5 systrar. Mania var utbildad sjuksk\u00f6terska och hade \u00e4ven det som yrke. P\u00e5 grund av sin judiska b\u00f6rd blev hon arresterad och skickad till Auschwitz 17 juli 1944 d\u00e4r hon hela tiden tj\u00e4nstgjorde som sjuksk\u00f6terska. I november 1944 skickades hon till Bergen-Belsen d\u00e4r hon jobbade som \u00f6versk\u00f6terska p\u00e5 sjukhuset. D\u00e4r var hon till ungef\u00e4r den 9 juli 1945 d\u00e5 hon blev utsl\u00e4ppt pch f\u00f6rdes till Sverige som repatriandi. Tack vare svenska r\u00f6da korsets f\u00f6rsorg kom hon till Sverige i mitten av juli 1945. Mania var utan familj under hela resan. Hennes f\u00f6r\u00e4ldrar och systrar var i Palestina. Hennes son var borta och hon var fr\u00e5nskild fr\u00e5n sin man sedan 1923.<\/p>\n<p>Platser Mania var p\u00e5 fr\u00e5n att hon kom till Sverige var f\u00f6rst i Malm\u00f6 d\u00e4r hon var p\u00e5 kommunala flickskolan i lund fr\u00e5n 12 juli 1945. Fr\u00e5n 7 augusti var hon p\u00e5 kirurgen C i lund. Tillslut n\u00e4r hon kommit till \u00d6rebro var hon p\u00e5 Matteus skolan fr\u00e5n den 21 augusti. N\u00e4r hon kom till Sverige v\u00e4gde hon 50 kg och n\u00e4r hon l\u00e4mna Sverige v\u00e4gen hon 70 kg.<\/p>\n<p><span id=\"more-2635\"><\/span>I \u00d6rebro jobbade hon som hembitr\u00e4de hos k\u00f6pman Josef Katzin d\u00e4r hon \u00e4ven bodde, p\u00e5 Drottninggatan 32. L\u00f6nen var 60 kr i m\u00e5naden. Hennes framtidsplaner var att \u00e5ka till Palestina och h\u00e4lsa p\u00e5 sin familj. Problemet var att hon inte hade ett pass men s\u00e5 fort som hon fick passet skulle hon l\u00e4mna Sverige. 15 april 1946 l\u00e4mnar hon l\u00e4mnar hon Sverige och \u00e5ker till Palestina.<\/p>\n<p>K\u00e4llor: Dossier Statens utl\u00e4nningskommission, Riksarkivet<\/p>\n<p>Isabella 9a vt 2016<\/p>\n","protected":false},"excerpt":{"rendered":"<p>Mania f\u00f6ddes den 27 maj 1900 i Lodz, Polen. Hennes pappa Hercka Judka Schmulewiecz f\u00f6ddes 1873 och hans hustru Rachem (Chaja) f\u00f6ddes 1873. Mania hade \u00e4ven tv\u00e5 systrar. Mania var utbildad sjuksk\u00f6terska och hade \u00e4ven det som yrke. P\u00e5 grund av sin judiska b\u00f6rd blev hon arresterad och skickad till Auschwitz 17 juli 1944 d\u00e4r &hellip; <\/p>\n<p><a class=\"more-link btn\" href=\"http:\/\/xn--skuggorfrndetfrflutna-02b01b.se\/?page_id=2861\">Forts\u00e4tt l\u00e4sa<\/a><\/p>\n","protected":false},"author":1,"featured_media":0,"parent":0,"menu_order":0,"comment_status":"closed","ping_status":"closed","template":"","meta":{"_monsterinsights_skip_tracking":false,"_monsterinsights_sitenote_active":false,"_monsterinsights_sitenote_note":"","_monsterinsights_sitenote_category":0,"footnotes":""},"class_list":["post-2861","page","type-page","status-publish","hentry","nodate","item-wrap"],"jetpack_sharing_enabled":true,"_links":{"self":[{"href":"http:\/\/xn--skuggorfrndetfrflutna-02b01b.se\/index.php?rest_route=\/wp\/v2\/pages\/2861","targetHints":{"allow":["GET"]}}],"collection":[{"href":"http:\/\/xn--skuggorfrndetfrflutna-02b01b.se\/index.php?rest_route=\/wp\/v2\/pages"}],"about":[{"href":"http:\/\/xn--skuggorfrndetfrflutna-02b01b.se\/index.php?rest_route=\/wp\/v2\/types\/page"}],"author":[{"embeddable":true,"href":"http:\/\/xn--skuggorfrndetfrflutna-02b01b.se\/index.php?rest_route=\/wp\/v2\/users\/1"}],"replies":[{"embeddable":true,"href":"http:\/\/xn--skuggorfrndetfrflutna-02b01b.se\/index.php?rest_route=%2Fwp%2Fv2%2Fcomments&post=2861"}],"version-history":[{"count":1,"href":"http:\/\/xn--skuggorfrndetfrflutna-02b01b.se\/index.php?rest_route=\/wp\/v2\/pages\/2861\/revisions"}],"predecessor-version":[{"id":2863,"href":"http:\/\/xn--skuggorfrndetfrflutna-02b01b.se\/index.php?rest_route=\/wp\/v2\/pages\/2861\/revisions\/2863"}],"wp:attachment":[{"href":"http:\/\/xn--skuggorfrndetfrflutna-02b01b.se\/index.php?rest_route=%2Fwp%2Fv2%2Fmedia&parent=2861"}],"curies":[{"name":"wp","href":"https:\/\/api.w.org\/{rel}","templated":true}]}}