{"id":2855,"date":"2016-07-02T13:29:05","date_gmt":"2016-07-02T13:29:05","guid":{"rendered":"http:\/\/skugg.wopsa.se\/?page_id=2855"},"modified":"2016-07-02T13:29:05","modified_gmt":"2016-07-02T13:29:05","slug":"etel-k","status":"publish","type":"page","link":"http:\/\/xn--skuggorfrndetfrflutna-02b01b.se\/?page_id=2855","title":{"rendered":"Etel K"},"content":{"rendered":"<p style=\"text-align: justify;\">Etel K f\u00f6ddes 1919 i Tiszaujlak i Ungern. Hennes pappa hette Marton och hennes mamma hette Regina. Hon hade \u00e4ven sex stycken br\u00f6der. Familjen var judisk. B\u00e5da f\u00f6r\u00e4ldrarna var f\u00f6dda 1885. Etel har genomg\u00e5tt en \u00e5tta\u00e5rig elementarskola. N\u00e4r hon var klar med skolan l\u00e4rde hon sig att sy p\u00e5 en syatelj\u00e9. Efter att hon hade l\u00e4rt sig att sy b\u00f6rjade hon jobba som s\u00f6mmerska.<\/p>\n<p style=\"text-align: justify;\">P\u00e5 grund av att hon var judinna s\u00e5 blev hon sommaren 1944 arresterad och f\u00f6rd till koncentrationsl\u00e4gret Auschwitz i Polen. Etel fick numret 12528 intatuerat p\u00e5 underarmen. Efter 6 m\u00e5nader i Auschwitz blev hon f\u00f6rd till ett arbetsl\u00e4ger i Braunschweig. Hon var \u00e4ven i flera olika mindre l\u00e4ger. Etel vet inte vad som vad som har h\u00e4nt med hennes familj.<\/p>\n<p style=\"text-align: justify;\">P\u00e5 sommaren 1945 n\u00e4r R\u00f6da korset kom och r\u00e4ddade v\u00e4gde Etel 52 kilo. Hon hade \u00e4ven flera olika sjukdomar. Hon l\u00e5g inlagt p\u00e5 beredskapssjukhuset men blev friskf\u00f6rklarad sj\u00e4tte augusti. D\u00e5 hade hon g\u00e5tt upp tio kilo och v\u00e4gde allts\u00e5 62 kilo. Efter hennes friskf\u00f6rklaring b\u00f6rjar hon \u00e4ven jobba p\u00e5 ett centrallasarett som sjukv\u00e5rdsbitr\u00e4de. Hon fick 83 kronor i m\u00e5naden. Etel \u00f6nskade att f\u00e5 stanna i Sverige (helst \u00d6rebro) f\u00f6r att f\u00e5 ett bra jobb.<\/p>\n<p style=\"text-align: justify;\">K\u00e4lla: Dossier Statens utl\u00e4nningskommission, Riksarkivet<\/p>\n<p style=\"text-align: justify;\">Viktor 9A vt 2016<\/p>\n","protected":false},"excerpt":{"rendered":"<p>Etel K f\u00f6ddes 1919 i Tiszaujlak i Ungern. Hennes pappa hette Marton och hennes mamma hette Regina. Hon hade \u00e4ven sex stycken br\u00f6der. Familjen var judisk. B\u00e5da f\u00f6r\u00e4ldrarna var f\u00f6dda 1885. Etel har genomg\u00e5tt en \u00e5tta\u00e5rig elementarskola. N\u00e4r hon var klar med skolan l\u00e4rde hon sig att sy p\u00e5 en syatelj\u00e9. Efter att hon hade &hellip; <\/p>\n<p><a class=\"more-link btn\" href=\"http:\/\/xn--skuggorfrndetfrflutna-02b01b.se\/?page_id=2855\">Forts\u00e4tt l\u00e4sa<\/a><\/p>\n","protected":false},"author":1,"featured_media":0,"parent":0,"menu_order":0,"comment_status":"closed","ping_status":"closed","template":"","meta":{"_monsterinsights_skip_tracking":false,"_monsterinsights_sitenote_active":false,"_monsterinsights_sitenote_note":"","_monsterinsights_sitenote_category":0,"footnotes":""},"class_list":["post-2855","page","type-page","status-publish","hentry","nodate","item-wrap"],"jetpack_sharing_enabled":true,"_links":{"self":[{"href":"http:\/\/xn--skuggorfrndetfrflutna-02b01b.se\/index.php?rest_route=\/wp\/v2\/pages\/2855","targetHints":{"allow":["GET"]}}],"collection":[{"href":"http:\/\/xn--skuggorfrndetfrflutna-02b01b.se\/index.php?rest_route=\/wp\/v2\/pages"}],"about":[{"href":"http:\/\/xn--skuggorfrndetfrflutna-02b01b.se\/index.php?rest_route=\/wp\/v2\/types\/page"}],"author":[{"embeddable":true,"href":"http:\/\/xn--skuggorfrndetfrflutna-02b01b.se\/index.php?rest_route=\/wp\/v2\/users\/1"}],"replies":[{"embeddable":true,"href":"http:\/\/xn--skuggorfrndetfrflutna-02b01b.se\/index.php?rest_route=%2Fwp%2Fv2%2Fcomments&post=2855"}],"version-history":[{"count":1,"href":"http:\/\/xn--skuggorfrndetfrflutna-02b01b.se\/index.php?rest_route=\/wp\/v2\/pages\/2855\/revisions"}],"predecessor-version":[{"id":2857,"href":"http:\/\/xn--skuggorfrndetfrflutna-02b01b.se\/index.php?rest_route=\/wp\/v2\/pages\/2855\/revisions\/2857"}],"wp:attachment":[{"href":"http:\/\/xn--skuggorfrndetfrflutna-02b01b.se\/index.php?rest_route=%2Fwp%2Fv2%2Fmedia&parent=2855"}],"curies":[{"name":"wp","href":"https:\/\/api.w.org\/{rel}","templated":true}]}}