{"id":2852,"date":"2016-07-02T13:27:51","date_gmt":"2016-07-02T13:27:51","guid":{"rendered":"http:\/\/skugg.wopsa.se\/?page_id=2852"},"modified":"2016-07-02T13:27:51","modified_gmt":"2016-07-02T13:27:51","slug":"ravensbruck-3","status":"publish","type":"page","link":"http:\/\/xn--skuggorfrndetfrflutna-02b01b.se\/?page_id=2852","title":{"rendered":"Ravensbr\u00fcck"},"content":{"rendered":"<p>Ravensbr\u00fcck var ett koncentrationsl\u00e4ger som l\u00e5g i \u00f6stra Tyskland. L\u00e4gret uppr\u00e4ttades 1938 av SS. De olika grupperna som sattes in d\u00e4r var fr\u00e4mst judar men \u00e4ven politiska f\u00e5ngar och romer. Totalt passerade 132 000 f\u00e5ngar genom l\u00e4gret.<\/p>\n<p>Under sj\u00e4lva huvudl\u00e4gret fanns 24 satellitl\u00e4ger. De flesta bodde i satelitl\u00e4grena. L\u00e4gerpersonalen bestod av b\u00e5de m\u00e4n och kvinnor. I l\u00e4gret fanns \u00e4ven en utbildning f\u00f6r de kvinnor som ville bli SS-vakter. \u201dUtbildningsl\u00e4gret\u201d lyckades bra och utbildade 3 500 som sedan skulle arbeta i diverse tyska l\u00e4ger.\u00a0Kvinnorna fick mycket tuffa arbetsuppgifter och de grejor de tillverkade anv\u00e4ndes inom krigsindustrin. Arbetsdagarna var inte korta, de kunde ibland stiga upp til 12 timmar per dag.<\/p>\n<p>Sommaren 1941 byggdes ett l\u00e4ger f\u00f6r m\u00e4n strax bredvid Ravensbruck. Det byggdes eftersom att kvinnorna inte hade n\u00e5gra kunskaper inom yrken som t.ex. snickare och elektriker.<\/p>\n<p><span id=\"more-2645\"><\/span>Det fanns mycket barn inne i Ravensbr\u00fcck eftersom att kvinnorna tog med de. Runt 800 barn b\u00f6r ha f\u00f6tts i Ravensbr\u00fcck. De barnen l\u00e5g oftast inne i barackerna och fick ingen mat medan deras m\u00f6drar arbetade. Ist\u00e4llet f\u00f6r att leka \u201dmamma, pappa, barn\u201d s\u00e5 lekte l\u00e4gerbarnen \u201df\u00e5ngar och f\u00e5ngvaktare\u201d. Det som h\u00e4nde inne p\u00e5 l\u00e4gret var det enda barnen visste om vuxenliv.<\/p>\n<p>K\u00e4lla: levandehistoria.se<\/p>\n<p>Vincent 9A<\/p>\n","protected":false},"excerpt":{"rendered":"<p>Ravensbr\u00fcck var ett koncentrationsl\u00e4ger som l\u00e5g i \u00f6stra Tyskland. L\u00e4gret uppr\u00e4ttades 1938 av SS. De olika grupperna som sattes in d\u00e4r var fr\u00e4mst judar men \u00e4ven politiska f\u00e5ngar och romer. Totalt passerade 132 000 f\u00e5ngar genom l\u00e4gret. Under sj\u00e4lva huvudl\u00e4gret fanns 24 satellitl\u00e4ger. De flesta bodde i satelitl\u00e4grena. L\u00e4gerpersonalen bestod av b\u00e5de m\u00e4n och kvinnor. &hellip; <\/p>\n<p><a class=\"more-link btn\" href=\"http:\/\/xn--skuggorfrndetfrflutna-02b01b.se\/?page_id=2852\">Forts\u00e4tt l\u00e4sa<\/a><\/p>\n","protected":false},"author":1,"featured_media":0,"parent":0,"menu_order":0,"comment_status":"closed","ping_status":"closed","template":"","meta":{"_monsterinsights_skip_tracking":false,"_monsterinsights_sitenote_active":false,"_monsterinsights_sitenote_note":"","_monsterinsights_sitenote_category":0,"footnotes":""},"class_list":["post-2852","page","type-page","status-publish","hentry","nodate","item-wrap"],"jetpack_sharing_enabled":true,"_links":{"self":[{"href":"http:\/\/xn--skuggorfrndetfrflutna-02b01b.se\/index.php?rest_route=\/wp\/v2\/pages\/2852","targetHints":{"allow":["GET"]}}],"collection":[{"href":"http:\/\/xn--skuggorfrndetfrflutna-02b01b.se\/index.php?rest_route=\/wp\/v2\/pages"}],"about":[{"href":"http:\/\/xn--skuggorfrndetfrflutna-02b01b.se\/index.php?rest_route=\/wp\/v2\/types\/page"}],"author":[{"embeddable":true,"href":"http:\/\/xn--skuggorfrndetfrflutna-02b01b.se\/index.php?rest_route=\/wp\/v2\/users\/1"}],"replies":[{"embeddable":true,"href":"http:\/\/xn--skuggorfrndetfrflutna-02b01b.se\/index.php?rest_route=%2Fwp%2Fv2%2Fcomments&post=2852"}],"version-history":[{"count":1,"href":"http:\/\/xn--skuggorfrndetfrflutna-02b01b.se\/index.php?rest_route=\/wp\/v2\/pages\/2852\/revisions"}],"predecessor-version":[{"id":2854,"href":"http:\/\/xn--skuggorfrndetfrflutna-02b01b.se\/index.php?rest_route=\/wp\/v2\/pages\/2852\/revisions\/2854"}],"wp:attachment":[{"href":"http:\/\/xn--skuggorfrndetfrflutna-02b01b.se\/index.php?rest_route=%2Fwp%2Fv2%2Fmedia&parent=2852"}],"curies":[{"name":"wp","href":"https:\/\/api.w.org\/{rel}","templated":true}]}}