{"id":2849,"date":"2016-07-02T13:27:03","date_gmt":"2016-07-02T13:27:03","guid":{"rendered":"http:\/\/skugg.wopsa.se\/?page_id=2849"},"modified":"2016-07-02T13:38:56","modified_gmt":"2016-07-02T13:38:56","slug":"elisabeth-a","status":"publish","type":"page","link":"http:\/\/xn--skuggorfrndetfrflutna-02b01b.se\/?page_id=2849","title":{"rendered":"Elisabeth A"},"content":{"rendered":"<p style=\"text-align: justify;\">Elisabeth A f\u00f6ddes \u00e5r 1910 i den tjeckiska staden Svinice. Hennes f\u00f6r\u00e4ldrar hette Simon Alexander och Ethel Judith. Far Simon var f\u00f6dd \u00e5r 1872 i Tjeckoslovakien. Han var gods\u00e4gare. Mor Ethel var \u00e5tta \u00e5r \u00e4ldre \u00e4n sin make och f\u00f6ddes faktiskt i Ungern. Elisabeth hade en syster som hette Israal.<\/p>\n<p style=\"text-align: justify;\">Elisabeth blev uppfostrad i f\u00f6r\u00e4ldrahemmet. Hon gick 4 \u00e5r i folkskola och sedan studerade hon 6 \u00e5r p\u00e5 gymnasium. Under hennes gymnasieperiod hamnade far Simon i ekonomisk kris och eftersom att skolan kostade en del pengar s\u00e5 var hon tvungen att sluta sin skolg\u00e5ng. Efter n\u00e5gra \u00e5rs uppeh\u00e5ll b\u00f6rjade hon studera sk\u00f6nhetsv\u00e5rd och det var inom det \u00e4mnet hon arbetade inom. Hon var innehavarinna av en friser-\/sk\u00f6nhetssalong n\u00e4rmare best\u00e4mt.<\/p>\n<p style=\"text-align: justify;\">Den 7:e oktober 1944 kom tyskarna och grep henne. Anledningen: hon var av judisk ras. Hon f\u00f6rdes till koncentrationsl\u00e4gret Ravensbr\u00fcck. Ravensbr\u00fcck var ett kvinnol\u00e4ger som jag ska skriva mer utf\u00f6rligt om i ett annat inl\u00e4gg. Sessionen i Ravensbr\u00fcck blev inte l\u00e5ngvarig. Efter 2 veckor d\u00e4r flyttades hon till arbetsl\u00e4gret i Dortmund. H\u00e4r stannade hon ganska l\u00e4nge innan hon f\u00f6rdes till hennes tredje l\u00e4ger p\u00e5 lite \u00f6ver ett \u00e5r. Detta l\u00e4ger hette Bergen Belsen. Engelsm\u00e4nnen befriade henne och lade henne p\u00e5 sjukhus f\u00f6r v\u00e5rd.\u00a013 juli 1945 blev hon f\u00f6rd mot Sverige med R\u00f6da Korset-bussar. V\u00e4l i Sverige hamnade hon p\u00e5 beredskapssjukhuset i \u00d6rebro. N\u00e4r hon blev inlagd v\u00e4gde hon ungef\u00e4r 40 kilo. Den 10 augusti var hon fullt arbetsf\u00f6r. Hon hade en \u00f6nskan om att forts\u00e4tta jobba med kosmetik\/sk\u00f6nhet. Den \u00f6nskan gick ej i uppfyllelse d\u00e5 hennes f\u00f6rsta jobb var laboratoriebitr\u00e4de p\u00e5 Henrikssons teknik. Hon fick en hyfsad l\u00f6n p\u00e5 46.85 kronor i veckan. Hon bodde p\u00e5 m\u00e5nga olika st\u00e4llen och hade massa andra jobb. Man kan verkligen s\u00e4ga att hon bytte upp sig n\u00e4r det g\u00e4llde jobbet. 1948 blev skofabriksarbeterska och hade en l\u00f6n p\u00e5 150 kronor i veckan<\/p>\n<p style=\"text-align: justify;\"><span id=\"more-2609\"><\/span>En annan \u00f6nskan hon hade var att stanna i Sverige s\u00e5 l\u00e4nge som m\u00f6jligt. Det v\u00e4rsta t\u00e4nkbara var att \u00e5terv\u00e4nda till sitt hemland, Tjeckien. 28 maj 1953 blev hon svensk medborgare. Elisabeth A \u00e4r ett praktexempel p\u00e5 en kvinna som Sverige hj\u00e4lpte efter andra v\u00e4rldskriget. Utan R\u00f6da Korsets insatser s\u00e5 tvivlar jag p\u00e5 att hennes liv hade sett ut som det gjorde. I Sverige fick hon jobb, bostad och kunde leva sitt liv utan n\u00e5gra begr\u00e4nsningar<\/p>\n<p style=\"text-align: justify;\">K\u00e4lla: Dossier Statens utl\u00e4nningskommission, Riksarkivet<\/p>\n<p style=\"text-align: justify;\">Vincent, 9A, vt 2016<\/p>\n","protected":false},"excerpt":{"rendered":"<p>Elisabeth A f\u00f6ddes \u00e5r 1910 i den tjeckiska staden Svinice. Hennes f\u00f6r\u00e4ldrar hette Simon Alexander och Ethel Judith. Far Simon var f\u00f6dd \u00e5r 1872 i Tjeckoslovakien. Han var gods\u00e4gare. Mor Ethel var \u00e5tta \u00e5r \u00e4ldre \u00e4n sin make och f\u00f6ddes faktiskt i Ungern. Elisabeth hade en syster som hette Israal. Elisabeth blev uppfostrad i f\u00f6r\u00e4ldrahemmet. &hellip; <\/p>\n<p><a class=\"more-link btn\" href=\"http:\/\/xn--skuggorfrndetfrflutna-02b01b.se\/?page_id=2849\">Forts\u00e4tt l\u00e4sa<\/a><\/p>\n","protected":false},"author":1,"featured_media":0,"parent":0,"menu_order":0,"comment_status":"closed","ping_status":"closed","template":"","meta":{"_monsterinsights_skip_tracking":false,"_monsterinsights_sitenote_active":false,"_monsterinsights_sitenote_note":"","_monsterinsights_sitenote_category":0,"footnotes":""},"class_list":["post-2849","page","type-page","status-publish","hentry","nodate","item-wrap"],"jetpack_sharing_enabled":true,"_links":{"self":[{"href":"http:\/\/xn--skuggorfrndetfrflutna-02b01b.se\/index.php?rest_route=\/wp\/v2\/pages\/2849","targetHints":{"allow":["GET"]}}],"collection":[{"href":"http:\/\/xn--skuggorfrndetfrflutna-02b01b.se\/index.php?rest_route=\/wp\/v2\/pages"}],"about":[{"href":"http:\/\/xn--skuggorfrndetfrflutna-02b01b.se\/index.php?rest_route=\/wp\/v2\/types\/page"}],"author":[{"embeddable":true,"href":"http:\/\/xn--skuggorfrndetfrflutna-02b01b.se\/index.php?rest_route=\/wp\/v2\/users\/1"}],"replies":[{"embeddable":true,"href":"http:\/\/xn--skuggorfrndetfrflutna-02b01b.se\/index.php?rest_route=%2Fwp%2Fv2%2Fcomments&post=2849"}],"version-history":[{"count":2,"href":"http:\/\/xn--skuggorfrndetfrflutna-02b01b.se\/index.php?rest_route=\/wp\/v2\/pages\/2849\/revisions"}],"predecessor-version":[{"id":2873,"href":"http:\/\/xn--skuggorfrndetfrflutna-02b01b.se\/index.php?rest_route=\/wp\/v2\/pages\/2849\/revisions\/2873"}],"wp:attachment":[{"href":"http:\/\/xn--skuggorfrndetfrflutna-02b01b.se\/index.php?rest_route=%2Fwp%2Fv2%2Fmedia&parent=2849"}],"curies":[{"name":"wp","href":"https:\/\/api.w.org\/{rel}","templated":true}]}}