{"id":2817,"date":"2016-07-02T10:34:21","date_gmt":"2016-07-02T10:34:21","guid":{"rendered":"http:\/\/skugg.wopsa.se\/?page_id=2817"},"modified":"2016-07-02T10:34:21","modified_gmt":"2016-07-02T10:34:21","slug":"helena-h","status":"publish","type":"page","link":"http:\/\/xn--skuggorfrndetfrflutna-02b01b.se\/?page_id=2817","title":{"rendered":"Helena H"},"content":{"rendered":"<p style=\"text-align: justify;\">Helena f\u00f6ddes i Cluj i Rum\u00e4nien den 24 augusti \u00e5r 1905. Hennes familj var judisk och den bestod av hennes far Moisa Rosenberg, hennes mor Roza Meister, hennes tv\u00e5 br\u00f6der och hennes syster. Hennes far dog \u00e5r 1927 och modern f\u00f6rdes 1944 till koncentrationsl\u00e4gret i Auschwitz. Helena uppfostrades i f\u00f6r\u00e4ldrarahemmet varunder hon genomg\u00e5tt fyra \u00e5r i folkskola och tv\u00e5 \u00e5r i gymnasium. Hon utbildade sig till s\u00f6mmerska och jobbade sedan som det.<\/p>\n<p style=\"text-align: justify;\">I maj 1944 arresterades hon och f\u00f6rdes till ett getto i Cluj. Den 7 juni s\u00e4ndes hon vidare till koncentrationsl\u00e4gret Auschwitz d\u00e4r hon var i cirka tv\u00e5 m\u00e5nader. Efter denna tid f\u00f6rdes hon till ett arbetsl\u00e4ger i Bremen d\u00e4r hon bland annat sysselsattes med bombning och r\u00f6jning. I april 1945 kom hon till koncentrationsl\u00e4gret Bergen Belsen varifr\u00e5n hon i juni befriades och f\u00f6rdes till Sverige. Hon kom till Sverige med r\u00f6da korsets f\u00f6rsorg. Hon ankom i Malm\u00f6 i slutet av juni 1945. D\u00e5 v\u00e4gde hon 52 kilo.<\/p>\n<p style=\"text-align: justify;\">Hon vistades n\u00e5gon tid i karant\u00e4nsl\u00e4gren i Lund varefter hon \u00f6verf\u00f6rdes till ett sjukhus i \u00d6rebro d\u00e4r hon vistades i omkring nio m\u00e5nader. Sedan var hon tv\u00e5 m\u00e5nader i Kalmar p\u00e5 ett sjukhus. I januari 1946 blev hon friskf\u00f6rklarad och f\u00f6rdes troligen till Fagerhults f\u00f6rl\u00e4ggning i Bettna. Den andra juni 1947 erh\u00f6ll hon tillst\u00e5nd att vistas i Stockholm och blev anst\u00e4lld hos &#8221;Blus och Kl\u00e4dningskonfektion&#8221; &#8211; ett kl\u00e4df\u00f6retag. Hennes l\u00f6n var 100 kronor i veckan. Hon jobbade d\u00e4r fr\u00e5n \u00e5r 1947 till \u00e5r 1948. D\u00e5 var hennes framtidsplaner att hon ville stanna i Sverige och forts\u00e4tta sitt arbete. Hon ville inte \u00e5terv\u00e4nda till Rum\u00e4nien eftersom hon inte hade n\u00e5gon sl\u00e4kt d\u00e4r. M\u00f6jligen ville hon f\u00f6rs\u00f6ka komma till Palestina d\u00e4r hon hade n\u00e5gra sl\u00e4ktingar vilket hon sedan gjorde. Hon \u00e5kte till Israel den 20 december 1948.<\/p>\n<p style=\"text-align: justify;\">K\u00e4lla: Dossier Statens utl\u00e4nningskommission, Riksarkivet<\/p>\n<p style=\"text-align: justify;\">Skriven av Emilia, 9A<\/p>\n","protected":false},"excerpt":{"rendered":"<p>Helena f\u00f6ddes i Cluj i Rum\u00e4nien den 24 augusti \u00e5r 1905. Hennes familj var judisk och den bestod av hennes far Moisa Rosenberg, hennes mor Roza Meister, hennes tv\u00e5 br\u00f6der och hennes syster. Hennes far dog \u00e5r 1927 och modern f\u00f6rdes 1944 till koncentrationsl\u00e4gret i Auschwitz. Helena uppfostrades i f\u00f6r\u00e4ldrarahemmet varunder hon genomg\u00e5tt fyra \u00e5r &hellip; <\/p>\n<p><a class=\"more-link btn\" href=\"http:\/\/xn--skuggorfrndetfrflutna-02b01b.se\/?page_id=2817\">Forts\u00e4tt l\u00e4sa<\/a><\/p>\n","protected":false},"author":1,"featured_media":0,"parent":0,"menu_order":0,"comment_status":"closed","ping_status":"closed","template":"","meta":{"_monsterinsights_skip_tracking":false,"_monsterinsights_sitenote_active":false,"_monsterinsights_sitenote_note":"","_monsterinsights_sitenote_category":0,"footnotes":""},"class_list":["post-2817","page","type-page","status-publish","hentry","nodate","item-wrap"],"jetpack_sharing_enabled":true,"_links":{"self":[{"href":"http:\/\/xn--skuggorfrndetfrflutna-02b01b.se\/index.php?rest_route=\/wp\/v2\/pages\/2817","targetHints":{"allow":["GET"]}}],"collection":[{"href":"http:\/\/xn--skuggorfrndetfrflutna-02b01b.se\/index.php?rest_route=\/wp\/v2\/pages"}],"about":[{"href":"http:\/\/xn--skuggorfrndetfrflutna-02b01b.se\/index.php?rest_route=\/wp\/v2\/types\/page"}],"author":[{"embeddable":true,"href":"http:\/\/xn--skuggorfrndetfrflutna-02b01b.se\/index.php?rest_route=\/wp\/v2\/users\/1"}],"replies":[{"embeddable":true,"href":"http:\/\/xn--skuggorfrndetfrflutna-02b01b.se\/index.php?rest_route=%2Fwp%2Fv2%2Fcomments&post=2817"}],"version-history":[{"count":1,"href":"http:\/\/xn--skuggorfrndetfrflutna-02b01b.se\/index.php?rest_route=\/wp\/v2\/pages\/2817\/revisions"}],"predecessor-version":[{"id":2819,"href":"http:\/\/xn--skuggorfrndetfrflutna-02b01b.se\/index.php?rest_route=\/wp\/v2\/pages\/2817\/revisions\/2819"}],"wp:attachment":[{"href":"http:\/\/xn--skuggorfrndetfrflutna-02b01b.se\/index.php?rest_route=%2Fwp%2Fv2%2Fmedia&parent=2817"}],"curies":[{"name":"wp","href":"https:\/\/api.w.org\/{rel}","templated":true}]}}