{"id":280,"date":"2013-09-11T16:32:19","date_gmt":"2013-09-11T16:32:19","guid":{"rendered":"http:\/\/xn--skuggorfrndetfrflutna-02b01b.se\/?page_id=280"},"modified":"2013-09-11T16:32:19","modified_gmt":"2013-09-11T16:32:19","slug":"rakel-k","status":"publish","type":"page","link":"http:\/\/xn--skuggorfrndetfrflutna-02b01b.se\/?page_id=280","title":{"rendered":"Rakel K"},"content":{"rendered":"<p>Rachel K f\u00f6ddes den 2 augusti 1922 i Hida Yud, Cluy, Rum\u00e4nien. Hennes f\u00f6r\u00e4ldrar var Volf Mihai och Regina K, b\u00e5da judar. Hon hade \u00e4ven 4 br\u00f6der och 3 systrar. Rachel blev uppfostrad i f\u00f6r\u00e4ldrar hemmet och gick 4 \u00e5r i folkskola och lika l\u00e4nge i borgarskola. Sedan gick hon \u00bd \u00e5r i en kurs om s\u00f6mnad. 1942 amputerade hon lillt\u00e5n p\u00e5 v\u00e4nster fot p\u00e5 grund av k\u00f6ldskada. Rachel var ogift och bek\u00e4nde den mosaiska l\u00e4ran.<\/p>\n<p>I maj 1944 arresterades Rachel och hennes familj p\u00e5 grund av deras judiska b\u00f6rd. Rachel f\u00f6rdes till ett f\u00e5ngl\u00e4ger i Rum\u00e4nien. Hennes f\u00f6r\u00e4ldrar blev skickade till Auschwitz, men hon visste ingenting om deras \u00f6den. Den 3 juni 1944 flyttades hon till Auschwitz, d\u00e4r hon var i 4 dagar. Sedan s\u00e4ndes hon och 2 av sina systrar till Riga, d\u00e4r hon arbetade i en maskinfabrik. N\u00e4r hon hade varit d\u00e4r i 6 veckor kom ryssarna och tog \u00f6ver Riga. D\u00e5 flyttades hon sedan till koncentrationsl\u00e4gret Stutthof och d\u00e4r var hon i 7 veckor.<\/p>\n<p>Sedan var hon 8 m\u00e5nader i Stolp, som var ett arbetsl\u00e4ger, d\u00e4r hon hade det sv\u00e5rast av alla l\u00e4ger och s\u00e4mst med mat. Hon jobbade oftast med att lasta j\u00e4rnv\u00e4gs vagnar. Cirka 80 av 800 f\u00e5ngar \u00f6verlevde. Fr\u00e5n Stolp flyttades hon till Bulgraben som l\u00e5g mellan den tyska fronten. Sedan flyttades hon tillbaka till Stutthof dit Ryssarna kom efter ett tag. F\u00e5ngarna tvingades att g\u00e5 ombord p\u00e5 ett skepp som tog de till \u00f6n Hella. B\u00e5de Engelska och Ryska arm\u00e9n kom till \u00e4ven Hella till slut. F\u00e5ngarna fick g\u00e5 p\u00e5 \u00e4nnu ett skepp, d\u00e4r de fick vara i 2 veckor. Tillslut s\u00e5 kom de till Neustadt, d\u00e4r de befriades 3 maj 1945. Hon anl\u00e4nde I Sverige, den 25 juni 1945, tack vare R\u00f6da korset.<\/p>\n<p>N\u00e4r Rachel kom till Sverige hade hon tbc, tyfus och v\u00e4gde ungef\u00e4r 31 kilo. Hon v\u00e5rdades p\u00e5 \u00d6rebro beredskapssjukhus fr\u00e5n den 23 augusti till att sjukhuset st\u00e4ngdes den 28 december. Hon hamnade sedan p\u00e5 Konga konvalescenthem i ett \u00e5r. Hon \u00f6nskade att f\u00e5 flytta till Palestina d\u00e4r hennes syster var bosatt. Hennes andra tv\u00e5 systrar kom ocks\u00e5 till Sverige fr\u00e5n de tyska l\u00e4gren. De var bosatta i \u00d6rebro och Bor\u00e5s. Men innan hon reste till Palestina s\u00e5 ville hon, tillsammans med sin syster som bodde i \u00d6rebro, \u00e5ka till systern som bodde i Bor\u00e5s och f\u00f6r att hitta ett arbete. Systrarna l\u00e4mnade Sverige den 11 april 1948 f\u00f6r att troligen forts\u00e4tta till Palestina. Hon gifte sig senare med en man som hette Yaskil.<\/p>\n<p>K\u00e4lla: Dossier Statens Utl\u00e4nningskommisson, Riksarkivet<\/p>\n<p>Av: Beatrice Bergman, klass 9D vt 2012<\/p>\n<p><span style=\"font-family: 'Times New Roman';\">\u00a0<\/span><\/p>\n","protected":false},"excerpt":{"rendered":"<p>Rachel K f\u00f6ddes den 2 augusti 1922 i Hida Yud, Cluy, Rum\u00e4nien. Hennes f\u00f6r\u00e4ldrar var Volf Mihai och Regina K, b\u00e5da judar. Hon hade \u00e4ven 4 br\u00f6der och 3 systrar. Rachel blev uppfostrad i f\u00f6r\u00e4ldrar hemmet och gick 4 \u00e5r i folkskola och lika l\u00e4nge i borgarskola. Sedan gick hon \u00bd \u00e5r i en kurs &hellip; <\/p>\n<p><a class=\"more-link btn\" href=\"http:\/\/xn--skuggorfrndetfrflutna-02b01b.se\/?page_id=280\">Forts\u00e4tt l\u00e4sa<\/a><\/p>\n","protected":false},"author":1,"featured_media":0,"parent":0,"menu_order":0,"comment_status":"closed","ping_status":"open","template":"","meta":{"_monsterinsights_skip_tracking":false,"_monsterinsights_sitenote_active":false,"_monsterinsights_sitenote_note":"","_monsterinsights_sitenote_category":0,"footnotes":""},"class_list":["post-280","page","type-page","status-publish","hentry","nodate","item-wrap"],"jetpack_sharing_enabled":true,"_links":{"self":[{"href":"http:\/\/xn--skuggorfrndetfrflutna-02b01b.se\/index.php?rest_route=\/wp\/v2\/pages\/280","targetHints":{"allow":["GET"]}}],"collection":[{"href":"http:\/\/xn--skuggorfrndetfrflutna-02b01b.se\/index.php?rest_route=\/wp\/v2\/pages"}],"about":[{"href":"http:\/\/xn--skuggorfrndetfrflutna-02b01b.se\/index.php?rest_route=\/wp\/v2\/types\/page"}],"author":[{"embeddable":true,"href":"http:\/\/xn--skuggorfrndetfrflutna-02b01b.se\/index.php?rest_route=\/wp\/v2\/users\/1"}],"replies":[{"embeddable":true,"href":"http:\/\/xn--skuggorfrndetfrflutna-02b01b.se\/index.php?rest_route=%2Fwp%2Fv2%2Fcomments&post=280"}],"version-history":[{"count":1,"href":"http:\/\/xn--skuggorfrndetfrflutna-02b01b.se\/index.php?rest_route=\/wp\/v2\/pages\/280\/revisions"}],"predecessor-version":[{"id":282,"href":"http:\/\/xn--skuggorfrndetfrflutna-02b01b.se\/index.php?rest_route=\/wp\/v2\/pages\/280\/revisions\/282"}],"wp:attachment":[{"href":"http:\/\/xn--skuggorfrndetfrflutna-02b01b.se\/index.php?rest_route=%2Fwp%2Fv2%2Fmedia&parent=280"}],"curies":[{"name":"wp","href":"https:\/\/api.w.org\/{rel}","templated":true}]}}