{"id":2787,"date":"2016-07-02T09:52:18","date_gmt":"2016-07-02T09:52:18","guid":{"rendered":"http:\/\/skugg.wopsa.se\/?page_id=2787"},"modified":"2016-07-02T09:52:18","modified_gmt":"2016-07-02T09:52:18","slug":"bergen-belsen-7","status":"publish","type":"page","link":"http:\/\/xn--skuggorfrndetfrflutna-02b01b.se\/?page_id=2787","title":{"rendered":"Bergen-Belsen"},"content":{"rendered":"<p style=\"text-align: justify;\">Bergen-Belsen var ett koncentrationsl\u00e4ger eller krigsf\u00e5ngel\u00e4ger i det nazistiska Tyskland. Det var bel\u00e4get i norra Tyskland i delstaten Niedersachsen. L\u00e4gret byggdes 1940 men b\u00f6rjade anv\u00e4ndas som Koncentrationsl\u00e4ger 1943. Det dog \u00f6ver 70 000 m\u00e4nniskor i l\u00e4gret, bland dem Anne Frank som skrev \u00e4n dagbok som senare blev v\u00e4rldsk\u00e4nd.<\/p>\n<p style=\"text-align: justify;\"><b>Krigsf\u00e5ngel\u00e4ger<\/b><\/p>\n<p style=\"text-align: justify;\">L\u00e4gret byggdes upp 1940 av tyska arm\u00e9n som ett l\u00e4ger f\u00f6r krigsf\u00e5ngar. Till st\u00f6rsta del f\u00f6r franska och belgiska soldater. Efter Tyskland hade attackerat Sovjet 1941 deporterades 21 000 sovjetiska krigsf\u00e5ngar till l\u00e4gret. 14 000 dog inom n\u00e5gra \u00e5r i l\u00e4gret.<\/p>\n<p style=\"text-align: justify;\"><b>Koncentrationsl\u00e4ger<\/b><\/p>\n<p style=\"text-align: justify;\">\u00c5r 1943 b\u00f6rjade man anv\u00e4nda Bergen-Belsen som ett koncentrationsl\u00e4ger d\u00e4r SS hade tagit \u00f6ver makten i l\u00e4gret. SS b\u00f6rjade internera judar till l\u00e4gret. Judarna kom fr\u00e5n Tyskland, \u00a0Portugal, Holland, Spanien, Albanien, Ungern, Polen, Jugoslavien och Turkiet. 1944 byggde SS ut l\u00e4gret f\u00f6r man b\u00f6rjade internera andra grupper av m\u00e4nniskor bland annat kvinnor. Det fanns ej n\u00e5gon gaskammare i Bergen-Belsen, de flesta dog genom tortyr och undern\u00e4ring.<\/p>\n<p style=\"text-align: justify;\"><b>Befrielsen<\/b><\/p>\n<p style=\"text-align: justify;\">De brittiska trupperna anl\u00e4nde till Bergen-Belsen den 15 april 1945. De fick se m\u00e4ngder av d\u00f6da kroppar och m\u00e5nga som h\u00f6ll p\u00e5 att sv\u00e4lta ihj\u00e4l. \u00c4ven fast SS hade gr\u00e4vt ner n\u00e4stan alla kroppar s\u00e5 fanns det fortf\u00f6rande lik kvar p\u00e5 marken. Den brittiska arm\u00e9n tillf\u00e5ngatog SS-personalen och r\u00e4ddade 53 000 f\u00e5ngar i l\u00e4gret. Efter alla var befriade s\u00e5 br\u00e4nde man ner hela Bergen-Belsen eftersom det fanns en epidemirisk i l\u00e4gret orsakad av tyfus och l\u00f6ss.<\/p>\n<p style=\"text-align: justify;\"><b>K\u00e4llor:<\/b><\/p>\n<p style=\"text-align: justify;\"><a href=\"https:\/\/sv.wikipedia.org\/wiki\/Bergen-Belsen\">https:\/\/sv.wikipedia.org\/wiki\/Bergen-Belsen<\/a><\/p>\n<p style=\"text-align: justify;\">http:\/\/www.levandehistoria.se\/fakta-om-forintelsen\/forintelsen\/koncentrationslager\/bergen-belsen<\/p>\n<p style=\"text-align: justify;\">Filip 9A vt 2016<\/p>\n","protected":false},"excerpt":{"rendered":"<p>Bergen-Belsen var ett koncentrationsl\u00e4ger eller krigsf\u00e5ngel\u00e4ger i det nazistiska Tyskland. Det var bel\u00e4get i norra Tyskland i delstaten Niedersachsen. L\u00e4gret byggdes 1940 men b\u00f6rjade anv\u00e4ndas som Koncentrationsl\u00e4ger 1943. Det dog \u00f6ver 70 000 m\u00e4nniskor i l\u00e4gret, bland dem Anne Frank som skrev \u00e4n dagbok som senare blev v\u00e4rldsk\u00e4nd. Krigsf\u00e5ngel\u00e4ger L\u00e4gret byggdes upp 1940 av tyska &hellip; <\/p>\n<p><a class=\"more-link btn\" href=\"http:\/\/xn--skuggorfrndetfrflutna-02b01b.se\/?page_id=2787\">Forts\u00e4tt l\u00e4sa<\/a><\/p>\n","protected":false},"author":1,"featured_media":0,"parent":0,"menu_order":0,"comment_status":"closed","ping_status":"closed","template":"","meta":{"_monsterinsights_skip_tracking":false,"_monsterinsights_sitenote_active":false,"_monsterinsights_sitenote_note":"","_monsterinsights_sitenote_category":0,"footnotes":""},"class_list":["post-2787","page","type-page","status-publish","hentry","nodate","item-wrap"],"jetpack_sharing_enabled":true,"_links":{"self":[{"href":"http:\/\/xn--skuggorfrndetfrflutna-02b01b.se\/index.php?rest_route=\/wp\/v2\/pages\/2787","targetHints":{"allow":["GET"]}}],"collection":[{"href":"http:\/\/xn--skuggorfrndetfrflutna-02b01b.se\/index.php?rest_route=\/wp\/v2\/pages"}],"about":[{"href":"http:\/\/xn--skuggorfrndetfrflutna-02b01b.se\/index.php?rest_route=\/wp\/v2\/types\/page"}],"author":[{"embeddable":true,"href":"http:\/\/xn--skuggorfrndetfrflutna-02b01b.se\/index.php?rest_route=\/wp\/v2\/users\/1"}],"replies":[{"embeddable":true,"href":"http:\/\/xn--skuggorfrndetfrflutna-02b01b.se\/index.php?rest_route=%2Fwp%2Fv2%2Fcomments&post=2787"}],"version-history":[{"count":1,"href":"http:\/\/xn--skuggorfrndetfrflutna-02b01b.se\/index.php?rest_route=\/wp\/v2\/pages\/2787\/revisions"}],"predecessor-version":[{"id":2789,"href":"http:\/\/xn--skuggorfrndetfrflutna-02b01b.se\/index.php?rest_route=\/wp\/v2\/pages\/2787\/revisions\/2789"}],"wp:attachment":[{"href":"http:\/\/xn--skuggorfrndetfrflutna-02b01b.se\/index.php?rest_route=%2Fwp%2Fv2%2Fmedia&parent=2787"}],"curies":[{"name":"wp","href":"https:\/\/api.w.org\/{rel}","templated":true}]}}