{"id":2766,"date":"2016-07-02T09:26:57","date_gmt":"2016-07-02T09:26:57","guid":{"rendered":"http:\/\/skugg.wopsa.se\/?page_id=2766"},"modified":"2016-07-02T09:26:57","modified_gmt":"2016-07-02T09:26:57","slug":"theresienstadt-2","status":"publish","type":"page","link":"http:\/\/xn--skuggorfrndetfrflutna-02b01b.se\/?page_id=2766","title":{"rendered":"Theresienstadt"},"content":{"rendered":"<p style=\"text-align: justify;\">Theresianstadt var under andra v\u00e4rldskriget ett koncentrationsl\u00e4ger och judiskt getto. Det ligger i nordv\u00e4stra Tjeckien. Det var ett s\u00e5 kallat \u2018\u2019m\u00f6nsterl\u00e4ger\u2019\u2019 som skulle visas upp f\u00f6r omv\u00e4rlden. Innan uppvisningarna av l\u00e4gret f\u00f6rberedde tyskarna noggrant s\u00e5 att det skulle se ut som att judarna hade det bra. Theresianstadt drevs av tyska SS men de flesta vakterna var tjeckiska poliser.<\/p>\n<p style=\"text-align: justify;\">\u00a0I november 1941 b\u00f6rjade judar deporteras till Theresianstadt och det kom d\u00e4refter regelbundna transporter med judar hela tiden tills krigets slut. Hela tiden deporterades ocks\u00e5 judar fr\u00e5n Theresianstadt till getton i till exempel Polen och baltstaterna, och fr\u00e5n och med h\u00f6sten 1942 till f\u00f6rintelsel\u00e4gren Treblinka och Auschwitz-Birkenau.<\/p>\n<p style=\"text-align: justify;\">L\u00e4gret var byggt f\u00f6r 10 000 f\u00e5ngar men som mest var det ungef\u00e4r 53 000 d\u00e4r samtidigt. I l\u00e4gret beh\u00f6vde man inte ha f\u00e5ngkl\u00e4der och fick inte sitt h\u00e5r avrakat. Annars var detta l\u00e4ger lika fruktansv\u00e4rt som vilket annat koncentraionsl\u00e4ger som helst. Totalt s\u00e4ndes 141 000 judar till Theresianstadt. Av de dog 33 000 av sjukdomar i l\u00e4gret medans 88 000 s\u00e4ndes vidare till andra l\u00e4ger och getton. 16 000 av de 141 000 som passerade Theresianstadt \u00f6verlevde. L\u00e4gret befriades 8 maj 1945 av sovjetiska trupper.<\/p>\n<p style=\"text-align: justify;\">K\u00e4lla:\u00a0http:\/\/www.levandehistoria.se\/fakta-om-forintelsen\/forintelsen\/koncentrationslager\/theresienstadt<\/p>\n<p>Isak 9A vt 2016<\/p>\n","protected":false},"excerpt":{"rendered":"<p>Theresianstadt var under andra v\u00e4rldskriget ett koncentrationsl\u00e4ger och judiskt getto. Det ligger i nordv\u00e4stra Tjeckien. Det var ett s\u00e5 kallat \u2018\u2019m\u00f6nsterl\u00e4ger\u2019\u2019 som skulle visas upp f\u00f6r omv\u00e4rlden. Innan uppvisningarna av l\u00e4gret f\u00f6rberedde tyskarna noggrant s\u00e5 att det skulle se ut som att judarna hade det bra. Theresianstadt drevs av tyska SS men de flesta vakterna &hellip; <\/p>\n<p><a class=\"more-link btn\" href=\"http:\/\/xn--skuggorfrndetfrflutna-02b01b.se\/?page_id=2766\">Forts\u00e4tt l\u00e4sa<\/a><\/p>\n","protected":false},"author":1,"featured_media":0,"parent":0,"menu_order":0,"comment_status":"closed","ping_status":"closed","template":"","meta":{"_monsterinsights_skip_tracking":false,"_monsterinsights_sitenote_active":false,"_monsterinsights_sitenote_note":"","_monsterinsights_sitenote_category":0,"footnotes":""},"class_list":["post-2766","page","type-page","status-publish","hentry","nodate","item-wrap"],"jetpack_sharing_enabled":true,"_links":{"self":[{"href":"http:\/\/xn--skuggorfrndetfrflutna-02b01b.se\/index.php?rest_route=\/wp\/v2\/pages\/2766","targetHints":{"allow":["GET"]}}],"collection":[{"href":"http:\/\/xn--skuggorfrndetfrflutna-02b01b.se\/index.php?rest_route=\/wp\/v2\/pages"}],"about":[{"href":"http:\/\/xn--skuggorfrndetfrflutna-02b01b.se\/index.php?rest_route=\/wp\/v2\/types\/page"}],"author":[{"embeddable":true,"href":"http:\/\/xn--skuggorfrndetfrflutna-02b01b.se\/index.php?rest_route=\/wp\/v2\/users\/1"}],"replies":[{"embeddable":true,"href":"http:\/\/xn--skuggorfrndetfrflutna-02b01b.se\/index.php?rest_route=%2Fwp%2Fv2%2Fcomments&post=2766"}],"version-history":[{"count":1,"href":"http:\/\/xn--skuggorfrndetfrflutna-02b01b.se\/index.php?rest_route=\/wp\/v2\/pages\/2766\/revisions"}],"predecessor-version":[{"id":2768,"href":"http:\/\/xn--skuggorfrndetfrflutna-02b01b.se\/index.php?rest_route=\/wp\/v2\/pages\/2766\/revisions\/2768"}],"wp:attachment":[{"href":"http:\/\/xn--skuggorfrndetfrflutna-02b01b.se\/index.php?rest_route=%2Fwp%2Fv2%2Fmedia&parent=2766"}],"curies":[{"name":"wp","href":"https:\/\/api.w.org\/{rel}","templated":true}]}}