{"id":269,"date":"2013-09-11T16:23:43","date_gmt":"2013-09-11T16:23:43","guid":{"rendered":"http:\/\/xn--skuggorfrndetfrflutna-02b01b.se\/?page_id=269"},"modified":"2013-09-11T16:24:39","modified_gmt":"2013-09-11T16:24:39","slug":"auschwitz","status":"publish","type":"page","link":"http:\/\/xn--skuggorfrndetfrflutna-02b01b.se\/?page_id=269","title":{"rendered":"Auschwitz"},"content":{"rendered":"<p style=\"text-align: left;\" align=\"center\">Auschwitz-Birkenau<\/p>\n<p>Fr\u00e5n \u00e5r 1940 var Auschwitz ett koncentrationsl\u00e4ger f\u00f6r polska politiska f\u00e5ngar bel\u00e4get i polen. L\u00e4gret l\u00e5g v\u00e4ldigt bra till geografiskt och hade en st\u00f6rre j\u00e4rnv\u00e4gsknut och d\u00e4rf\u00f6r v\u00e4xte l\u00e4gret v\u00e4ldigt snabbt och hade snart ett 40-tal olika under l\u00e4ger. De mest k\u00e4nda \u00e4r Auschwitz 1 (stamml\u00e4ger) Auschwitz 2 (Birkenau) och Auschwitz 3 (Monowitz). I l\u00e4gren fanns ett stort antal av l\u00e4kare som utf\u00f6rde olika medicinska experiment.<\/p>\n<p>De f\u00e5ngar som placerades i dessa koncentrationsl\u00e4ger led sv\u00e5rt av undern\u00e4ring, sjukdomar, slavarbete och den psykiska och fysiska terrorn. I slutet av 1941 p\u00e5b\u00f6rjade tyskarna massgasningar men p\u00e5 v\u00e5ren 1942 flyttades s\u00e5na aktioner till Birkenau. Tv\u00e5 provisoriska gaskammare inr\u00e4ttades i ombyggda boningshus. Krematorierna i Birkenau f\u00e4rdigst\u00e4lldes p\u00e5 v\u00e5ren 1943. Transporterna av ungerska judar till Birkenau under v\u00e5ren och sommaren \u00e5r 1944 medf\u00f6r det h\u00f6gsta antalet m\u00f6rdade per tidsenhet.<\/p>\n<p>Det kunde anl\u00e4nda tre till fyra t\u00e5gtransporter per dag och d\u00e5 var det ca 3 000-3 500 m\u00e4nniskor p\u00e5 varje t\u00e5g. Det var ca en tiondel av de ungerska judarna som togs till arbete medan de resterande gasades ihj\u00e4l vid ankomst. Birkenau:s krematorier klarade ej av att br\u00e4nna s\u00e5 mycket kroppar och d\u00e4rf\u00f6r gjordes \u00e4ven stora gropar f\u00f6r att man skulle kunna br\u00e4nna m\u00e4nniskor. Dom sista gasningarna gjorde man i november 1944. Den sovjetiska r\u00f6da arm\u00e9n intog Auschwitz-Birkenau den 27 januari tidigt 1945 hade SS f\u00f6rst monterat ner allt som de kunde och sedan spr\u00e4ngt det som var kvar. F\u00f6rutom ungef\u00e4r 1 miljon judar fr\u00e5n hela Europa m\u00f6rdades, 75000 polacker, 2 1000 zigenare, 15 000 sovjetiska krigsf\u00e5ngar och 15 000 andra nationaliteter. I Auschwitz l\u00e4ger m\u00f6rdades minst 1,1 miljoner m\u00e4nniskor.<\/p>\n<p>Av: Hampus 9D vt 2012<\/p>\n","protected":false},"excerpt":{"rendered":"<p>Auschwitz-Birkenau Fr\u00e5n \u00e5r 1940 var Auschwitz ett koncentrationsl\u00e4ger f\u00f6r polska politiska f\u00e5ngar bel\u00e4get i polen. L\u00e4gret l\u00e5g v\u00e4ldigt bra till geografiskt och hade en st\u00f6rre j\u00e4rnv\u00e4gsknut och d\u00e4rf\u00f6r v\u00e4xte l\u00e4gret v\u00e4ldigt snabbt och hade snart ett 40-tal olika under l\u00e4ger. De mest k\u00e4nda \u00e4r Auschwitz 1 (stamml\u00e4ger) Auschwitz 2 (Birkenau) och Auschwitz 3 (Monowitz). I &hellip; <\/p>\n<p><a class=\"more-link btn\" href=\"http:\/\/xn--skuggorfrndetfrflutna-02b01b.se\/?page_id=269\">Forts\u00e4tt l\u00e4sa<\/a><\/p>\n","protected":false},"author":1,"featured_media":0,"parent":0,"menu_order":0,"comment_status":"closed","ping_status":"open","template":"","meta":{"_monsterinsights_skip_tracking":false,"_monsterinsights_sitenote_active":false,"_monsterinsights_sitenote_note":"","_monsterinsights_sitenote_category":0,"footnotes":""},"class_list":["post-269","page","type-page","status-publish","hentry","nodate","item-wrap"],"jetpack_sharing_enabled":true,"_links":{"self":[{"href":"http:\/\/xn--skuggorfrndetfrflutna-02b01b.se\/index.php?rest_route=\/wp\/v2\/pages\/269","targetHints":{"allow":["GET"]}}],"collection":[{"href":"http:\/\/xn--skuggorfrndetfrflutna-02b01b.se\/index.php?rest_route=\/wp\/v2\/pages"}],"about":[{"href":"http:\/\/xn--skuggorfrndetfrflutna-02b01b.se\/index.php?rest_route=\/wp\/v2\/types\/page"}],"author":[{"embeddable":true,"href":"http:\/\/xn--skuggorfrndetfrflutna-02b01b.se\/index.php?rest_route=\/wp\/v2\/users\/1"}],"replies":[{"embeddable":true,"href":"http:\/\/xn--skuggorfrndetfrflutna-02b01b.se\/index.php?rest_route=%2Fwp%2Fv2%2Fcomments&post=269"}],"version-history":[{"count":2,"href":"http:\/\/xn--skuggorfrndetfrflutna-02b01b.se\/index.php?rest_route=\/wp\/v2\/pages\/269\/revisions"}],"predecessor-version":[{"id":272,"href":"http:\/\/xn--skuggorfrndetfrflutna-02b01b.se\/index.php?rest_route=\/wp\/v2\/pages\/269\/revisions\/272"}],"wp:attachment":[{"href":"http:\/\/xn--skuggorfrndetfrflutna-02b01b.se\/index.php?rest_route=%2Fwp%2Fv2%2Fmedia&parent=269"}],"curies":[{"name":"wp","href":"https:\/\/api.w.org\/{rel}","templated":true}]}}