{"id":257,"date":"2013-09-10T19:03:07","date_gmt":"2013-09-10T19:03:07","guid":{"rendered":"http:\/\/xn--skuggorfrndetfrflutna-02b01b.se\/?page_id=257"},"modified":"2014-02-09T11:10:19","modified_gmt":"2014-02-09T11:10:19","slug":"lina-s-k","status":"publish","type":"page","link":"http:\/\/xn--skuggorfrndetfrflutna-02b01b.se\/?page_id=257","title":{"rendered":"Lina Simmel"},"content":{"rendered":"<p>Lina f\u00f6ddes den 27 december 1895 i Lemberg i d\u00e5varande \u00d6sterrike (idag Ukraina). Hennes f\u00f6r\u00e4ldrar var k\u00f6pmannen Sigmund K som f\u00f6ddes den 1 juli 1856. Linas mamma var Johanna K-B f\u00f6dd den 5 juni 1856. Lina v\u00e4xte upp i f\u00f6r\u00e4ldrahemmet tillsammans med hennes bror i Wien, \u00d6sterrike. Hon gick fyra \u00e5r i folkskola, sedan gick hon sju \u00e5r i gymnasiet och ytterligare tre och ett halvt \u00e5r p\u00e5 universitetet d\u00e4r hon l\u00e4ste filosofi. Lina stannade kvar i hemmet tills hon gifte sig med en tysk major vid namnet Otto S. Otto kom ifr\u00e5n \u00d6sterrike men eftersom \u00d6sterrike nu tillh\u00f6rde Tyskland s\u00e5 ans\u00e5gs han vara en tysk major. Lina och Otto gifte sig den 9 september 1925. Lina jobbade inte utan var endast hemmafru.<\/p>\n<p>Lina hade ingen milit\u00e4rutbildning, men hon hade tj\u00e4nst gjort som r\u00f6dakorssyster under f\u00f6rsta v\u00e4rldskriget sa hon sj\u00e4lv i polisf\u00f6rh\u00f6ret. Hon hade tillsammans med sin man tillh\u00f6rt en hemlig olaglig anti-nazistisk motst\u00e5ndsgrupp. Den 20 juli 1944 f\u00f6rs\u00f6kte en annan milit\u00e4r motst\u00e5ndsgrupp att spr\u00e4nga Hitler, men misslyckades och d\u00e4refter blev Hitler och nazisterna mer f\u00f6rsiktiga och mer vaksamma. P\u00e5 grund av deras politiska verksamhet blev hon och Otto arresterade av Gestapo, den tyska hemliga polisen den 16 mars 1943, delvis f\u00f6r att dem lyssnat p\u00e5 utl\u00e4ndska radios\u00e4ndningar som br\u00f6t mot den tyska lagen. Efter ett 16 timmars l\u00e5ngt och pl\u00e5gsamt f\u00f6rh\u00f6r av Gestapo blev Otto S Linas man omedelbart avr\u00e4ttad p\u00e5 grund av hans \u201df\u00f6rr\u00e4deri\u201d emot Hitler och Nazisterna. Lina blev satt i f\u00e4ngelse fr\u00e5n den 16 mars 1943 till den 4 januari 1944. Under det 16 timmars l\u00e5nga f\u00f6rh\u00f6ret hade Lina sagt till Gestapo att hennes namn var Lina Maria Antonia f\u00f6r att vilseleda dem och jag tror att det kan ha hj\u00e4lpt henne att \u00f6verleva och inte bli avr\u00e4ttad som hennes man.<\/p>\n<p>Sannolikheten \u00e4r att Lina S konverterade till kristen och var d\u00e4rf\u00f6r inte judinna l\u00e4ngre enligt henne sj\u00e4lv, men Gestapo och nazisterna tyckte att hon var minst lika mycket judinna i alla fall och hon blev d\u00e4r efter skickad till koncentrationsl\u00e4gret Auschwitz. Den 10 januari 1944 blir hon inskriven i l\u00e4gret med sitt enligt henne \u201driktiga\u201d namn och namnen som hon sa till polisen och allt tillsammans blev det Lina Maria Antonia S. Intatuerat p\u00e5 armen fick hon nr 75324. I Auschwitz fick hon jobba med bland annat tungt och kr\u00e4vande gatuarbete. Efter att hon varit i Auschwitz fick hon g\u00e5 den otroligt hemska, kalla och sm\u00e4rtsamma 105 kilometers v\u00e4gen \u00e4ven kallad d\u00f6dsmarsh. Dessa d\u00f6dsmarsher var v\u00e4ldigt vanliga och gick i stort sett ut p\u00e5 att s\u00e5 m\u00e5nga av dem som m\u00f6jligt skulle d\u00f6 och endast de starkaste skulle \u00f6verleva. D\u00e4rifr\u00e5n fick hon sedan \u00e5ka med j\u00e4rnv\u00e4gen till det st\u00f6rsta kvinnliga koncentrationsl\u00e4gret vid namnet Ravensbr\u00fcck som ligger ca 90 km norr om Berlin den 18 januari 1945. Lina var i Ravensbr\u00fcck i ca 2 m\u00e5nader innan hon blev skickad till l\u00e4gret Beendorf. Efter dessa l\u00e4ger blev hon sedan skickad till en massa andra sm\u00e5 l\u00e4ger i norra Tyskland som hon inte kunde minnas namnen p\u00e5.<\/p>\n<p>Den 1 maj 1945 blev Lina S befriad fr\u00e5n koncentrationsl\u00e4gret och f\u00f6rdes med hj\u00e4lp av de vita bussarna till Sverige. De vita bussarna leddes av den svenske greven Folke Bernadotte och var i f\u00f6rsta hand till f\u00f6r att f\u00f6ra hem svenska och skandinaviska f\u00e5ngar fr\u00e5n koncentrationsl\u00e4gren, men n\u00e4r de v\u00e4l n\u00e5dde platsen tog dem emot s\u00e5 m\u00e5nga som m\u00f6jligt b\u00e5de skandinaviska och utl\u00e4ndska f\u00e5ngar. Den 5 maj anl\u00e4nde hon med b\u00e5t till Malm\u00f6. Fr\u00e5n Malm\u00f6 blev hon iv\u00e4gskickad till beredskapssjukhuset p\u00e5 Engelbrektskolan i \u00d6rebro den 12 juni. N\u00e4r Lina sedan blev frisk och var arbetsduglig s\u00e5 jobbade hon som fabriksarbeterska p\u00e5 en skofabrik i \u00d6rebro som hette Gracilsko och hon fick en l\u00f6n p\u00e5 ca 40 kr i veckan. Lina skaffade sig ett tillf\u00e4lligt boende i en l\u00e4genhet p\u00e5 Pragm\u00e9nsv\u00e4gen 6 i tillsammans med den f\u00f6rre detta \u00f6sterrikaren Jonas A och polskan Roza B. Lina hade inga avsikter att stanna kvar i Sverige helst av allt ville hon tillbaka till \u00d6sterrike men p\u00e5 grund av vissa politiska komplikationer enligt henne sj\u00e4lv s\u00e5 var det inte s\u00e4kert att bege sig tillbaka hem. Lina S valde d\u00e5 att hon skulle l\u00e4mna Sverige och \u00e5ka till Amerika precis som hennes rumskamrater ville.<\/p>\n<p>Lina S kom till Amerika via den mosaiska f\u00f6rsamlingens emigrationsavdelningen som hade bett henne att \u00e5ka till det amerikanska konsulatet i Stockholm f\u00f6r att f\u00e5 visum till landet och till USA kom hon runt den 30 april 1952. Eftersom Lina har utrest till Amerika s\u00e5 har jag inte lyckats f\u00e5 fram mer fakta om vad som h\u00e4nde efter att hon l\u00e4mnat Sverige.<\/p>\n<p>P\u00e5 hemsidan\u00a0<a href=\"http:\/\/www.doew.at\/english\">http:\/\/www.doew.at\/english<\/a>\u00a0g\u00e5r det att hitta kort information om Lina Simmel och hennes man Otto samt GESTAPO:s fotografier. Skriv in Lina och Simmel.<\/p>\n<p>K\u00e4lla: Dossier Staten Utl\u00e4nningskommission, Riksarkivet<\/p>\n<p><strong>Av:\u00a0\u00a0Stephanie 9F vt 2012<\/strong><\/p>\n","protected":false},"excerpt":{"rendered":"<p>Lina f\u00f6ddes den 27 december 1895 i Lemberg i d\u00e5varande \u00d6sterrike (idag Ukraina). Hennes f\u00f6r\u00e4ldrar var k\u00f6pmannen Sigmund K som f\u00f6ddes den 1 juli 1856. Linas mamma var Johanna K-B f\u00f6dd den 5 juni 1856. Lina v\u00e4xte upp i f\u00f6r\u00e4ldrahemmet tillsammans med hennes bror i Wien, \u00d6sterrike. Hon gick fyra \u00e5r i folkskola, sedan gick &hellip; <\/p>\n<p><a class=\"more-link btn\" href=\"http:\/\/xn--skuggorfrndetfrflutna-02b01b.se\/?page_id=257\">Forts\u00e4tt l\u00e4sa<\/a><\/p>\n","protected":false},"author":1,"featured_media":0,"parent":0,"menu_order":0,"comment_status":"closed","ping_status":"open","template":"","meta":{"_monsterinsights_skip_tracking":false,"_monsterinsights_sitenote_active":false,"_monsterinsights_sitenote_note":"","_monsterinsights_sitenote_category":0,"footnotes":""},"class_list":["post-257","page","type-page","status-publish","hentry","nodate","item-wrap"],"jetpack_sharing_enabled":true,"_links":{"self":[{"href":"http:\/\/xn--skuggorfrndetfrflutna-02b01b.se\/index.php?rest_route=\/wp\/v2\/pages\/257","targetHints":{"allow":["GET"]}}],"collection":[{"href":"http:\/\/xn--skuggorfrndetfrflutna-02b01b.se\/index.php?rest_route=\/wp\/v2\/pages"}],"about":[{"href":"http:\/\/xn--skuggorfrndetfrflutna-02b01b.se\/index.php?rest_route=\/wp\/v2\/types\/page"}],"author":[{"embeddable":true,"href":"http:\/\/xn--skuggorfrndetfrflutna-02b01b.se\/index.php?rest_route=\/wp\/v2\/users\/1"}],"replies":[{"embeddable":true,"href":"http:\/\/xn--skuggorfrndetfrflutna-02b01b.se\/index.php?rest_route=%2Fwp%2Fv2%2Fcomments&post=257"}],"version-history":[{"count":7,"href":"http:\/\/xn--skuggorfrndetfrflutna-02b01b.se\/index.php?rest_route=\/wp\/v2\/pages\/257\/revisions"}],"predecessor-version":[{"id":959,"href":"http:\/\/xn--skuggorfrndetfrflutna-02b01b.se\/index.php?rest_route=\/wp\/v2\/pages\/257\/revisions\/959"}],"wp:attachment":[{"href":"http:\/\/xn--skuggorfrndetfrflutna-02b01b.se\/index.php?rest_route=%2Fwp%2Fv2%2Fmedia&parent=257"}],"curies":[{"name":"wp","href":"https:\/\/api.w.org\/{rel}","templated":true}]}}