{"id":244,"date":"2013-09-10T18:54:07","date_gmt":"2013-09-10T18:54:07","guid":{"rendered":"http:\/\/xn--skuggorfrndetfrflutna-02b01b.se\/?page_id=244"},"modified":"2013-09-10T18:54:07","modified_gmt":"2013-09-10T18:54:07","slug":"thessaloniki","status":"publish","type":"page","link":"http:\/\/xn--skuggorfrndetfrflutna-02b01b.se\/?page_id=244","title":{"rendered":"Thessaloniki"},"content":{"rendered":"<p>Thessaloniki (Saloniki)<br \/>\nAlois Brunner och Wiesly Wisliceny var de tyska SS-specialisterna som best\u00e4mde hur de skulle deportera de grekiska judarna till Tyskland, fr\u00e4mst till Auschwitz. Det var bara en handfull tyska SS-m\u00e4n som kr\u00e4vdes f\u00f6r att ta hand om deportationerna och de lyckades \u00e4nd\u00e5 transportera bort n\u00e4stan hela den judiska befolkningen. Det bodde cirka 54\u00a0000 s\u00e5 kallade sephardiska judar (ursprungligen spanska judar som tvingats iv\u00e4g fr\u00e5n Spanien 1492) i Saloniki. Totalt dog 98 procent av dem. F\u00f6re deportationerna hade 3 000 till 7 000 judar redan flytt fr\u00e5n staden, och de flydde fr\u00e4mst till den Italienska ockupationszonen.<\/p>\n<p>Den 15 mars 1943 gick den f\u00f6rsta deportationstransporten fr\u00e5n Saloniki med 2 800 judar till Auschwitz. N\u00e4r de kom till Auschwitz-Birkenau s\u00e5 blev 37 000 ihj\u00e4lgasade direkt. N\u00e4stan en fj\u00e4rdedel av alla 400 experiment utf\u00f6rdes p\u00e5 grekiska judar och tvillingar, som ocks\u00e5 utsattes f\u00f6r avskyv\u00e4rda experiment d\u00e4r den ene fick en sjukdom och d\u00f6r sen kollade doktorn p\u00e5 deras kroppar f\u00f6r att se skillnad. Den mest k\u00e4nde av Auschwitz l\u00e4kare \u00e4r doktor Josef Mengele.<\/p>\n<p>Idag finns det uppskattningsvis bara 1 200 judar i Saloniki.<\/p>\n<p>Av:\u00a0Alexander Mallalieu 9E vt 2012<\/p>\n","protected":false},"excerpt":{"rendered":"<p>Thessaloniki (Saloniki) Alois Brunner och Wiesly Wisliceny var de tyska SS-specialisterna som best\u00e4mde hur de skulle deportera de grekiska judarna till Tyskland, fr\u00e4mst till Auschwitz. Det var bara en handfull tyska SS-m\u00e4n som kr\u00e4vdes f\u00f6r att ta hand om deportationerna och de lyckades \u00e4nd\u00e5 transportera bort n\u00e4stan hela den judiska befolkningen. Det bodde cirka 54\u00a0000 &hellip; <\/p>\n<p><a class=\"more-link btn\" href=\"http:\/\/xn--skuggorfrndetfrflutna-02b01b.se\/?page_id=244\">Forts\u00e4tt l\u00e4sa<\/a><\/p>\n","protected":false},"author":1,"featured_media":0,"parent":0,"menu_order":0,"comment_status":"closed","ping_status":"open","template":"","meta":{"_monsterinsights_skip_tracking":false,"_monsterinsights_sitenote_active":false,"_monsterinsights_sitenote_note":"","_monsterinsights_sitenote_category":0,"footnotes":""},"class_list":["post-244","page","type-page","status-publish","hentry","nodate","item-wrap"],"jetpack_sharing_enabled":true,"_links":{"self":[{"href":"http:\/\/xn--skuggorfrndetfrflutna-02b01b.se\/index.php?rest_route=\/wp\/v2\/pages\/244","targetHints":{"allow":["GET"]}}],"collection":[{"href":"http:\/\/xn--skuggorfrndetfrflutna-02b01b.se\/index.php?rest_route=\/wp\/v2\/pages"}],"about":[{"href":"http:\/\/xn--skuggorfrndetfrflutna-02b01b.se\/index.php?rest_route=\/wp\/v2\/types\/page"}],"author":[{"embeddable":true,"href":"http:\/\/xn--skuggorfrndetfrflutna-02b01b.se\/index.php?rest_route=\/wp\/v2\/users\/1"}],"replies":[{"embeddable":true,"href":"http:\/\/xn--skuggorfrndetfrflutna-02b01b.se\/index.php?rest_route=%2Fwp%2Fv2%2Fcomments&post=244"}],"version-history":[{"count":1,"href":"http:\/\/xn--skuggorfrndetfrflutna-02b01b.se\/index.php?rest_route=\/wp\/v2\/pages\/244\/revisions"}],"predecessor-version":[{"id":246,"href":"http:\/\/xn--skuggorfrndetfrflutna-02b01b.se\/index.php?rest_route=\/wp\/v2\/pages\/244\/revisions\/246"}],"wp:attachment":[{"href":"http:\/\/xn--skuggorfrndetfrflutna-02b01b.se\/index.php?rest_route=%2Fwp%2Fv2%2Fmedia&parent=244"}],"curies":[{"name":"wp","href":"https:\/\/api.w.org\/{rel}","templated":true}]}}