{"id":2,"date":"2013-08-22T06:37:48","date_gmt":"2013-08-22T06:37:48","guid":{"rendered":"http:\/\/xn--skuggorfrndetfrflutna-02b01b.se\/?page_id=2"},"modified":"2016-02-10T19:32:57","modified_gmt":"2016-02-10T19:32:57","slug":"exempelsida","status":"publish","type":"page","link":"http:\/\/xn--skuggorfrndetfrflutna-02b01b.se\/?page_id=2","title":{"rendered":"UNRRA och L\u00fcbeck-detachementet"},"content":{"rendered":"<p style=\"text-align: left;\" align=\"center\"><b>R\u00f6da Korsets L\u00fcbeck-detachement <\/b><\/p>\n<p style=\"text-align: left;\" align=\"center\"><b>25 juni &#8211; 25 juli 1945<\/b><\/p>\n<p style=\"text-align: left;\" align=\"center\">N\u00e4rmare 10 000 f\u00f6re detta l\u00e4gerf\u00e5ngar kommer till Sverige med hj\u00e4lp av R\u00f6da Korset v\u00e5ren\/sommaren. Tillsammans med &#8221;Vita buss-aktionen&#8221; kommer n\u00e4rmare 30 000 f\u00f6re detta l\u00e4gerf\u00e5ngar till Sverige. M\u00e5nga i mycket d\u00e5ligt skick.<\/p>\n<p style=\"text-align: left;\" align=\"center\">\u2013 Folke Rickardssons (fr \u00d6rebro) fotoalbum. Bilderna avscannade med tillst\u00e5nd av Folke Rickardssons son Lennart.<\/p>\n<p style=\"text-align: left;\" align=\"center\"><a href=\"http:\/\/xn--skuggorfrndetfrflutna-02b01b.se\/wp-content\/uploads\/2013\/08\/Bra-bild-2.jpg\"><img loading=\"lazy\" decoding=\"async\" class=\"alignnone size-medium wp-image-110\" src=\"http:\/\/xn--skuggorfrndetfrflutna-02b01b.se\/wp-content\/uploads\/2013\/08\/Bra-bild-2-200x300.jpg\" alt=\"Bra bild 2\" width=\"200\" height=\"300\" srcset=\"http:\/\/xn--skuggorfrndetfrflutna-02b01b.se\/wp-content\/uploads\/2013\/08\/Bra-bild-2-200x300.jpg 200w, http:\/\/xn--skuggorfrndetfrflutna-02b01b.se\/wp-content\/uploads\/2013\/08\/Bra-bild-2.jpg 491w\" sizes=\"auto, (max-width: 200px) 100vw, 200px\" \/><\/a> <a href=\"http:\/\/xn--skuggorfrndetfrflutna-02b01b.se\/wp-content\/uploads\/2013\/08\/Bra-bild-4.jpg\"><img loading=\"lazy\" decoding=\"async\" class=\"alignnone size-medium wp-image-113\" src=\"http:\/\/xn--skuggorfrndetfrflutna-02b01b.se\/wp-content\/uploads\/2013\/08\/Bra-bild-4-297x300.jpg\" alt=\"Bra bild 4\" width=\"297\" height=\"300\" srcset=\"http:\/\/xn--skuggorfrndetfrflutna-02b01b.se\/wp-content\/uploads\/2013\/08\/Bra-bild-4-297x300.jpg 297w, http:\/\/xn--skuggorfrndetfrflutna-02b01b.se\/wp-content\/uploads\/2013\/08\/Bra-bild-4-1017x1024.jpg 1017w, http:\/\/xn--skuggorfrndetfrflutna-02b01b.se\/wp-content\/uploads\/2013\/08\/Bra-bild-4-50x50.jpg 50w, http:\/\/xn--skuggorfrndetfrflutna-02b01b.se\/wp-content\/uploads\/2013\/08\/Bra-bild-4-125x125.jpg 125w, http:\/\/xn--skuggorfrndetfrflutna-02b01b.se\/wp-content\/uploads\/2013\/08\/Bra-bild-4.jpg 1338w\" sizes=\"auto, (max-width: 297px) 100vw, 297px\" \/><\/a> <a href=\"http:\/\/xn--skuggorfrndetfrflutna-02b01b.se\/wp-content\/uploads\/2013\/08\/Bra-bild.jpg\"><img loading=\"lazy\" decoding=\"async\" class=\"alignnone size-medium wp-image-114\" src=\"http:\/\/xn--skuggorfrndetfrflutna-02b01b.se\/wp-content\/uploads\/2013\/08\/Bra-bild-202x300.jpg\" alt=\"Bra bild\" width=\"202\" height=\"300\" srcset=\"http:\/\/xn--skuggorfrndetfrflutna-02b01b.se\/wp-content\/uploads\/2013\/08\/Bra-bild-202x300.jpg 202w, http:\/\/xn--skuggorfrndetfrflutna-02b01b.se\/wp-content\/uploads\/2013\/08\/Bra-bild.jpg 500w\" sizes=\"auto, (max-width: 202px) 100vw, 202px\" \/><\/a> <a href=\"http:\/\/xn--skuggorfrndetfrflutna-02b01b.se\/wp-content\/uploads\/2013\/08\/L\u00fcbeck.jpg\"><img loading=\"lazy\" decoding=\"async\" class=\"alignnone size-medium wp-image-115\" src=\"http:\/\/xn--skuggorfrndetfrflutna-02b01b.se\/wp-content\/uploads\/2013\/08\/L\u00fcbeck-300x289.jpg\" alt=\"L\u00fcbeck\" width=\"300\" height=\"289\" srcset=\"http:\/\/xn--skuggorfrndetfrflutna-02b01b.se\/wp-content\/uploads\/2013\/08\/L\u00fcbeck-300x289.jpg 300w, http:\/\/xn--skuggorfrndetfrflutna-02b01b.se\/wp-content\/uploads\/2013\/08\/L\u00fcbeck.jpg 676w\" sizes=\"auto, (max-width: 300px) 100vw, 300px\" \/><\/a> <a href=\"http:\/\/xn--skuggorfrndetfrflutna-02b01b.se\/wp-content\/uploads\/2013\/08\/L\u00fcbeck2.jpg\"><img loading=\"lazy\" decoding=\"async\" class=\"alignnone size-medium wp-image-116\" src=\"http:\/\/xn--skuggorfrndetfrflutna-02b01b.se\/wp-content\/uploads\/2013\/08\/L\u00fcbeck2-300x288.jpg\" alt=\"L\u00fcbeck2\" width=\"300\" height=\"288\" srcset=\"http:\/\/xn--skuggorfrndetfrflutna-02b01b.se\/wp-content\/uploads\/2013\/08\/L\u00fcbeck2-300x288.jpg 300w, http:\/\/xn--skuggorfrndetfrflutna-02b01b.se\/wp-content\/uploads\/2013\/08\/L\u00fcbeck2.jpg 685w\" sizes=\"auto, (max-width: 300px) 100vw, 300px\" \/><\/a> <a href=\"http:\/\/xn--skuggorfrndetfrflutna-02b01b.se\/wp-content\/uploads\/2013\/08\/L\u00fcbeck8.jpg\"><img loading=\"lazy\" decoding=\"async\" class=\"alignnone size-medium wp-image-117\" src=\"http:\/\/xn--skuggorfrndetfrflutna-02b01b.se\/wp-content\/uploads\/2013\/08\/L\u00fcbeck8-300x285.jpg\" alt=\"L\u00fcbeck8\" width=\"300\" height=\"285\" srcset=\"http:\/\/xn--skuggorfrndetfrflutna-02b01b.se\/wp-content\/uploads\/2013\/08\/L\u00fcbeck8-300x285.jpg 300w, http:\/\/xn--skuggorfrndetfrflutna-02b01b.se\/wp-content\/uploads\/2013\/08\/L\u00fcbeck8.jpg 676w\" sizes=\"auto, (max-width: 300px) 100vw, 300px\" \/><\/a> <a href=\"http:\/\/xn--skuggorfrndetfrflutna-02b01b.se\/wp-content\/uploads\/2013\/08\/L\u00fcbeck9.jpg\"><img loading=\"lazy\" decoding=\"async\" class=\"alignnone size-medium wp-image-118\" src=\"http:\/\/xn--skuggorfrndetfrflutna-02b01b.se\/wp-content\/uploads\/2013\/08\/L\u00fcbeck9-300x282.jpg\" alt=\"L\u00fcbeck9\" width=\"300\" height=\"282\" srcset=\"http:\/\/xn--skuggorfrndetfrflutna-02b01b.se\/wp-content\/uploads\/2013\/08\/L\u00fcbeck9-300x282.jpg 300w, http:\/\/xn--skuggorfrndetfrflutna-02b01b.se\/wp-content\/uploads\/2013\/08\/L\u00fcbeck9.jpg 679w\" sizes=\"auto, (max-width: 300px) 100vw, 300px\" \/><\/a><\/p>\n<p style=\"text-align: left;\" align=\"center\">Nedl\u00e4ggning av regementen drabbar \u00e4ven Tyskland. Kaserng\u00e5rden d\u00e4r bilderna ovan togs 2014.<\/p>\n<p style=\"text-align: left;\" align=\"center\"><a href=\"http:\/\/skugg.wopsa.se\/?attachment_id=2368\" rel=\"attachment wp-att-2368\"><img loading=\"lazy\" decoding=\"async\" class=\"alignnone size-large wp-image-2368\" src=\"http:\/\/skugg.wopsa.se\/wp-content\/uploads\/2013\/08\/Israel-Benelux-resor-14-141-1024x680.jpg\" alt=\"Israel Benelux resor 14 141\" width=\"1024\" height=\"680\" srcset=\"http:\/\/xn--skuggorfrndetfrflutna-02b01b.se\/wp-content\/uploads\/2013\/08\/Israel-Benelux-resor-14-141-1024x680.jpg 1024w, http:\/\/xn--skuggorfrndetfrflutna-02b01b.se\/wp-content\/uploads\/2013\/08\/Israel-Benelux-resor-14-141-300x199.jpg 300w, http:\/\/xn--skuggorfrndetfrflutna-02b01b.se\/wp-content\/uploads\/2013\/08\/Israel-Benelux-resor-14-141-768x510.jpg 768w\" sizes=\"auto, (max-width: 1024px) 100vw, 1024px\" \/><\/a> <a href=\"http:\/\/skugg.wopsa.se\/?attachment_id=2369\" rel=\"attachment wp-att-2369\"><img loading=\"lazy\" decoding=\"async\" class=\"alignnone size-large wp-image-2369\" src=\"http:\/\/skugg.wopsa.se\/wp-content\/uploads\/2013\/08\/Israel-Benelux-resor-14-171-1024x680.jpg\" alt=\"Israel Benelux resor 14 171\" width=\"1024\" height=\"680\" srcset=\"http:\/\/xn--skuggorfrndetfrflutna-02b01b.se\/wp-content\/uploads\/2013\/08\/Israel-Benelux-resor-14-171-1024x680.jpg 1024w, http:\/\/xn--skuggorfrndetfrflutna-02b01b.se\/wp-content\/uploads\/2013\/08\/Israel-Benelux-resor-14-171-300x199.jpg 300w, http:\/\/xn--skuggorfrndetfrflutna-02b01b.se\/wp-content\/uploads\/2013\/08\/Israel-Benelux-resor-14-171-768x510.jpg 768w\" sizes=\"auto, (max-width: 1024px) 100vw, 1024px\" \/><\/a><\/p>\n<p style=\"text-align: left;\" align=\"center\">Den judiska kyrkog\u00e5rden 2014 d\u00e4r bortgl\u00f6mda gravar visar p\u00e5 de kvinnor som sannolikt dog p\u00e5 det engelska sjukhuset innan svenska R\u00f6da korset\u00a0b\u00f6rjade f\u00f6rflytta befriade f\u00e5ngar till Sverige. Foto: Mikael Enoksson.<\/p>\n","protected":false},"excerpt":{"rendered":"<p>R\u00f6da Korsets L\u00fcbeck-detachement 25 juni &#8211; 25 juli 1945 N\u00e4rmare 10 000 f\u00f6re detta l\u00e4gerf\u00e5ngar kommer till Sverige med hj\u00e4lp av R\u00f6da Korset v\u00e5ren\/sommaren. Tillsammans med &#8221;Vita buss-aktionen&#8221; kommer n\u00e4rmare 30 000 f\u00f6re detta l\u00e4gerf\u00e5ngar till Sverige. M\u00e5nga i mycket d\u00e5ligt skick. \u2013 Folke Rickardssons (fr \u00d6rebro) fotoalbum. Bilderna avscannade med tillst\u00e5nd av Folke Rickardssons &hellip; <\/p>\n<p><a class=\"more-link btn\" href=\"http:\/\/xn--skuggorfrndetfrflutna-02b01b.se\/?page_id=2\">Forts\u00e4tt l\u00e4sa<\/a><\/p>\n","protected":false},"author":1,"featured_media":0,"parent":0,"menu_order":0,"comment_status":"open","ping_status":"open","template":"","meta":{"_monsterinsights_skip_tracking":false,"_monsterinsights_sitenote_active":false,"_monsterinsights_sitenote_note":"","_monsterinsights_sitenote_category":0,"footnotes":""},"class_list":["post-2","page","type-page","status-publish","hentry","nodate","item-wrap"],"jetpack_sharing_enabled":true,"_links":{"self":[{"href":"http:\/\/xn--skuggorfrndetfrflutna-02b01b.se\/index.php?rest_route=\/wp\/v2\/pages\/2","targetHints":{"allow":["GET"]}}],"collection":[{"href":"http:\/\/xn--skuggorfrndetfrflutna-02b01b.se\/index.php?rest_route=\/wp\/v2\/pages"}],"about":[{"href":"http:\/\/xn--skuggorfrndetfrflutna-02b01b.se\/index.php?rest_route=\/wp\/v2\/types\/page"}],"author":[{"embeddable":true,"href":"http:\/\/xn--skuggorfrndetfrflutna-02b01b.se\/index.php?rest_route=\/wp\/v2\/users\/1"}],"replies":[{"embeddable":true,"href":"http:\/\/xn--skuggorfrndetfrflutna-02b01b.se\/index.php?rest_route=%2Fwp%2Fv2%2Fcomments&post=2"}],"version-history":[{"count":9,"href":"http:\/\/xn--skuggorfrndetfrflutna-02b01b.se\/index.php?rest_route=\/wp\/v2\/pages\/2\/revisions"}],"predecessor-version":[{"id":2370,"href":"http:\/\/xn--skuggorfrndetfrflutna-02b01b.se\/index.php?rest_route=\/wp\/v2\/pages\/2\/revisions\/2370"}],"wp:attachment":[{"href":"http:\/\/xn--skuggorfrndetfrflutna-02b01b.se\/index.php?rest_route=%2Fwp%2Fv2%2Fmedia&parent=2"}],"curies":[{"name":"wp","href":"https:\/\/api.w.org\/{rel}","templated":true}]}}