{"id":197,"date":"2013-09-09T15:12:35","date_gmt":"2013-09-09T15:12:35","guid":{"rendered":"http:\/\/xn--skuggorfrndetfrflutna-02b01b.se\/?page_id=197"},"modified":"2014-03-22T22:44:45","modified_gmt":"2014-03-22T22:44:45","slug":"dokument-2","status":"publish","type":"page","link":"http:\/\/xn--skuggorfrndetfrflutna-02b01b.se\/?page_id=197","title":{"rendered":"Exempel p\u00e5 olika k\u00e4llor"},"content":{"rendered":"<p><a href=\"http:\/\/xn--skuggorfrndetfrflutna-02b01b.se\/wp-content\/uploads\/2013\/09\/Ankomsten.jpg\"><img loading=\"lazy\" decoding=\"async\" class=\"alignnone size-full wp-image-469\" alt=\"Ankomsten\" src=\"http:\/\/xn--skuggorfrndetfrflutna-02b01b.se\/wp-content\/uploads\/2013\/09\/Ankomsten.jpg\" width=\"594\" height=\"462\" srcset=\"http:\/\/xn--skuggorfrndetfrflutna-02b01b.se\/wp-content\/uploads\/2013\/09\/Ankomsten.jpg 594w, http:\/\/xn--skuggorfrndetfrflutna-02b01b.se\/wp-content\/uploads\/2013\/09\/Ankomsten-300x233.jpg 300w\" sizes=\"auto, (max-width: 594px) 100vw, 594px\" \/><\/a><\/p>\n<p>D\u00e5 dokumenten kommer fr\u00e5n olika arkiv d\u00e4r k\u00e4nsliga uppgifter kan f\u00f6rekomma och i en del fall av misstag hamnat d\u00e4r v\u00e4ljer vi att enbart publicera kvinnornas f\u00f6rnamn i olika texter. Dorothea Wachskerz f\u00f6rekommer redan v\u00e5ren 1945 i Nerikes Allehanda med namn och hennes historia ber\u00e4ttas kort, om \u00e4n inte helt korrekt. D\u00e4rf\u00f6r f\u00e5r hon beh\u00e5lla hela sitt namn och vara exempel. Klicka p\u00e5 dokumentet f\u00f6r st\u00f6rre storlek.<\/p>\n<p>N\u00e4r det g\u00e4ller pressklipp fick tre elever medf\u00f6lja SO-l\u00e4raren till \u00d6rebro universitet d\u00e4r det finns en microfilmsl\u00e4sare med utskriftsm\u00f6jlighet. Eleverna fick under en f\u00f6rmiddag leta efter information mellan givna datum.<\/p>\n<p>K\u00e4lla: Nerikes Allehanda 21 juni 1945.<\/p>\n<p><a href=\"http:\/\/xn--skuggorfrndetfrflutna-02b01b.se\/wp-content\/uploads\/2013\/09\/dor3.png\"><img loading=\"lazy\" decoding=\"async\" class=\"alignnone  wp-image-209\" alt=\"dor3\" src=\"http:\/\/xn--skuggorfrndetfrflutna-02b01b.se\/wp-content\/uploads\/2013\/09\/dor3.png\" width=\"295\" height=\"528\" srcset=\"http:\/\/xn--skuggorfrndetfrflutna-02b01b.se\/wp-content\/uploads\/2013\/09\/dor3.png 602w, http:\/\/xn--skuggorfrndetfrflutna-02b01b.se\/wp-content\/uploads\/2013\/09\/dor3-167x300.png 167w, http:\/\/xn--skuggorfrndetfrflutna-02b01b.se\/wp-content\/uploads\/2013\/09\/dor3-572x1024.png 572w\" sizes=\"auto, (max-width: 295px) 100vw, 295px\" \/><\/a><\/p>\n<p><a href=\"http:\/\/xn--skuggorfrndetfrflutna-02b01b.se\/wp-content\/uploads\/2013\/09\/dor4.png\"><img loading=\"lazy\" decoding=\"async\" class=\"alignnone  wp-image-210\" alt=\"dor4\" src=\"http:\/\/xn--skuggorfrndetfrflutna-02b01b.se\/wp-content\/uploads\/2013\/09\/dor4.png\" width=\"677\" height=\"1013\" srcset=\"http:\/\/xn--skuggorfrndetfrflutna-02b01b.se\/wp-content\/uploads\/2013\/09\/dor4.png 752w, http:\/\/xn--skuggorfrndetfrflutna-02b01b.se\/wp-content\/uploads\/2013\/09\/dor4-200x300.png 200w\" sizes=\"auto, (max-width: 677px) 100vw, 677px\" \/><\/a><\/p>\n<p>Detta PM \u00e4r exempel p\u00e5 de polisf\u00f6rh\u00f6r som finns bevara f\u00f6r de flesta av kvinnorna. F\u00f6rh\u00f6ren skickades sedan till Statens utl\u00e4nningskommission och placerades i den dossier som uppr\u00e4ttades f\u00f6r m\u00e5nga av kvinnorna. H\u00e4r finns olika ans\u00f6kningar som arbetstillst\u00e5nd och resetillst\u00e5nd och ibland ocks\u00e5 fotografier. \u00a0F\u00f6r de kvinnor som s\u00e5 sm\u00e5ningom s\u00f6ker svenskt medborgarskap finns \u00e4ven en dossier bevarad p\u00e5 justitiedepartementet som beslutade i fr\u00e5gan. \u00a0De kvinnor som gifte sig med svenska m\u00e4n blev automatiskt svenska medborgare. K\u00e4lla: Dossier \u00f6ver Dorothea Wachskerz, Statens utl\u00e4nningskommission, Riksarkivet.<\/p>\n<p><a href=\"http:\/\/xn--skuggorfrndetfrflutna-02b01b.se\/wp-content\/uploads\/2013\/09\/dor1.png\"><img loading=\"lazy\" decoding=\"async\" class=\"alignnone size-full wp-image-207\" alt=\"dor\" src=\"http:\/\/xn--skuggorfrndetfrflutna-02b01b.se\/wp-content\/uploads\/2013\/09\/dor1.png\" width=\"629\" height=\"839\" srcset=\"http:\/\/xn--skuggorfrndetfrflutna-02b01b.se\/wp-content\/uploads\/2013\/09\/dor1.png 629w, http:\/\/xn--skuggorfrndetfrflutna-02b01b.se\/wp-content\/uploads\/2013\/09\/dor1-224x300.png 224w\" sizes=\"auto, (max-width: 629px) 100vw, 629px\" \/><\/a><\/p>\n<p>&nbsp;<\/p>\n<p>N\u00e4r Dorothea passerade gr\u00e4nsen med de s\u00e5 kallade vita bussarna \u00a0den 28 april uppr\u00e4ttades ett inpasseringskort i god byr\u00e5kratiskt ordning. Tj\u00e4nstemannen har noterat judinna, vilket var n\u00e5got man inte normalt gjorde. K\u00e4lla: Riksarkivet, Inpasseringskort alfabetiskt ordnade. P\u00e5 n\u00e4tet finns nu namnlistor med n\u00e5gra av de som kom med de vita bussarna. <a href=\"http:\/\/harbourofhope.com\/wp-content\/uploads\/2012\/09\/SE-MSA-00453-F7-10-98.jpg\">Se om du hittar Dorothea h\u00e4r: Klicka p\u00e5 denna l\u00e4nk.<\/a><\/p>\n<p>&nbsp;<\/p>\n<p><a href=\"http:\/\/xn--skuggorfrndetfrflutna-02b01b.se\/wp-content\/uploads\/2013\/09\/dor2.png\"><img loading=\"lazy\" decoding=\"async\" class=\"alignnone  wp-image-208\" alt=\"dor2\" src=\"http:\/\/xn--skuggorfrndetfrflutna-02b01b.se\/wp-content\/uploads\/2013\/09\/dor2.png\" width=\"585\" height=\"708\" srcset=\"http:\/\/xn--skuggorfrndetfrflutna-02b01b.se\/wp-content\/uploads\/2013\/09\/dor2.png 914w, http:\/\/xn--skuggorfrndetfrflutna-02b01b.se\/wp-content\/uploads\/2013\/09\/dor2-247x300.png 247w, http:\/\/xn--skuggorfrndetfrflutna-02b01b.se\/wp-content\/uploads\/2013\/09\/dor2-846x1024.png 846w\" sizes=\"auto, (max-width: 585px) 100vw, 585px\" \/><\/a><\/p>\n<p>Fr\u00e5n Karant\u00e4nl\u00e4gret i Lund finns ocks\u00e5 ofta bevarade inskrivningskort. P\u00e5 kortens baksida noterades \u00e4ven framtida placeringar p\u00e5 sjukhus eller l\u00e4ger runt om i Sverige.<\/p>\n<p>Flera elever som har letat information om Dorothea har hittat hennes b\u00e5da f\u00f6r\u00e4ldrar i Yad Vashems databas \u00f6ver f\u00f6rintelsens offer.<\/p>\n<p><a href=\"http:\/\/xn--skuggorfrndetfrflutna-02b01b.se\/wp-content\/uploads\/2013\/09\/dor5.png\"><img loading=\"lazy\" decoding=\"async\" class=\"alignnone size-medium wp-image-211\" alt=\"dor5\" src=\"http:\/\/xn--skuggorfrndetfrflutna-02b01b.se\/wp-content\/uploads\/2013\/09\/dor5-300x239.png\" width=\"300\" height=\"239\" srcset=\"http:\/\/xn--skuggorfrndetfrflutna-02b01b.se\/wp-content\/uploads\/2013\/09\/dor5-300x239.png 300w, http:\/\/xn--skuggorfrndetfrflutna-02b01b.se\/wp-content\/uploads\/2013\/09\/dor5.png 1022w\" sizes=\"auto, (max-width: 300px) 100vw, 300px\" \/><\/a><\/p>\n<p>Engelsk \u00f6vers\u00e4ttning: Wolf Zerykier was born in Lodz in 1887 to Natan. He was a textile merchant and married to Miriam nee Shlager. Prior to WWII he lived in Bielsko, Poland. During the war he was in Tarnow, Poland. Wolf was murdered in 1943 in Auschwitz, Poland. K\u00e4lla: www.yadvashem.org<\/p>\n<p>&nbsp;<\/p>\n<p>Utdrag fr\u00e5n protokoll f\u00f6rt vid sammantr\u00e4de med sektion II inom styrelsen f\u00f6r \u00d6rebrodistriktet av Svenska R\u00f6da korset den 13 december 1945:<br \/>\n\u2026<br \/>\n\u00a7 15<br \/>\nHerr ordf\u00f6randen anm\u00e4lde, att han l\u00e5tit till polska medborgaren fru Dorothea Wachskerz, som vore intagen \u00e5 beredskapssjukhuset i \u00d6rebro, utbetala femtio kronor f\u00f6r att s\u00e4tta henne i tillf\u00e4lle att bes\u00f6ka hennes make, som vistades \u00e5 beredskapssjukhuset i Stockholm.<\/p>\n<p>\u00c5tg\u00e4rden godk\u00e4ndes.<\/p>\n<p>K\u00e4lla: Arkivcentrum (\u00d6rebro), R\u00f6da korsets handlingar<\/p>\n<p>&nbsp;<\/p>\n","protected":false},"excerpt":{"rendered":"<p>D\u00e5 dokumenten kommer fr\u00e5n olika arkiv d\u00e4r k\u00e4nsliga uppgifter kan f\u00f6rekomma och i en del fall av misstag hamnat d\u00e4r v\u00e4ljer vi att enbart publicera kvinnornas f\u00f6rnamn i olika texter. Dorothea Wachskerz f\u00f6rekommer redan v\u00e5ren 1945 i Nerikes Allehanda med namn och hennes historia ber\u00e4ttas kort, om \u00e4n inte helt korrekt. D\u00e4rf\u00f6r f\u00e5r hon beh\u00e5lla &hellip; <\/p>\n<p><a class=\"more-link btn\" href=\"http:\/\/xn--skuggorfrndetfrflutna-02b01b.se\/?page_id=197\">Forts\u00e4tt l\u00e4sa<\/a><\/p>\n","protected":false},"author":1,"featured_media":0,"parent":0,"menu_order":0,"comment_status":"closed","ping_status":"open","template":"","meta":{"_monsterinsights_skip_tracking":false,"_monsterinsights_sitenote_active":false,"_monsterinsights_sitenote_note":"","_monsterinsights_sitenote_category":0,"footnotes":""},"class_list":["post-197","page","type-page","status-publish","hentry","nodate","item-wrap"],"jetpack_sharing_enabled":true,"_links":{"self":[{"href":"http:\/\/xn--skuggorfrndetfrflutna-02b01b.se\/index.php?rest_route=\/wp\/v2\/pages\/197","targetHints":{"allow":["GET"]}}],"collection":[{"href":"http:\/\/xn--skuggorfrndetfrflutna-02b01b.se\/index.php?rest_route=\/wp\/v2\/pages"}],"about":[{"href":"http:\/\/xn--skuggorfrndetfrflutna-02b01b.se\/index.php?rest_route=\/wp\/v2\/types\/page"}],"author":[{"embeddable":true,"href":"http:\/\/xn--skuggorfrndetfrflutna-02b01b.se\/index.php?rest_route=\/wp\/v2\/users\/1"}],"replies":[{"embeddable":true,"href":"http:\/\/xn--skuggorfrndetfrflutna-02b01b.se\/index.php?rest_route=%2Fwp%2Fv2%2Fcomments&post=197"}],"version-history":[{"count":18,"href":"http:\/\/xn--skuggorfrndetfrflutna-02b01b.se\/index.php?rest_route=\/wp\/v2\/pages\/197\/revisions"}],"predecessor-version":[{"id":1362,"href":"http:\/\/xn--skuggorfrndetfrflutna-02b01b.se\/index.php?rest_route=\/wp\/v2\/pages\/197\/revisions\/1362"}],"wp:attachment":[{"href":"http:\/\/xn--skuggorfrndetfrflutna-02b01b.se\/index.php?rest_route=%2Fwp%2Fv2%2Fmedia&parent=197"}],"curies":[{"name":"wp","href":"https:\/\/api.w.org\/{rel}","templated":true}]}}