{"id":1868,"date":"2015-03-08T15:42:02","date_gmt":"2015-03-08T15:42:02","guid":{"rendered":"http:\/\/xn--skuggorfrndetfrflutna-02b01b.se\/?page_id=1868"},"modified":"2015-06-02T06:36:51","modified_gmt":"2015-06-02T06:36:51","slug":"auschwitz-2015","status":"publish","type":"page","link":"http:\/\/xn--skuggorfrndetfrflutna-02b01b.se\/?page_id=1868","title":{"rendered":"K\u00e4rrtorp 2015"},"content":{"rendered":"<h1><a href=\"https:\/\/www.youtube.com\/watch?v=h52QrQEUNjI\">Klicka p\u00e5 denna l\u00e4nk f\u00f6r att komma till\u00a0video!<\/a><\/h1>\n<p>&nbsp;<\/p>\n<p><a href=\"http:\/\/xn--skuggorfrndetfrflutna-02b01b.se\/wp-content\/uploads\/2015\/03\/krakow-15-559.jpg\"><img loading=\"lazy\" decoding=\"async\" class=\"alignnone size-large wp-image-1869\" src=\"http:\/\/xn--skuggorfrndetfrflutna-02b01b.se\/wp-content\/uploads\/2015\/03\/krakow-15-559-1024x680.jpg\" alt=\"krakow 15 559\" width=\"1024\" height=\"680\" srcset=\"http:\/\/xn--skuggorfrndetfrflutna-02b01b.se\/wp-content\/uploads\/2015\/03\/krakow-15-559-1024x680.jpg 1024w, http:\/\/xn--skuggorfrndetfrflutna-02b01b.se\/wp-content\/uploads\/2015\/03\/krakow-15-559-300x199.jpg 300w\" sizes=\"auto, (max-width: 1024px) 100vw, 1024px\" \/><\/a><\/p>\n<p><a href=\"http:\/\/xn--skuggorfrndetfrflutna-02b01b.se\/wp-content\/uploads\/2015\/03\/krakow-15-572.jpg\"><img loading=\"lazy\" decoding=\"async\" class=\"alignnone size-large wp-image-1871\" src=\"http:\/\/xn--skuggorfrndetfrflutna-02b01b.se\/wp-content\/uploads\/2015\/03\/krakow-15-572-1024x680.jpg\" alt=\"krakow 15 572\" width=\"1024\" height=\"680\" srcset=\"http:\/\/xn--skuggorfrndetfrflutna-02b01b.se\/wp-content\/uploads\/2015\/03\/krakow-15-572-1024x680.jpg 1024w, http:\/\/xn--skuggorfrndetfrflutna-02b01b.se\/wp-content\/uploads\/2015\/03\/krakow-15-572-300x199.jpg 300w\" sizes=\"auto, (max-width: 1024px) 100vw, 1024px\" \/><\/a><\/p>\n<p><a href=\"http:\/\/xn--skuggorfrndetfrflutna-02b01b.se\/wp-content\/uploads\/2015\/03\/krakow-15-568.jpg\"><img loading=\"lazy\" decoding=\"async\" class=\"alignnone size-large wp-image-1870\" src=\"http:\/\/xn--skuggorfrndetfrflutna-02b01b.se\/wp-content\/uploads\/2015\/03\/krakow-15-568-1024x680.jpg\" alt=\"krakow 15 568\" width=\"1024\" height=\"680\" srcset=\"http:\/\/xn--skuggorfrndetfrflutna-02b01b.se\/wp-content\/uploads\/2015\/03\/krakow-15-568-1024x680.jpg 1024w, http:\/\/xn--skuggorfrndetfrflutna-02b01b.se\/wp-content\/uploads\/2015\/03\/krakow-15-568-300x199.jpg 300w\" sizes=\"auto, (max-width: 1024px) 100vw, 1024px\" \/><\/a><\/p>\n<p><a href=\"http:\/\/xn--skuggorfrndetfrflutna-02b01b.se\/wp-content\/uploads\/2015\/03\/krakow-15-802.jpg\"><img loading=\"lazy\" decoding=\"async\" class=\"alignnone size-large wp-image-1891\" src=\"http:\/\/xn--skuggorfrndetfrflutna-02b01b.se\/wp-content\/uploads\/2015\/03\/krakow-15-802-1024x680.jpg\" alt=\"krakow 15 802\" width=\"1024\" height=\"680\" srcset=\"http:\/\/xn--skuggorfrndetfrflutna-02b01b.se\/wp-content\/uploads\/2015\/03\/krakow-15-802-1024x680.jpg 1024w, http:\/\/xn--skuggorfrndetfrflutna-02b01b.se\/wp-content\/uploads\/2015\/03\/krakow-15-802-300x199.jpg 300w\" sizes=\"auto, (max-width: 1024px) 100vw, 1024px\" \/><\/a> <a href=\"http:\/\/xn--skuggorfrndetfrflutna-02b01b.se\/wp-content\/uploads\/2015\/03\/krakow-15-745.jpg\"><img loading=\"lazy\" decoding=\"async\" class=\"alignnone size-large wp-image-1890\" src=\"http:\/\/xn--skuggorfrndetfrflutna-02b01b.se\/wp-content\/uploads\/2015\/03\/krakow-15-745-1024x680.jpg\" alt=\"krakow 15 745\" width=\"1024\" height=\"680\" srcset=\"http:\/\/xn--skuggorfrndetfrflutna-02b01b.se\/wp-content\/uploads\/2015\/03\/krakow-15-745-1024x680.jpg 1024w, http:\/\/xn--skuggorfrndetfrflutna-02b01b.se\/wp-content\/uploads\/2015\/03\/krakow-15-745-300x199.jpg 300w\" sizes=\"auto, (max-width: 1024px) 100vw, 1024px\" \/><\/a> <a href=\"http:\/\/xn--skuggorfrndetfrflutna-02b01b.se\/wp-content\/uploads\/2015\/03\/krakow-15-704.jpg\"><img loading=\"lazy\" decoding=\"async\" class=\"alignnone size-large wp-image-1889\" src=\"http:\/\/xn--skuggorfrndetfrflutna-02b01b.se\/wp-content\/uploads\/2015\/03\/krakow-15-704-1024x680.jpg\" alt=\"krakow 15 704\" width=\"1024\" height=\"680\" srcset=\"http:\/\/xn--skuggorfrndetfrflutna-02b01b.se\/wp-content\/uploads\/2015\/03\/krakow-15-704-1024x680.jpg 1024w, http:\/\/xn--skuggorfrndetfrflutna-02b01b.se\/wp-content\/uploads\/2015\/03\/krakow-15-704-300x199.jpg 300w\" sizes=\"auto, (max-width: 1024px) 100vw, 1024px\" \/><\/a> <a href=\"http:\/\/xn--skuggorfrndetfrflutna-02b01b.se\/wp-content\/uploads\/2015\/03\/krakow-15-596.jpg\"><img loading=\"lazy\" decoding=\"async\" class=\"alignnone size-large wp-image-1884\" src=\"http:\/\/xn--skuggorfrndetfrflutna-02b01b.se\/wp-content\/uploads\/2015\/03\/krakow-15-596-1024x680.jpg\" alt=\"krakow 15 596\" width=\"1024\" height=\"680\" srcset=\"http:\/\/xn--skuggorfrndetfrflutna-02b01b.se\/wp-content\/uploads\/2015\/03\/krakow-15-596-1024x680.jpg 1024w, http:\/\/xn--skuggorfrndetfrflutna-02b01b.se\/wp-content\/uploads\/2015\/03\/krakow-15-596-300x199.jpg 300w\" sizes=\"auto, (max-width: 1024px) 100vw, 1024px\" \/><\/a> <a href=\"http:\/\/xn--skuggorfrndetfrflutna-02b01b.se\/wp-content\/uploads\/2015\/03\/krakow-15-656.jpg\"><img loading=\"lazy\" decoding=\"async\" class=\"alignnone size-large wp-image-1885\" src=\"http:\/\/xn--skuggorfrndetfrflutna-02b01b.se\/wp-content\/uploads\/2015\/03\/krakow-15-656-1024x680.jpg\" alt=\"krakow 15 656\" width=\"1024\" height=\"680\" srcset=\"http:\/\/xn--skuggorfrndetfrflutna-02b01b.se\/wp-content\/uploads\/2015\/03\/krakow-15-656-1024x680.jpg 1024w, http:\/\/xn--skuggorfrndetfrflutna-02b01b.se\/wp-content\/uploads\/2015\/03\/krakow-15-656-300x199.jpg 300w\" sizes=\"auto, (max-width: 1024px) 100vw, 1024px\" \/><\/a> <a href=\"http:\/\/xn--skuggorfrndetfrflutna-02b01b.se\/wp-content\/uploads\/2015\/03\/krakow-15-677.jpg\"><img loading=\"lazy\" decoding=\"async\" class=\"alignnone size-large wp-image-1886\" src=\"http:\/\/xn--skuggorfrndetfrflutna-02b01b.se\/wp-content\/uploads\/2015\/03\/krakow-15-677-1024x680.jpg\" alt=\"krakow 15 677\" width=\"1024\" height=\"680\" srcset=\"http:\/\/xn--skuggorfrndetfrflutna-02b01b.se\/wp-content\/uploads\/2015\/03\/krakow-15-677-1024x680.jpg 1024w, http:\/\/xn--skuggorfrndetfrflutna-02b01b.se\/wp-content\/uploads\/2015\/03\/krakow-15-677-300x199.jpg 300w\" sizes=\"auto, (max-width: 1024px) 100vw, 1024px\" \/><\/a> <a href=\"http:\/\/xn--skuggorfrndetfrflutna-02b01b.se\/wp-content\/uploads\/2015\/03\/krakow-15-693.jpg\"><img loading=\"lazy\" decoding=\"async\" class=\"alignnone size-large wp-image-1887\" src=\"http:\/\/xn--skuggorfrndetfrflutna-02b01b.se\/wp-content\/uploads\/2015\/03\/krakow-15-693-1024x680.jpg\" alt=\"krakow 15 693\" width=\"1024\" height=\"680\" srcset=\"http:\/\/xn--skuggorfrndetfrflutna-02b01b.se\/wp-content\/uploads\/2015\/03\/krakow-15-693-1024x680.jpg 1024w, http:\/\/xn--skuggorfrndetfrflutna-02b01b.se\/wp-content\/uploads\/2015\/03\/krakow-15-693-300x199.jpg 300w\" sizes=\"auto, (max-width: 1024px) 100vw, 1024px\" \/><\/a> <a href=\"http:\/\/xn--skuggorfrndetfrflutna-02b01b.se\/wp-content\/uploads\/2015\/03\/krakow-15-696.jpg\"><img loading=\"lazy\" decoding=\"async\" class=\"alignnone size-large wp-image-1888\" src=\"http:\/\/xn--skuggorfrndetfrflutna-02b01b.se\/wp-content\/uploads\/2015\/03\/krakow-15-696-1024x680.jpg\" alt=\"krakow 15 696\" width=\"1024\" height=\"680\" srcset=\"http:\/\/xn--skuggorfrndetfrflutna-02b01b.se\/wp-content\/uploads\/2015\/03\/krakow-15-696-1024x680.jpg 1024w, http:\/\/xn--skuggorfrndetfrflutna-02b01b.se\/wp-content\/uploads\/2015\/03\/krakow-15-696-300x199.jpg 300w\" sizes=\"auto, (max-width: 1024px) 100vw, 1024px\" \/><\/a><\/p>\n<p><a href=\"http:\/\/xn--skuggorfrndetfrflutna-02b01b.se\/wp-content\/uploads\/2015\/03\/krakow-2-15-110.jpg\"><img loading=\"lazy\" decoding=\"async\" class=\"alignnone size-large wp-image-1893\" src=\"http:\/\/xn--skuggorfrndetfrflutna-02b01b.se\/wp-content\/uploads\/2015\/03\/krakow-2-15-110-1024x680.jpg\" alt=\"krakow 2 15 110\" width=\"1024\" height=\"680\" srcset=\"http:\/\/xn--skuggorfrndetfrflutna-02b01b.se\/wp-content\/uploads\/2015\/03\/krakow-2-15-110-1024x680.jpg 1024w, http:\/\/xn--skuggorfrndetfrflutna-02b01b.se\/wp-content\/uploads\/2015\/03\/krakow-2-15-110-300x199.jpg 300w\" sizes=\"auto, (max-width: 1024px) 100vw, 1024px\" \/><\/a> <a href=\"http:\/\/xn--skuggorfrndetfrflutna-02b01b.se\/wp-content\/uploads\/2015\/03\/krakow-2-15-111.jpg\"><img loading=\"lazy\" decoding=\"async\" class=\"alignnone size-large wp-image-1892\" src=\"http:\/\/xn--skuggorfrndetfrflutna-02b01b.se\/wp-content\/uploads\/2015\/03\/krakow-2-15-111-1024x680.jpg\" alt=\"krakow 2 15 111\" width=\"1024\" height=\"680\" srcset=\"http:\/\/xn--skuggorfrndetfrflutna-02b01b.se\/wp-content\/uploads\/2015\/03\/krakow-2-15-111-1024x680.jpg 1024w, http:\/\/xn--skuggorfrndetfrflutna-02b01b.se\/wp-content\/uploads\/2015\/03\/krakow-2-15-111-300x199.jpg 300w\" sizes=\"auto, (max-width: 1024px) 100vw, 1024px\" \/><\/a><\/p>\n<p>&nbsp;<\/p>\n<p>Fotograf: Mikael Enoksson 2015<\/p>\n","protected":false},"excerpt":{"rendered":"<p>Klicka p\u00e5 denna l\u00e4nk f\u00f6r att komma till\u00a0video! &nbsp; &nbsp; Fotograf: Mikael Enoksson 2015<\/p>\n","protected":false},"author":1,"featured_media":0,"parent":0,"menu_order":0,"comment_status":"closed","ping_status":"open","template":"","meta":{"_monsterinsights_skip_tracking":false,"_monsterinsights_sitenote_active":false,"_monsterinsights_sitenote_note":"","_monsterinsights_sitenote_category":0,"footnotes":""},"class_list":["post-1868","page","type-page","status-publish","hentry","nodate","item-wrap"],"jetpack_sharing_enabled":true,"_links":{"self":[{"href":"http:\/\/xn--skuggorfrndetfrflutna-02b01b.se\/index.php?rest_route=\/wp\/v2\/pages\/1868","targetHints":{"allow":["GET"]}}],"collection":[{"href":"http:\/\/xn--skuggorfrndetfrflutna-02b01b.se\/index.php?rest_route=\/wp\/v2\/pages"}],"about":[{"href":"http:\/\/xn--skuggorfrndetfrflutna-02b01b.se\/index.php?rest_route=\/wp\/v2\/types\/page"}],"author":[{"embeddable":true,"href":"http:\/\/xn--skuggorfrndetfrflutna-02b01b.se\/index.php?rest_route=\/wp\/v2\/users\/1"}],"replies":[{"embeddable":true,"href":"http:\/\/xn--skuggorfrndetfrflutna-02b01b.se\/index.php?rest_route=%2Fwp%2Fv2%2Fcomments&post=1868"}],"version-history":[{"count":8,"href":"http:\/\/xn--skuggorfrndetfrflutna-02b01b.se\/index.php?rest_route=\/wp\/v2\/pages\/1868\/revisions"}],"predecessor-version":[{"id":2197,"href":"http:\/\/xn--skuggorfrndetfrflutna-02b01b.se\/index.php?rest_route=\/wp\/v2\/pages\/1868\/revisions\/2197"}],"wp:attachment":[{"href":"http:\/\/xn--skuggorfrndetfrflutna-02b01b.se\/index.php?rest_route=%2Fwp%2Fv2%2Fmedia&parent=1868"}],"curies":[{"name":"wp","href":"https:\/\/api.w.org\/{rel}","templated":true}]}}