{"id":171,"date":"2013-09-07T19:18:30","date_gmt":"2013-09-07T19:18:30","guid":{"rendered":"http:\/\/xn--skuggorfrndetfrflutna-02b01b.se\/?page_id=171"},"modified":"2013-09-28T17:28:15","modified_gmt":"2013-09-28T17:28:15","slug":"sari-n-w","status":"publish","type":"page","link":"http:\/\/xn--skuggorfrndetfrflutna-02b01b.se\/?page_id=171","title":{"rendered":"Sari N-W"},"content":{"rendered":"<p><a href=\"http:\/\/xn--skuggorfrndetfrflutna-02b01b.se\/wp-content\/uploads\/2013\/09\/Sari.jpg\"><img loading=\"lazy\" decoding=\"async\" class=\"alignnone size-medium wp-image-172\" alt=\"Sari\" src=\"http:\/\/xn--skuggorfrndetfrflutna-02b01b.se\/wp-content\/uploads\/2013\/09\/Sari-203x300.jpg\" width=\"203\" height=\"300\" srcset=\"http:\/\/xn--skuggorfrndetfrflutna-02b01b.se\/wp-content\/uploads\/2013\/09\/Sari-203x300.jpg 203w, http:\/\/xn--skuggorfrndetfrflutna-02b01b.se\/wp-content\/uploads\/2013\/09\/Sari.jpg 313w\" sizes=\"auto, (max-width: 203px) 100vw, 203px\" \/><\/a><\/p>\n<p>Kerstin Signal till v\u00e4nster, Eszter Bodanszky och Sari N. sannolikt vid avf\u00e4rden till Sj\u00f6berga-Kvasebo. \u00a0Eszter gick en period i samma klass som Ulla Birgitta. Fotografi\u00a0fr\u00e5n Kerstin Signal.<\/p>\n<p><b>Sari N-W<\/b><\/p>\n<p>Sari N-W f\u00f6ddes den 2 augusti 1918 i Szatmarneti, Rum\u00e4nien. Hennes f\u00f6r\u00e4ldrar var Salomon N, f\u00f6dd 16 september 1895 och Etel G, ocks\u00e5 f\u00f6dd 1895.\u00a0Sari gick sju \u00e5r i folkskola och tre \u00e5r i handelsskola. Hon bodde i f\u00f6r\u00e4ldrahem tills hon gifte sig med Armin W, 1941. Han \u00e4r f\u00f6dd 1 september 1918. De fick inga barn.<\/p>\n<p>Hon tillh\u00f6r den mosaiska l\u00e4ran, och enligt polisf\u00f6rh\u00f6r \u00e4r hon inte tidigare straffad, har ingen speciell politisk \u00e5sk\u00e5dning eller \u00e4r milit\u00e4rt utbildad. Den 5 maj 1944 skickades hon till Auschwitz, sedan vidare till Birnbaum, Gross-Rosen och till sist Bergen-Belsen, d\u00e4r hon befann sig n\u00e4r engelsm\u00e4nnen kom och befriade f\u00e5ngarna. Den 2 juli 1945 f\u00f6rdes hon till Malm\u00f6 av R\u00f6da korset. Efter det ankom hon till beredskapssjukhuset i \u00d6rebro f\u00f6r f\u00f6rsta g\u00e5ngen den 21 augusti 1945 .D\u00e4r fick hon bist\u00e5nd, ungef\u00e4r 5 kr var tionde dag. Hon behandlades d\u00e4r tills hon blev tillr\u00e4ckligt frisk, den 12 november, och f\u00f6rflyttades till olika utl\u00e4nningsl\u00e4ger, f\u00f6r att f\u00e5 tillbaka sin gamla h\u00e4lsa och komma p\u00e5 benen igen.<\/p>\n<p>Den 6 september flyttades hon till Utl\u00e4nningsl\u00e4gret i Lov\u00f6 och kom sedan tillbaka till \u00d6rebro den 11 oktober samma \u00e5r, sannolikt p\u00e5 grund av sjukdom. Mellan den 12 november 1945 och den 2 mars 1946 flyttade hon runt i Sverige och hamnade p\u00e5 platser som Sj\u00f6berga (Kvarsebo), Fagerudd, Loka brunn, Nykvarn (Berga) och Bettna (Ekersta).<\/p>\n<p>Den 11 oktober 1945 tog Sari \u201dv\u00e4rdinneskap\u201d \u00f6ver de tv\u00e5 flickorna Ezster B, f\u00f6dd 4 januari 1932 och Roza D, f\u00f6dd 19 november 1931. De hoppades p\u00e5 att f\u00e5 f\u00f6rflyttas till den mosaiska internatskolan i Norrk\u00f6ping f\u00f6r att flickorna skulle f\u00e5 en lugn milj\u00f6 att bes\u00f6ka skolan d\u00e4r.<\/p>\n<p>I oktober fick hon beskedet att 600 judar skulle f\u00e5 chansen att emigrera till Kuba. Sari tog kanske chansen och reste ut ifr\u00e5n Sverige med flyg fr\u00e5n Bromma den 3 maj 1946. I Cuba skulle hon jobba med jordbruk.<\/p>\n<p>K\u00e4llor: Dossier Statens utl\u00e4nningskommissoin. Text av Josefine S\u00f6derberg 9D och Sara Sandell 9F 2012<\/p>\n","protected":false},"excerpt":{"rendered":"<p>Kerstin Signal till v\u00e4nster, Eszter Bodanszky och Sari N. sannolikt vid avf\u00e4rden till Sj\u00f6berga-Kvasebo. \u00a0Eszter gick en period i samma klass som Ulla Birgitta. Fotografi\u00a0fr\u00e5n Kerstin Signal. Sari N-W Sari N-W f\u00f6ddes den 2 augusti 1918 i Szatmarneti, Rum\u00e4nien. Hennes f\u00f6r\u00e4ldrar var Salomon N, f\u00f6dd 16 september 1895 och Etel G, ocks\u00e5 f\u00f6dd 1895.\u00a0Sari gick &hellip; <\/p>\n<p><a class=\"more-link btn\" href=\"http:\/\/xn--skuggorfrndetfrflutna-02b01b.se\/?page_id=171\">Forts\u00e4tt l\u00e4sa<\/a><\/p>\n","protected":false},"author":1,"featured_media":0,"parent":0,"menu_order":0,"comment_status":"closed","ping_status":"open","template":"","meta":{"_monsterinsights_skip_tracking":false,"_monsterinsights_sitenote_active":false,"_monsterinsights_sitenote_note":"","_monsterinsights_sitenote_category":0,"footnotes":""},"class_list":["post-171","page","type-page","status-publish","hentry","nodate","item-wrap"],"jetpack_sharing_enabled":true,"_links":{"self":[{"href":"http:\/\/xn--skuggorfrndetfrflutna-02b01b.se\/index.php?rest_route=\/wp\/v2\/pages\/171","targetHints":{"allow":["GET"]}}],"collection":[{"href":"http:\/\/xn--skuggorfrndetfrflutna-02b01b.se\/index.php?rest_route=\/wp\/v2\/pages"}],"about":[{"href":"http:\/\/xn--skuggorfrndetfrflutna-02b01b.se\/index.php?rest_route=\/wp\/v2\/types\/page"}],"author":[{"embeddable":true,"href":"http:\/\/xn--skuggorfrndetfrflutna-02b01b.se\/index.php?rest_route=\/wp\/v2\/users\/1"}],"replies":[{"embeddable":true,"href":"http:\/\/xn--skuggorfrndetfrflutna-02b01b.se\/index.php?rest_route=%2Fwp%2Fv2%2Fcomments&post=171"}],"version-history":[{"count":5,"href":"http:\/\/xn--skuggorfrndetfrflutna-02b01b.se\/index.php?rest_route=\/wp\/v2\/pages\/171\/revisions"}],"predecessor-version":[{"id":622,"href":"http:\/\/xn--skuggorfrndetfrflutna-02b01b.se\/index.php?rest_route=\/wp\/v2\/pages\/171\/revisions\/622"}],"wp:attachment":[{"href":"http:\/\/xn--skuggorfrndetfrflutna-02b01b.se\/index.php?rest_route=%2Fwp%2Fv2%2Fmedia&parent=171"}],"curies":[{"name":"wp","href":"https:\/\/api.w.org\/{rel}","templated":true}]}}