{"id":1560,"date":"2014-06-27T08:52:32","date_gmt":"2014-06-27T08:52:32","guid":{"rendered":"http:\/\/xn--skuggorfrndetfrflutna-02b01b.se\/?page_id=1560"},"modified":"2014-08-06T07:12:27","modified_gmt":"2014-08-06T07:12:27","slug":"usc-shoah-foundation","status":"publish","type":"page","link":"http:\/\/xn--skuggorfrndetfrflutna-02b01b.se\/?page_id=1560","title":{"rendered":"USC Shoah Foundation"},"content":{"rendered":"<p>Efter filmen &#8221;Schindlers list&#8221; 1994 satsade Steven Spielberg int\u00e4kterna i en organisation som skulle genom videoupptagningar dokumentera F\u00f6rintelsen. Idag finns snart 53 000 vittnesm\u00e5l. Se\u00a0<a href=\"http:\/\/sfi.usc.edu\/\">http:\/\/sfi.usc.edu\/\u00a0<\/a><\/p>\n<p>Det finns\u00a0minst 9 upptagningar av de judiska kvinnor som kom till Engelbrektsskolan i \u00d6rebro 1945. Videoupptagningarna \u00e4r inte helt l\u00e4tta att f\u00e5 tillg\u00e5ng till. Arbete p\u00e5g\u00e5r.<\/p>\n<p><a href=\"http:\/\/vhaonline.usc.edu\/viewingPage.aspx?testimonyID=30643&amp;returnIndex=0\">Eva L\u00f6wenthal (Bardos) &#8211; svenska &#8211; nr 29696<\/a><\/p>\n<p><a href=\"http:\/\/vhaonline.usc.edu\/viewingPage.aspx?testimonyID=9984&amp;returnIndex=0#\">Rachel Rubin (Rosi Drumer) &#8211; hebreiska &#8211; nr 7805<\/a><\/p>\n<p><a href=\"http:\/\/vhaonline.usc.edu\/viewingPage.aspx?testimonyID=43883&amp;returnIndex=0#\">Magda Drucker (Mendelovits)<b style=\"color: #333333;\">\u00a0<\/b>&#8211; engelska &#8211; nr 40417<\/a><\/p>\n<p><a href=\"http:\/\/vhaonline.usc.edu\/viewingPage.aspx?testimonyID=28830&amp;returnIndex=0\">Henny Goldberg (Levenberg) &#8211; engelska &#8211; nr 26523<\/a><\/p>\n<p><a href=\"http:\/\/vhaonline.usc.edu\/viewingPage.aspx?testimonyID=28743&amp;returnIndex=0#\">Hasidah Fridah Pines (Frida Schwarc) \u00a0&#8211; hebreiska &#8211; nr 27021<\/a><\/p>\n<p><a href=\"http:\/\/vhaonline.usc.edu\/viewingPage.aspx?testimonyID=25468&amp;returnIndex=0\">Tolah Rosman (Lazinger) &#8211; hebreiska &#8211; nr 24549<\/a><\/p>\n<p><a href=\"http:\/\/vhaonline.usc.edu\/viewingPage.aspx?testimonyID=54259&amp;returnIndex=0#\">Clara Weinberger (Weisz) &#8211; engelska &#8211; nr 51408<\/a><\/p>\n<p><a href=\"http:\/\/vhaonline.usc.edu\/viewingPage.aspx?testimonyID=2533&amp;returnIndex=0\">Olga Bier &#8211; engelska &#8211; nr 2472<\/a><\/p>\n<p><a href=\"http:\/\/vhaonline.usc.edu\/viewingPage.aspx?testimonyID=1395&amp;returnIndex=0\">Rosi Cohen (Hirschberg) &#8211; engelska &#8211; nr 1411<\/a><\/p>\n","protected":false},"excerpt":{"rendered":"<p>Efter filmen &#8221;Schindlers list&#8221; 1994 satsade Steven Spielberg int\u00e4kterna i en organisation som skulle genom videoupptagningar dokumentera F\u00f6rintelsen. Idag finns snart 53 000 vittnesm\u00e5l. Se\u00a0http:\/\/sfi.usc.edu\/\u00a0 Det finns\u00a0minst 9 upptagningar av de judiska kvinnor som kom till Engelbrektsskolan i \u00d6rebro 1945. Videoupptagningarna \u00e4r inte helt l\u00e4tta att f\u00e5 tillg\u00e5ng till. Arbete p\u00e5g\u00e5r. Eva L\u00f6wenthal (Bardos) &#8211; &hellip; <\/p>\n<p><a class=\"more-link btn\" href=\"http:\/\/xn--skuggorfrndetfrflutna-02b01b.se\/?page_id=1560\">Forts\u00e4tt l\u00e4sa<\/a><\/p>\n","protected":false},"author":1,"featured_media":0,"parent":0,"menu_order":0,"comment_status":"closed","ping_status":"open","template":"","meta":{"_monsterinsights_skip_tracking":false,"_monsterinsights_sitenote_active":false,"_monsterinsights_sitenote_note":"","_monsterinsights_sitenote_category":0,"footnotes":""},"class_list":["post-1560","page","type-page","status-publish","hentry","nodate","item-wrap"],"jetpack_sharing_enabled":true,"_links":{"self":[{"href":"http:\/\/xn--skuggorfrndetfrflutna-02b01b.se\/index.php?rest_route=\/wp\/v2\/pages\/1560","targetHints":{"allow":["GET"]}}],"collection":[{"href":"http:\/\/xn--skuggorfrndetfrflutna-02b01b.se\/index.php?rest_route=\/wp\/v2\/pages"}],"about":[{"href":"http:\/\/xn--skuggorfrndetfrflutna-02b01b.se\/index.php?rest_route=\/wp\/v2\/types\/page"}],"author":[{"embeddable":true,"href":"http:\/\/xn--skuggorfrndetfrflutna-02b01b.se\/index.php?rest_route=\/wp\/v2\/users\/1"}],"replies":[{"embeddable":true,"href":"http:\/\/xn--skuggorfrndetfrflutna-02b01b.se\/index.php?rest_route=%2Fwp%2Fv2%2Fcomments&post=1560"}],"version-history":[{"count":3,"href":"http:\/\/xn--skuggorfrndetfrflutna-02b01b.se\/index.php?rest_route=\/wp\/v2\/pages\/1560\/revisions"}],"predecessor-version":[{"id":1576,"href":"http:\/\/xn--skuggorfrndetfrflutna-02b01b.se\/index.php?rest_route=\/wp\/v2\/pages\/1560\/revisions\/1576"}],"wp:attachment":[{"href":"http:\/\/xn--skuggorfrndetfrflutna-02b01b.se\/index.php?rest_route=%2Fwp%2Fv2%2Fmedia&parent=1560"}],"curies":[{"name":"wp","href":"https:\/\/api.w.org\/{rel}","templated":true}]}}