{"id":1535,"date":"2014-06-05T15:29:52","date_gmt":"2014-06-05T15:29:52","guid":{"rendered":"http:\/\/xn--skuggorfrndetfrflutna-02b01b.se\/?page_id=1535"},"modified":"2014-06-05T15:31:37","modified_gmt":"2014-06-05T15:31:37","slug":"ewa-s","status":"publish","type":"page","link":"http:\/\/xn--skuggorfrndetfrflutna-02b01b.se\/?page_id=1535","title":{"rendered":"Ewa S"},"content":{"rendered":"<p>Jag har f\u00e5tt uppgifter om Ewa S, vilka \u00e4r avfotograferade dokument fr\u00e5n Riksarkivet. Det viktigaste dokumentet \u00e4r ett polisf\u00f6rh\u00f6r som h\u00f6lls i \u00d6rebro. \u00a0Hon \u00e4r f\u00f6ddes den 8 september 1924 i Nagykallo, Ungern. Ewa v\u00e4xte upp i Ungern med sina f\u00f6r\u00e4ldrar och bror och syster. Hennes pappa hette Zoltan S. och f\u00f6ddes 1888. Mamman hette Helena och hon f\u00f6ddes 1900. Fadern arbetade som k\u00f6pman medan modern var hemmafru.<\/p>\n<p>Hon uppfostrades i sitt f\u00f6r\u00e4ldrahem och gick 5 \u00e5r i allm\u00e4nskola samt 4 \u00e5r i borgarskola. Ut\u00f6ver det gick\u00a0 Ewa en s\u00f6mnads- och tillsk\u00e4rarskola i 2 \u00e5r och efter det tog hon best\u00e4llningar i sitt hem. Ewa var enligt polisf\u00f6rh\u00f6ret varken straffad och var inte varit prostituerad. (Alla fick samma fr\u00e5gor.) Hon hade inte heller n\u00e5gon speciell politisk inst\u00e4llning och \u00e5sikt som hon meddelade polismannen.<\/p>\n<p>Ewa och hela hennes familj tillh\u00f6rde den mosaiska l\u00e4ran, vilket \u00e4r att tillh\u00f6ra judendomen. Detta gjorde att f\u00f6r\u00e4ldrarna arresterades i maj 1944 och f\u00f6rdes sedan till koncentrationsl\u00e4gret i Auschwitz som ligger i Polen. Efter detta vet Ewa inte mer om hennes f\u00f6r\u00e4ldrar. De b\u00e5da f\u00f6r\u00e4ldrarna m\u00f6rdades i koncentrationsl\u00e4gret 1944, fadern vid \u00e5ldern 56 och modern vid 44 \u00e5rs \u00e5lder.<\/p>\n<p>Med hennes bror och syster f\u00f6rdes Ewa ocks\u00e5 till l\u00e4gret Auschwitz i maj 1944. \u00a0Hon fick numret A-8127 intatuerat p\u00e5 v\u00e4nster underarm. Ewa var i l\u00e4gret i cirka 6 m\u00e5nader och var i avdelningen f\u00f6r barn tillsammans med sin syster. Sedan s\u00e4ndes hon till ett arbetsl\u00e4ger i Hochweiler d\u00e4r hon fick arbeta med att gr\u00e4va skyttegravar. D\u00e4refter skickades hon till koncentrationsl\u00e4gret Bergen-Belsen som ligger i Tyskland, d\u00e4r hon drabbades av fl\u00e4cktyfus.<\/p>\n<p>Engelsm\u00e4nnen flyttade Ewa till ett sjukhus i Bergen och d\u00e4refter blev hon genom R\u00f6da Korset utsl\u00e4ppt ur koncentrationsl\u00e4gret och f\u00f6rdes sedan till Sverige som hon kom till den 10 juli 1945 i Malm\u00f6. Hon hade inga legitimationshandlingar men fick ett registernummer av den svenska myndigheten. Hon hade inga pengar eller tillgodohavande utan hon fick 50 \u00f6re om dagen av Statens Utl\u00e4nningskommission i Sverige. Till \u00d6rebro kommer hon den 23 augusti 1945 fr\u00e5n Nya lungkliniken i Lund. I \u00d6rebro arbetade hon bland annat p\u00e5 fruktfrabriken Pomo efter att hon blivit friskf\u00f6rklaring. Ewa l\u00e4mnade Stockholm och Sverige den 20 december 1948.<\/p>\n<p>Av: Josefine W 9c, vt 14<\/p>\n","protected":false},"excerpt":{"rendered":"<p>Jag har f\u00e5tt uppgifter om Ewa S, vilka \u00e4r avfotograferade dokument fr\u00e5n Riksarkivet. Det viktigaste dokumentet \u00e4r ett polisf\u00f6rh\u00f6r som h\u00f6lls i \u00d6rebro. \u00a0Hon \u00e4r f\u00f6ddes den 8 september 1924 i Nagykallo, Ungern. Ewa v\u00e4xte upp i Ungern med sina f\u00f6r\u00e4ldrar och bror och syster. Hennes pappa hette Zoltan S. och f\u00f6ddes 1888. Mamman hette &hellip; <\/p>\n<p><a class=\"more-link btn\" href=\"http:\/\/xn--skuggorfrndetfrflutna-02b01b.se\/?page_id=1535\">Forts\u00e4tt l\u00e4sa<\/a><\/p>\n","protected":false},"author":1,"featured_media":0,"parent":0,"menu_order":0,"comment_status":"closed","ping_status":"open","template":"","meta":{"_monsterinsights_skip_tracking":false,"_monsterinsights_sitenote_active":false,"_monsterinsights_sitenote_note":"","_monsterinsights_sitenote_category":0,"footnotes":""},"class_list":["post-1535","page","type-page","status-publish","hentry","nodate","item-wrap"],"jetpack_sharing_enabled":true,"_links":{"self":[{"href":"http:\/\/xn--skuggorfrndetfrflutna-02b01b.se\/index.php?rest_route=\/wp\/v2\/pages\/1535","targetHints":{"allow":["GET"]}}],"collection":[{"href":"http:\/\/xn--skuggorfrndetfrflutna-02b01b.se\/index.php?rest_route=\/wp\/v2\/pages"}],"about":[{"href":"http:\/\/xn--skuggorfrndetfrflutna-02b01b.se\/index.php?rest_route=\/wp\/v2\/types\/page"}],"author":[{"embeddable":true,"href":"http:\/\/xn--skuggorfrndetfrflutna-02b01b.se\/index.php?rest_route=\/wp\/v2\/users\/1"}],"replies":[{"embeddable":true,"href":"http:\/\/xn--skuggorfrndetfrflutna-02b01b.se\/index.php?rest_route=%2Fwp%2Fv2%2Fcomments&post=1535"}],"version-history":[{"count":2,"href":"http:\/\/xn--skuggorfrndetfrflutna-02b01b.se\/index.php?rest_route=\/wp\/v2\/pages\/1535\/revisions"}],"predecessor-version":[{"id":1538,"href":"http:\/\/xn--skuggorfrndetfrflutna-02b01b.se\/index.php?rest_route=\/wp\/v2\/pages\/1535\/revisions\/1538"}],"wp:attachment":[{"href":"http:\/\/xn--skuggorfrndetfrflutna-02b01b.se\/index.php?rest_route=%2Fwp%2Fv2%2Fmedia&parent=1535"}],"curies":[{"name":"wp","href":"https:\/\/api.w.org\/{rel}","templated":true}]}}