{"id":1480,"date":"2014-05-04T20:15:33","date_gmt":"2014-05-04T20:15:33","guid":{"rendered":"http:\/\/xn--skuggorfrndetfrflutna-02b01b.se\/?page_id=1480"},"modified":"2014-05-04T20:15:33","modified_gmt":"2014-05-04T20:15:33","slug":"ella-berattar","status":"publish","type":"page","link":"http:\/\/xn--skuggorfrndetfrflutna-02b01b.se\/?page_id=1480","title":{"rendered":"Ella ber\u00e4ttar"},"content":{"rendered":"<p>Jag har intervjuat min gammelfarmor Ella Karlsson som \u00e4r f\u00f6dd 1927 i G\u00f6tlunda. De var 3 syskon och pappan f\u00f6r det mesta av Ellas liv f\u00f6r att hennes mamma dog tidigt i hennes liv. Familjen f\u00f6rs\u00f6rjde sig genom att pappan drev en egen aff\u00e4r. Ella fick vid tidig \u00e5lder b\u00f6rja jobba, redan vid 14 \u00e5rs \u00e5lder. Man tj\u00e4nade drygt 100kr i m\u00e5naden. Nu idag l\u00e5ter det v\u00e4ldigt lite men allt var s\u00e5 mycket billigare d\u00e5 \u00e4n vad det \u00e4r idag. Hon jobbade i en lanthandel direkt efter hennes skolg\u00e5ng som tog slut efter 7\u00e5r. Det var f\u00f6rsta \u00e5ret man gick i 7:e klass i skolan. Det var inte det l\u00e4ttaste att ta sig fram p\u00e5 den tiden med tanke p\u00e5 att inga bensindrivna fordon fanns. Det var f\u00f6r det mesta g\u00e5 eller skidor p\u00e5 vintern och p\u00e5 sommaren anv\u00e4nde man cykeln. Hon hade en l\u00e5ng f\u00e4rd till skolan varje dag som var ca 5km l\u00e5ng, d\u00e5 fick man ofta g\u00e5, cykla eller skidor p\u00e5 vintern. I skolan och \u00e4ven p\u00e5 alla yrken var det ett mycket striktare spr\u00e5k till l\u00e4raren eller chefen. Till l\u00e4raren sa man alltid \u201dfr\u00f6ken\u201d. Om man inte uppf\u00f6rde sig v\u00e4l i skolan kunde man f\u00e5 strikta konsekvenser som stryk. om du skolkade s\u00e5 fick du ocks\u00e5 h\u00f6ga konsekvenser, allt fr\u00e5n stryk till kvarsittning.\u00a0 Skolan bj\u00f6d heller inte p\u00e5 skolmat, om man ville ha i sig n\u00e5got under en skoldag var det egen mat hemifr\u00e5n som g\u00e4llde. Efter en skoldag p\u00e5 kv\u00e4llen s\u00e5 fick kanske man \u00e4ta lite finare mat \u00e4n bara en sm\u00f6rg\u00e5s eller n\u00e5got liknande som ex fin typ av fisk eller n\u00e5gon stek. F\u00f6r att f\u00e5 tag p\u00e5 mycket mat eller r\u00e5varor var det inte pengar som g\u00e4llde. D\u00e5 var det kyponger man fick ha. Det var p\u00e5 grund av att alla varor inte skulle ta slut. Alla personer fick ett begr\u00e4nsat antal s\u00e5 alla skulle f\u00e5 lika mycket mat. Det fanns ett s\u00e4tt att f\u00e5 tag p\u00e5 lite mer. Det var om man handlade svart av n\u00e5gon privatperson f\u00f6r lite extra pengar.<\/p>\n<p>Man gifte sig i ganska blandad \u00e5lder, allt fr\u00e5n tidig till gammal \u00e5lder. Ella gifte sig n\u00e4r hon var 23 \u00e5r gammal. Det var fritt om vem man ville gifta sig med och det gjorde man som idag i en kyrka. Det var ganska vanligt i Europa att mannen fick g\u00e5 med i armen. Men inget av detta krig p\u00e5verkade deras relation, dvs min gammelfarmor Ella och min gammelfarfar Sven. I den svenska rikstagen var det de r\u00f6da partiet som dominerade med Per-Albin Hansson som stadsminister. D\u00e5 fanns ingen yttrande frihet i Sverige som det finns idag. Idag f\u00e5r du s\u00e4ga vad du tycker och t\u00e4nker om n\u00e5got men det fick man absolut inte g\u00f6ra d\u00e5. D\u00e5 fick man en riktig utsk\u00e4llning och s\u00e4kert n\u00e5gra fler konsekvenser. Det \u00e4nda de hade som de kunde f\u00e5 information fr\u00e5n kriget var en radio d\u00e4r de fick reda p\u00e5 en hel del. Men Ella och Sven bodde ute p\u00e5 landet s\u00e5 det var inget s\u00e5 p\u00e5verka p\u00e5 alls. Det \u00e4nda de gjorde var v\u00e4l att var lite extra uppm\u00e4rksam. Det kom s\u00e5klart en hel del flyktingar till Sverige och bosatte sig h\u00e4r som ex Mietek. En hj\u00e4lporginisation var R\u00f6da korset som \u00e4n idag existerar.<\/p>\n<p>P\u00e5 sommaren var man i stort s\u00e4tt n\u00e4stan alltid ute och spelade fotboll och lekte leker. Kurrag\u00f6mma var v\u00e4ldigt popul\u00e4r och den lekte man ofta. Tjejer hade n\u00e4stan alltid kjol p\u00e5 sig medans killarna hade som idag byxor och vanlig tr\u00f6ja. P\u00e5 l\u00f6rdagkv\u00e4llar p\u00e5 50-talet n\u00e4r TV:n<\/p>\n<p>hade kommit s\u00e5 samlades man och umgicks och kollade p\u00e5 tv allt fr\u00e5n nyheter till film. Det var mycket som kom till Sverige p\u00e5 50-talet som bilen och tv.<\/p>\n<p>B\u00e4sta minne: sommar n\u00e4r man solade och bada med v\u00e4nner.<\/p>\n<p>S\u00e4msta minne: Vintern utan bil n\u00e4r man skulle ta sig fram.<\/p>\n<p>Anton 9C<\/p>\n","protected":false},"excerpt":{"rendered":"<p>Jag har intervjuat min gammelfarmor Ella Karlsson som \u00e4r f\u00f6dd 1927 i G\u00f6tlunda. De var 3 syskon och pappan f\u00f6r det mesta av Ellas liv f\u00f6r att hennes mamma dog tidigt i hennes liv. Familjen f\u00f6rs\u00f6rjde sig genom att pappan drev en egen aff\u00e4r. Ella fick vid tidig \u00e5lder b\u00f6rja jobba, redan vid 14 \u00e5rs &hellip; <\/p>\n<p><a class=\"more-link btn\" href=\"http:\/\/xn--skuggorfrndetfrflutna-02b01b.se\/?page_id=1480\">Forts\u00e4tt l\u00e4sa<\/a><\/p>\n","protected":false},"author":1,"featured_media":0,"parent":0,"menu_order":0,"comment_status":"closed","ping_status":"open","template":"","meta":{"_monsterinsights_skip_tracking":false,"_monsterinsights_sitenote_active":false,"_monsterinsights_sitenote_note":"","_monsterinsights_sitenote_category":0,"footnotes":""},"class_list":["post-1480","page","type-page","status-publish","hentry","nodate","item-wrap"],"jetpack_sharing_enabled":true,"_links":{"self":[{"href":"http:\/\/xn--skuggorfrndetfrflutna-02b01b.se\/index.php?rest_route=\/wp\/v2\/pages\/1480","targetHints":{"allow":["GET"]}}],"collection":[{"href":"http:\/\/xn--skuggorfrndetfrflutna-02b01b.se\/index.php?rest_route=\/wp\/v2\/pages"}],"about":[{"href":"http:\/\/xn--skuggorfrndetfrflutna-02b01b.se\/index.php?rest_route=\/wp\/v2\/types\/page"}],"author":[{"embeddable":true,"href":"http:\/\/xn--skuggorfrndetfrflutna-02b01b.se\/index.php?rest_route=\/wp\/v2\/users\/1"}],"replies":[{"embeddable":true,"href":"http:\/\/xn--skuggorfrndetfrflutna-02b01b.se\/index.php?rest_route=%2Fwp%2Fv2%2Fcomments&post=1480"}],"version-history":[{"count":1,"href":"http:\/\/xn--skuggorfrndetfrflutna-02b01b.se\/index.php?rest_route=\/wp\/v2\/pages\/1480\/revisions"}],"predecessor-version":[{"id":1482,"href":"http:\/\/xn--skuggorfrndetfrflutna-02b01b.se\/index.php?rest_route=\/wp\/v2\/pages\/1480\/revisions\/1482"}],"wp:attachment":[{"href":"http:\/\/xn--skuggorfrndetfrflutna-02b01b.se\/index.php?rest_route=%2Fwp%2Fv2%2Fmedia&parent=1480"}],"curies":[{"name":"wp","href":"https:\/\/api.w.org\/{rel}","templated":true}]}}