{"id":1472,"date":"2014-05-04T20:12:37","date_gmt":"2014-05-04T20:12:37","guid":{"rendered":"http:\/\/xn--skuggorfrndetfrflutna-02b01b.se\/?page_id=1472"},"modified":"2014-05-04T20:12:37","modified_gmt":"2014-05-04T20:12:37","slug":"intervju-pa-denna-plats","status":"publish","type":"page","link":"http:\/\/xn--skuggorfrndetfrflutna-02b01b.se\/?page_id=1472","title":{"rendered":"Intervju \u2013 P\u00e5 denna plats&#8230;"},"content":{"rendered":"<p>Sture f\u00f6ddes den andra juni 1936 i Kiruna i Lappland. I \u00e5r fyller han 77 \u00e5r, har b\u00e5de barn och barnbarn och bor tillsammans med sin sambo i en 3:a i Solfj\u00e4dern i Adolfsberg.<\/p>\n<p>N\u00e4r Sture var liten bodde han tillsammans med sin mor och far i en 1:a i stan. Han hade en bror som tyv\u00e4rr dog innan Sture f\u00f6ddes. Hans far, Sten, jobbade som verkstadsarbetare p\u00e5 LKAB och hans mor var hemmafru. LKAB var den stora gruvan i Kiruna och d\u00e4r var det vanligt att jobba. Man kunde jobba ovan jord eller under jord, men arbetena under jord gav mera l\u00f6n eftersom de var farligare. Familjen \u00e4gde \u00e4ven en liten sommarstuga som l\u00e5g ungef\u00e4r en mil ifr\u00e5n Kiruna, vid sj\u00f6n Altaj\u00e4rvi. Sten och Sture fiskade mycket tillsammans s\u00e5 de var ute i stugan varje sommar och p\u00e5 vintern hade de en ark vid sj\u00f6n Torne Tr\u00e4sk d\u00e4r de fiskade. En ark var som ett litet hus p\u00e5 skidor som man anv\u00e4nde f\u00f6r att h\u00e5lla v\u00e4rmen n\u00e4r man pimplade. F\u00f6rst borrade man ett h\u00e5l i isen, sedan puttade man upp arken s\u00e5 att den stod \u00f6ver h\u00e5let. Om det bl\u00e5ste mycket surrade man fast arken i isen, annars l\u00e4t man den st\u00e5 d\u00e4r. Inne i arken l\u00e5g det varma renskinn p\u00e5 golvet och man kunde elda i en liten kamin i h\u00f6rnet.<\/p>\n<p>Uppe i Kiruna var det m\u00e5nga som jagade och d\u00e4rf\u00f6r hade jakthundar, men det gjorde inte Stures familj s\u00e5 de hade ingen hund. Eftersom de inte jagade sj\u00e4lva fick de k\u00f6pa k\u00f6tt, men oftast \u00e5t de fisk som de sj\u00e4lva hade f\u00e5ngat eller Pitepalt. P\u00e5 grund av krigen p\u00e5 havet var det sv\u00e5rt att f\u00e5 in vissa saker s\u00e5 de fick ransoneringskort p\u00e5 till exempel kaffe och annat importerat. Man fick \u00e4ven ransoneringskort p\u00e5 sprit, men eftersom Stures far inte drack s\u00e5 mycket sprit brukade han byta dessa kort mot kaffekort p\u00e5 jobbet.<\/p>\n<p>I skolan gick man 7 \u00e5r, sedan kunde man b\u00f6rja jobba eller forts\u00e4tta studera p\u00e5 realskola, eller som det nu kallas, gymnasium. Man l\u00e4ste ungef\u00e4r samma \u00e4mnen d\u00e5 som nu, men d\u00e5 hade killarna hemkunskap och metallsl\u00f6jd medan tjejerna hade sysl\u00f6jd. Om man var dum eller kom f\u00f6rsent kunde man f\u00e5 smisk med pekpinnen, men oftast var det bara ett slag och inte s\u00e5 h\u00e5rt. L\u00e4raren i Stures klass var sn\u00e4ll men str\u00e4ng och behandlade alla lika. Studie materialet fick man l\u00e5na av skolan f\u00f6r det mesta, men man fick en kartbok och tv\u00e5 stycken \u201dl\u00e4r dig l\u00e4sa\u201d b\u00f6cker, vilket Sture har kvar \u00e4n idag. Sture sj\u00e4lv gick ut grundskolan och b\u00f6rjade sedan arbeta i gruvan som reparat\u00f6r. N\u00e4r han jobbat d\u00e4r i tre \u00e5r, ett \u00e5r ovan jord och tv\u00e5 \u00e5r under jord, gick han till sj\u00f6ss och jobbade som sj\u00f6man. N\u00e4r han kom tillbaka fr\u00e5n sina resor k\u00e4nde han att han vill b\u00f6rja studera igen, s\u00e5 han l\u00e4ste in fyra \u00e5r p\u00e5 teknis f\u00f6r att sedan bli ingenj\u00f6r.<\/p>\n<p>P\u00e5 fritiden var man f\u00f6r det mesta ute och lekte. Det var tr\u00e5ngt i husen s\u00e5 man var endast inne om det var v\u00e4ldigt d\u00e5ligt v\u00e4der. N\u00e4r man var inne spelade man oftast kort, br\u00e4dspel eller la pussel. Om det var sommar spelade man ofta br\u00e4nnboll eller fotboll och om det var vinter spelade man ofta ishockey och \u00e5kte skidor. Det fanns inte s\u00e5 m\u00e5nga leksaker s\u00e5 man lekte med det man hittade och gjorde egna leksaker. Alla fick vara med och leka och det fanns inte s\u00e5 mycket mobbning p\u00e5 den tiden. Man kunde bli retad av andra, men Sture blev aldrig retad och han retade aldrig n\u00e5gon annan heller. F\u00f6r det mesta umgicks man med sina grannar och de som bodde n\u00e4ra s\u00e5 man beh\u00f6vde n\u00e4stan aldrig vara ensam.<\/p>\n<p>Man m\u00e4rkte inte av kriget s\u00e4rskilt mycket, det enda som var annorlunda var ransoneringskorten och m\u00f6rkl\u00e4ggningen. Det h\u00e4nde en g\u00e5ng att ett flyglarm utl\u00f6stes n\u00e4r ett tyskt plan sl\u00e4ppte sina bomber lite f\u00f6r n\u00e4ra gr\u00e4nsen mellan Finland och Sverige. Det fanns inga judiska flyktingar i Kiruna, d\u00e4remot fanns det m\u00e5nga finska flyktingbarn. Sture gjorde lumpen i Boden men tyckte inte att milit\u00e4r var n\u00e5got f\u00f6r honom, \u00e4ven fast han kunde blivit bef\u00e4l. Man visste om att det var krig men man visste ingenting om f\u00f6rintelsen.<\/p>\n<p>Stures b\u00e4sta minne fr\u00e5n den h\u00e4r tiden var n\u00e4r han var sj\u00f6man och fick resa runt n\u00e4stan hela v\u00e4rlden, och hans s\u00e4msta minne var n\u00e4r hans mor dog 1946.<\/p>\n<p><b>Reflektioner<\/b><\/p>\n<p><b><\/b>Den h\u00e4r intervjun blev mycket intressantare \u00e4n vad jag trodde att den skulle bli, vilket jag \u00e4r glad \u00f6ver. Det var trevligt att h\u00f6ra Sture ber\u00e4tta om sin barndom och det k\u00e4nns lite overkligt att det var s\u00e5 f\u00f6rr. Man m\u00e4rker n\u00e4r han ber\u00e4ttar att teknologin verkligen har tagit stora steg fram\u00e5t, och jag \u00f6nskar jag kunde upplevt det han ber\u00e4ttar sj\u00e4lv. Det k\u00e4nns som att man var mer social med sina medm\u00e4nniskor f\u00f6rr i tiden.<\/p>\n<p>Jag anser att denna intervju \u00e4r en bra k\u00e4lla om man vill se hur det var att leva f\u00f6rr. Eftersom Sture inte minns speciellt mycket om andra v\u00e4rldskriget \u00e4r intervjun ingen bra k\u00e4lla till det, men kanske till om hur det var i Sverige under andra v\u00e4rldskriget.<\/p>\n<p>Kristina L 9c<\/p>\n","protected":false},"excerpt":{"rendered":"<p>Sture f\u00f6ddes den andra juni 1936 i Kiruna i Lappland. I \u00e5r fyller han 77 \u00e5r, har b\u00e5de barn och barnbarn och bor tillsammans med sin sambo i en 3:a i Solfj\u00e4dern i Adolfsberg. N\u00e4r Sture var liten bodde han tillsammans med sin mor och far i en 1:a i stan. Han hade en bror &hellip; <\/p>\n<p><a class=\"more-link btn\" href=\"http:\/\/xn--skuggorfrndetfrflutna-02b01b.se\/?page_id=1472\">Forts\u00e4tt l\u00e4sa<\/a><\/p>\n","protected":false},"author":1,"featured_media":0,"parent":0,"menu_order":0,"comment_status":"closed","ping_status":"open","template":"","meta":{"_monsterinsights_skip_tracking":false,"_monsterinsights_sitenote_active":false,"_monsterinsights_sitenote_note":"","_monsterinsights_sitenote_category":0,"footnotes":""},"class_list":["post-1472","page","type-page","status-publish","hentry","nodate","item-wrap"],"jetpack_sharing_enabled":true,"_links":{"self":[{"href":"http:\/\/xn--skuggorfrndetfrflutna-02b01b.se\/index.php?rest_route=\/wp\/v2\/pages\/1472","targetHints":{"allow":["GET"]}}],"collection":[{"href":"http:\/\/xn--skuggorfrndetfrflutna-02b01b.se\/index.php?rest_route=\/wp\/v2\/pages"}],"about":[{"href":"http:\/\/xn--skuggorfrndetfrflutna-02b01b.se\/index.php?rest_route=\/wp\/v2\/types\/page"}],"author":[{"embeddable":true,"href":"http:\/\/xn--skuggorfrndetfrflutna-02b01b.se\/index.php?rest_route=\/wp\/v2\/users\/1"}],"replies":[{"embeddable":true,"href":"http:\/\/xn--skuggorfrndetfrflutna-02b01b.se\/index.php?rest_route=%2Fwp%2Fv2%2Fcomments&post=1472"}],"version-history":[{"count":1,"href":"http:\/\/xn--skuggorfrndetfrflutna-02b01b.se\/index.php?rest_route=\/wp\/v2\/pages\/1472\/revisions"}],"predecessor-version":[{"id":1474,"href":"http:\/\/xn--skuggorfrndetfrflutna-02b01b.se\/index.php?rest_route=\/wp\/v2\/pages\/1472\/revisions\/1474"}],"wp:attachment":[{"href":"http:\/\/xn--skuggorfrndetfrflutna-02b01b.se\/index.php?rest_route=%2Fwp%2Fv2%2Fmedia&parent=1472"}],"curies":[{"name":"wp","href":"https:\/\/api.w.org\/{rel}","templated":true}]}}