{"id":1450,"date":"2014-05-04T20:01:37","date_gmt":"2014-05-04T20:01:37","guid":{"rendered":"http:\/\/xn--skuggorfrndetfrflutna-02b01b.se\/?page_id=1450"},"modified":"2014-05-04T20:01:37","modified_gmt":"2014-05-04T20:01:37","slug":"so-intervju","status":"publish","type":"page","link":"http:\/\/xn--skuggorfrndetfrflutna-02b01b.se\/?page_id=1450","title":{"rendered":"SO-intervju"},"content":{"rendered":"<p>Jag intervjuade Lars Mathiessen, han f\u00f6ddes i K\u00f6penhamn \u00e5r 1930. Han hade fyra syskon, tv\u00e5 br\u00f6der och en tvillingsyster. Hans br\u00f6der lever inte l\u00e4ngre, men tvillingsystern lever fortfarande. Han gick i en internatskola som l\u00e5g vid flygplatsen. Skolan var likadan som nuf\u00f6rtiden sade Lars. Man fick ju mat av skolan men han sa att ibland s\u00e5 fick man inte potatis och det var ju konstigt eftersom potatis var det vanligaste man \u00e5t ju. Fritiden sade Lars att det inte var s\u00e5 annorlunda utan han var ute spelade med sina v\u00e4nner, fotboll mest sade han. Man var ute och lekte hela dagen sen gick man hem till familjen.<\/p>\n<p>Lars d\u00e5liga minner var till exempel n\u00e4r man s\u00e5g tyskarna p\u00e5 gatan. D\u00e5 v\u00e5gade man inte g\u00e5 ut och leka mer, utan man stannade inne. Han sade ju mest om kriget hur allt gick till,som till exempel att det gick bra f\u00f6r Tyskland i kriget och vi danskar gjorde inte motst\u00e5nd eftersom dem hade en s\u00e5 stor och stark arm\u00e9. Han sade att Tyskland k\u00f6pte mycket varor fr\u00e5n Danmark men dem betalade inte f\u00f6r varorna utan dem bara tog och tog. Danmark var f\u00f6r r\u00e4dda f\u00f6r att g\u00f6ra motst\u00e5nd. Tyskarna var ocks\u00e5 missn\u00f6jda med danskarnas jobb.Han ber\u00e4ttade ocks\u00e5 hur r\u00f6d himmelen hade blivit av alla bomber som hade kastats runt.<\/p>\n<p>Han sade att tyskarna best\u00e4mde sig f\u00f6r att plocka in dem judar som fanns i Danmark \u00e5r 1943 f\u00f6rsta oktober. Efter att en tjallare sa till danskarna att dem skulle attackera judarna s\u00e5 fick judarna f\u00f6rspr\u00e5ng i tv\u00e5 dagar om att kunna fly d\u00e4rifr\u00e5n. Runt 500 av 7000 judar vart f\u00e5ngade, resten seglade med b\u00e5t fr\u00e5n Danmark till Sverige dem f\u00f6rsta tre veckorna i oktober 1943. \u00d6ver 6000 hade checkat in sig till Sverige. Judarna som tyskarna hade lyckats f\u00e5nga blev skickad till Therisienstadt, det var som ett litet f\u00e4ngelse fast f\u00f6r judar. Men Danmark lyckas skr\u00e4mma Tyskland eftersom 10% av f\u00f6rs\u00f6rjningen fick Tyskland av Danmark. Danmark hade inge vapenmakt men dem var \u00e4nd\u00e5 viktiga f\u00f6r Tyskland. Senare med tiden s\u00e4ger han att Tyskland b\u00f6rjar tappa kontroll efter deras f\u00f6rsta f\u00f6rlust mot Montgomery, efter den f\u00f6rlusten f\u00f6rlorade Tyskland en stor del arm\u00e9. N\u00e4r tyskarna backade till slut s\u00e5 blev allting tillbaks hur det var fr\u00e5n b\u00f6rjan. Att tyskarna fick det bara v\u00e4rre och v\u00e4rre.<\/p>\n<p>N\u00e4r Tyskland inte hade makt l\u00e4ngre s\u00e5 flyttade tyskar d\u00e4rifr\u00e5n eftersom dem var r\u00e4dda f\u00f6r Ryssland. Runt 250 000 tyskar checkade sig in till Danmark efter deras f\u00f6rlust. Och han ber\u00e4ttade ocks\u00e5 att alla tidningar om kriget fick tyskarna skryta om och ljuga.<\/p>\n<p>Keneri 9C<\/p>\n","protected":false},"excerpt":{"rendered":"<p>Jag intervjuade Lars Mathiessen, han f\u00f6ddes i K\u00f6penhamn \u00e5r 1930. Han hade fyra syskon, tv\u00e5 br\u00f6der och en tvillingsyster. Hans br\u00f6der lever inte l\u00e4ngre, men tvillingsystern lever fortfarande. Han gick i en internatskola som l\u00e5g vid flygplatsen. Skolan var likadan som nuf\u00f6rtiden sade Lars. Man fick ju mat av skolan men han sa att ibland &hellip; <\/p>\n<p><a class=\"more-link btn\" href=\"http:\/\/xn--skuggorfrndetfrflutna-02b01b.se\/?page_id=1450\">Forts\u00e4tt l\u00e4sa<\/a><\/p>\n","protected":false},"author":1,"featured_media":0,"parent":0,"menu_order":0,"comment_status":"closed","ping_status":"open","template":"","meta":{"_monsterinsights_skip_tracking":false,"_monsterinsights_sitenote_active":false,"_monsterinsights_sitenote_note":"","_monsterinsights_sitenote_category":0,"footnotes":""},"class_list":["post-1450","page","type-page","status-publish","hentry","nodate","item-wrap"],"jetpack_sharing_enabled":true,"_links":{"self":[{"href":"http:\/\/xn--skuggorfrndetfrflutna-02b01b.se\/index.php?rest_route=\/wp\/v2\/pages\/1450","targetHints":{"allow":["GET"]}}],"collection":[{"href":"http:\/\/xn--skuggorfrndetfrflutna-02b01b.se\/index.php?rest_route=\/wp\/v2\/pages"}],"about":[{"href":"http:\/\/xn--skuggorfrndetfrflutna-02b01b.se\/index.php?rest_route=\/wp\/v2\/types\/page"}],"author":[{"embeddable":true,"href":"http:\/\/xn--skuggorfrndetfrflutna-02b01b.se\/index.php?rest_route=\/wp\/v2\/users\/1"}],"replies":[{"embeddable":true,"href":"http:\/\/xn--skuggorfrndetfrflutna-02b01b.se\/index.php?rest_route=%2Fwp%2Fv2%2Fcomments&post=1450"}],"version-history":[{"count":1,"href":"http:\/\/xn--skuggorfrndetfrflutna-02b01b.se\/index.php?rest_route=\/wp\/v2\/pages\/1450\/revisions"}],"predecessor-version":[{"id":1452,"href":"http:\/\/xn--skuggorfrndetfrflutna-02b01b.se\/index.php?rest_route=\/wp\/v2\/pages\/1450\/revisions\/1452"}],"wp:attachment":[{"href":"http:\/\/xn--skuggorfrndetfrflutna-02b01b.se\/index.php?rest_route=%2Fwp%2Fv2%2Fmedia&parent=1450"}],"curies":[{"name":"wp","href":"https:\/\/api.w.org\/{rel}","templated":true}]}}