{"id":1447,"date":"2014-05-04T20:00:45","date_gmt":"2014-05-04T20:00:45","guid":{"rendered":"http:\/\/xn--skuggorfrndetfrflutna-02b01b.se\/?page_id=1447"},"modified":"2016-07-03T14:29:33","modified_gmt":"2016-07-03T14:29:33","slug":"krigsminne-ing-britt","status":"publish","type":"page","link":"http:\/\/xn--skuggorfrndetfrflutna-02b01b.se\/?page_id=1447","title":{"rendered":"Krigsminne &#8211; Ing-Britt"},"content":{"rendered":"<p>I min intervju s\u00e5 har jag intervjuat min farmor, jag har fr\u00e5gat henne om hennes minnen fr\u00e5n 50-talet. Hon kommer inte ih\u00e5g n\u00e5gonting fr\u00e5n andra v\u00e4rldskriget f\u00f6r hon var bara tre \u00e5r n\u00e4r det slutade. Min farmor Ing-britt \u00e4r f\u00f6dd 1942 i Karlskoga men bor nu i stan i \u00d6rebro. Hon bodde i Karlskoga med sin mamma och pappa och hennes tre syskon. Hennes pappa jobbade som r\u00f6rmockare och hennes mamma p\u00e5 Domus och det kan man kalla Coopaff\u00e4rerna idag. Ett av de vanligaste yrkena f\u00f6rr, som Ing-britt ber\u00e4ttade f\u00f6r mig, var att vara aff\u00e4rsbitr\u00e4de. N\u00e4r Ing-britt blev \u00e4ldre jobbade hon som det och fick st\u00e5 i kassan.<\/p>\n<p>Ing-britts b\u00e4sta minne fr\u00e5n hennes ungdomsliv var att man s\u00e4nde upp hunden Lajka ut i rymden. Det var en riktigt h\u00e4ftig grej att man kunde skicka ut en hund ut i rymden ber\u00e4ttar hon f\u00f6r mig. N\u00e4r jag fr\u00e5gade sedan om hennes s\u00e4msta minne s\u00e5 var det om Marilyn Monroes d\u00f6d. Min farmor gillade verkligen Marilyn, det hon gillade mest med Marilyn Monroe var hennes kl\u00e4dstil, den var riktigt snygg p\u00e5 den tiden s\u00e4ger hon.<\/p>\n<p>Min farmor gick p\u00e5 Skrantaskolan och till vardags s\u00e5 brukade man f\u00e5 falukorv eller fisk till mat. N\u00e4r det g\u00e4llde fester s\u00e5 brukade man f\u00e5 r\u00e4kcocktails eller kalkon ber\u00e4ttade hon. Skrantaskolan var str\u00e4ngare emot vad det \u00e4r idag och min farmor hade aldrig skolkat fr\u00e5n skolan n\u00e5gon g\u00e5ng och om man gjorde det s\u00e5 brukade man bli bestraffad. N\u00e4r man blev bestraffad s\u00e5 fick man antingen g\u00e5 ut i korridoren eller prata med rektorn om vad man hade gjort. Relationen mellan l\u00e4rare och elever var bra s\u00e5 l\u00e4nge man uppf\u00f6rde sig v\u00e4l. Det var n\u00e4stan samma skol\u00e4mnen som vi har idag, n\u00e5gra exempel \u00e4r matte, religion och geografi.<\/p>\n<p>Hon ber\u00e4ttade att man var ungef\u00e4r 20-25 \u00e5r n\u00e4r man gifte sig p\u00e5 den tiden p\u00e5 50-talet. Man kommunicerade p\u00e5 den tiden genom att skicka vykort, brev eller fasta telefoner. Ing-britt kommer ih\u00e5g att \u201dkobra telefonen\u201d lanserades p\u00e5 50-talet, man kunde skicka post under alla dagar f\u00f6rutom s\u00f6ndagar f\u00f6r d\u00e5 var det postfria dagar.<\/p>\n<p>Olof Palme och Tage Erlander \u00e4r dom tv\u00e5 mest k\u00e4nda politiker som hon kommer ih\u00e5g. Olof Palme var v\u00e4ldigt k\u00e4nd i Sverige men ocks\u00e5 utomlands i andra l\u00e4nder kom hon ih\u00e5g. Innan Palme blev statsminister s\u00e5 var han handsekreterare \u00e5t Tage Erlander, hon ber\u00e4ttade sedan att Palme ersatte Tage och blev sj\u00e4lv statsminister f\u00f6r Sverige.<\/p>\n<p>P\u00e5 deras fritid s\u00e5 brukade min farmor och hennes kompisar hitta p\u00e5 massa grejer, dom brukade kasta kula, hoppa hage och hoppa hopprep och sen tr\u00e4ffades man i lekparken och stod och pratade med varandra. Sen n\u00e4r man blev lite \u00e4ldre s\u00e5 b\u00f6rjade man att tjuvr\u00f6ka. Mobbning fanns inte under hennes skoltid som det finns i dagens samh\u00e4lle.<\/p>\n<p>Min farmor tyckte mycket v\u00e4l om kvinnornas kl\u00e4dstil och den stilen var att de hade kl\u00e4nningar, kjol eller l\u00e5ngbyxor som var favoriter, det var viktigt att kl\u00e4derna skulle matcha med varandra. M\u00e4nnen hade antingen kostym p\u00e5 sig eller t-shirt med skinnjacka och jeans.<\/p>\n<p><b>Reflektioner<\/b><\/p>\n<p>Det jag har f\u00e5tt h\u00f6ra fr\u00e5n min farmors barndom \u00e4r en helt annan sak j\u00e4mf\u00f6rt vad det \u00e4r idag. Ett exempel \u00e4r att under hennes barndom s\u00e5 fanns det inte s\u00e5 mycket att g\u00f6ra, nu i dagens samh\u00e4lle s\u00e5 finns det betydligt mycket mer att g\u00f6ra. Vi har ju f\u00f6tts i den tiden d\u00e5 all modern teknik kom till v\u00e4rlden, t ex smartphones, datorer och andra saker. Vi har mer saker att g\u00f6ra nu f\u00f6r tiden men vi sitter mer still och \u00e4r mer inomhus \u00e4n f\u00f6rr och det \u00e4r nog inte s\u00e5 bra f\u00f6r kroppen i l\u00e4ngden f\u00f6rst\u00e5s.<\/p>\n<p>William Eriksson 9C<\/p>\n","protected":false},"excerpt":{"rendered":"<p>I min intervju s\u00e5 har jag intervjuat min farmor, jag har fr\u00e5gat henne om hennes minnen fr\u00e5n 50-talet. Hon kommer inte ih\u00e5g n\u00e5gonting fr\u00e5n andra v\u00e4rldskriget f\u00f6r hon var bara tre \u00e5r n\u00e4r det slutade. Min farmor Ing-britt \u00e4r f\u00f6dd 1942 i Karlskoga men bor nu i stan i \u00d6rebro. Hon bodde i Karlskoga med &hellip; <\/p>\n<p><a class=\"more-link btn\" href=\"http:\/\/xn--skuggorfrndetfrflutna-02b01b.se\/?page_id=1447\">Forts\u00e4tt l\u00e4sa<\/a><\/p>\n","protected":false},"author":1,"featured_media":0,"parent":0,"menu_order":0,"comment_status":"closed","ping_status":"open","template":"","meta":{"_monsterinsights_skip_tracking":false,"_monsterinsights_sitenote_active":false,"_monsterinsights_sitenote_note":"","_monsterinsights_sitenote_category":0,"footnotes":""},"class_list":["post-1447","page","type-page","status-publish","hentry","nodate","item-wrap"],"jetpack_sharing_enabled":true,"_links":{"self":[{"href":"http:\/\/xn--skuggorfrndetfrflutna-02b01b.se\/index.php?rest_route=\/wp\/v2\/pages\/1447","targetHints":{"allow":["GET"]}}],"collection":[{"href":"http:\/\/xn--skuggorfrndetfrflutna-02b01b.se\/index.php?rest_route=\/wp\/v2\/pages"}],"about":[{"href":"http:\/\/xn--skuggorfrndetfrflutna-02b01b.se\/index.php?rest_route=\/wp\/v2\/types\/page"}],"author":[{"embeddable":true,"href":"http:\/\/xn--skuggorfrndetfrflutna-02b01b.se\/index.php?rest_route=\/wp\/v2\/users\/1"}],"replies":[{"embeddable":true,"href":"http:\/\/xn--skuggorfrndetfrflutna-02b01b.se\/index.php?rest_route=%2Fwp%2Fv2%2Fcomments&post=1447"}],"version-history":[{"count":2,"href":"http:\/\/xn--skuggorfrndetfrflutna-02b01b.se\/index.php?rest_route=\/wp\/v2\/pages\/1447\/revisions"}],"predecessor-version":[{"id":2934,"href":"http:\/\/xn--skuggorfrndetfrflutna-02b01b.se\/index.php?rest_route=\/wp\/v2\/pages\/1447\/revisions\/2934"}],"wp:attachment":[{"href":"http:\/\/xn--skuggorfrndetfrflutna-02b01b.se\/index.php?rest_route=%2Fwp%2Fv2%2Fmedia&parent=1447"}],"curies":[{"name":"wp","href":"https:\/\/api.w.org\/{rel}","templated":true}]}}