{"id":1428,"date":"2014-04-21T17:01:21","date_gmt":"2014-04-21T17:01:21","guid":{"rendered":"http:\/\/xn--skuggorfrndetfrflutna-02b01b.se\/?page_id=1428"},"modified":"2014-04-21T17:06:47","modified_gmt":"2014-04-21T17:06:47","slug":"rumbola","status":"publish","type":"page","link":"http:\/\/xn--skuggorfrndetfrflutna-02b01b.se\/?page_id=1428","title":{"rendered":"Rumbola"},"content":{"rendered":"<p>Klicka p\u00e5 l\u00e4nken f\u00f6r att komma till elev\u00f6vningarna om Rumbola-massakrerna.<\/p>\n<p><a href=\"https:\/\/drive.google.com\/file\/d\/0B-HmSmf8cxy2N2luSHczdUEyOVk\/edit?usp=sharing\" target=\"_blank\">Jag \u00f6verlevde&#8230;<\/a><\/p>\n<p><a href=\"https:\/\/drive.google.com\/file\/d\/0B-HmSmf8cxy2b1pyck5DNkV2UEE\/edit?usp=sharing\" target=\"_blank\">\u00c5sk\u00e5darna\u00a0<\/a><\/p>\n","protected":false},"excerpt":{"rendered":"<p>Klicka p\u00e5 l\u00e4nken f\u00f6r att komma till elev\u00f6vningarna om Rumbola-massakrerna. Jag \u00f6verlevde&#8230; \u00c5sk\u00e5darna\u00a0<\/p>\n","protected":false},"author":1,"featured_media":0,"parent":0,"menu_order":0,"comment_status":"closed","ping_status":"open","template":"","meta":{"_monsterinsights_skip_tracking":false,"_monsterinsights_sitenote_active":false,"_monsterinsights_sitenote_note":"","_monsterinsights_sitenote_category":0,"footnotes":""},"class_list":["post-1428","page","type-page","status-publish","hentry","nodate","item-wrap"],"jetpack_sharing_enabled":true,"_links":{"self":[{"href":"http:\/\/xn--skuggorfrndetfrflutna-02b01b.se\/index.php?rest_route=\/wp\/v2\/pages\/1428","targetHints":{"allow":["GET"]}}],"collection":[{"href":"http:\/\/xn--skuggorfrndetfrflutna-02b01b.se\/index.php?rest_route=\/wp\/v2\/pages"}],"about":[{"href":"http:\/\/xn--skuggorfrndetfrflutna-02b01b.se\/index.php?rest_route=\/wp\/v2\/types\/page"}],"author":[{"embeddable":true,"href":"http:\/\/xn--skuggorfrndetfrflutna-02b01b.se\/index.php?rest_route=\/wp\/v2\/users\/1"}],"replies":[{"embeddable":true,"href":"http:\/\/xn--skuggorfrndetfrflutna-02b01b.se\/index.php?rest_route=%2Fwp%2Fv2%2Fcomments&post=1428"}],"version-history":[{"count":3,"href":"http:\/\/xn--skuggorfrndetfrflutna-02b01b.se\/index.php?rest_route=\/wp\/v2\/pages\/1428\/revisions"}],"predecessor-version":[{"id":1432,"href":"http:\/\/xn--skuggorfrndetfrflutna-02b01b.se\/index.php?rest_route=\/wp\/v2\/pages\/1428\/revisions\/1432"}],"wp:attachment":[{"href":"http:\/\/xn--skuggorfrndetfrflutna-02b01b.se\/index.php?rest_route=%2Fwp%2Fv2%2Fmedia&parent=1428"}],"curies":[{"name":"wp","href":"https:\/\/api.w.org\/{rel}","templated":true}]}}