{"id":1374,"date":"2014-03-22T23:04:50","date_gmt":"2014-03-22T23:04:50","guid":{"rendered":"http:\/\/xn--skuggorfrndetfrflutna-02b01b.se\/?page_id=1374"},"modified":"2019-09-24T18:52:11","modified_gmt":"2019-09-24T18:52:11","slug":"kallkritik-en-enkel-manual","status":"publish","type":"page","link":"http:\/\/xn--skuggorfrndetfrflutna-02b01b.se\/?page_id=1374","title":{"rendered":"K\u00e4llkritik &#8211; en enkel manual"},"content":{"rendered":"<p><b>K\u00e4llor ska tolkas utifr\u00e5n flera kritiska krav:<\/b><\/p>\n<p><strong>A. Krav p\u00e5 \u00e4kthet<\/strong><\/p>\n<p>Det vimlar av f\u00f6rfalskade dokument i historien. N\u00e4r det g\u00e4ller de avfotograferade arkivmappar som eleverna arbetar med \u00e4r sannolikt handlingarna \u00e4kta. \u00c4kthet har inget med &#8221;sanning&#8221; att g\u00f6ra d\u00e5 m\u00e5nga fel\u00f6vers\u00e4ttningar och missf\u00f6rst\u00e5nd eller rena l\u00f6gner finns i en del handlingar.<\/p>\n<p><strong>B. Samtidskravet = n\u00e4rhet till h\u00e4ndelsen i tid<\/strong><\/p>\n<p>De k\u00e4llorna som ligger n\u00e4rmast i tiden bed\u00f6ms i allm\u00e4nhet ha den st\u00f6rsta trov\u00e4rdigheten. Men en nyare saklig sammanfattande k\u00e4lla kan ju vara b\u00e4ttre \u00e4n en tidig partsinlaga. Vad \u00e4r b\u00e4st; ett vittnesm\u00e5l nedtecknat 1945 eller en &#8221;\u00f6verlevandebok&#8221; skriven p\u00e5 1980-talet av samma person?<\/p>\n<p><strong>C. Tendens<\/strong><\/p>\n<p>Vilka urvalskriterier bygger k\u00e4llan p\u00e5? Hur ser uppgiftsl\u00e4mnarens situation ut? Tar k\u00e4llan st\u00e4llning f\u00f6r eller emot n\u00e5got? Till vem skriver hen? Av de aktuella kvinnorna vill ju m\u00e5nga kvarstanna i Sverige trots att den svenska staten vill att de ska l\u00e4mna landet snarast. V\u00e5ra viktigaste dokument \u00e4r f\u00f6rh\u00f6rsprotokoll som polisen i \u00d6rebro nedtecknat. Leta efter v\u00e4rdeord? Exempel: &#8221;Jag t\u00e4nker aldrig \u00e5terv\u00e4nda till Polen! Vilka sk\u00e4l ger mig st\u00f6rst chans att f\u00e5 stanna i Sverige?<\/p>\n<p><strong>D. Beroende<\/strong><\/p>\n<p>Vilken \u00e4r f\u00f6rstahandsk\u00e4llan? Har denna k\u00e4lla p\u00e5verkat andra k\u00e4llor? M\u00e5nga k\u00e4llor har andra k\u00e4llor som grund. Om flera k\u00e4llor &#8211; har de samma ursprungsk\u00e4lla? Ibland f\u00f6rekommer felskrivningar och detta \u00e4r relativt vanligt i de ans\u00f6kningshandlingar som kvinnorna skickar in till olika svenska myndigheter. Flera oberoende k\u00e4llor h\u00f6jer v\u00e4rdet.<\/p>\n<p><strong>Det k\u00e4llkritiska resultatet bilder en BER\u00c4TTELSE utifr\u00e5n fr\u00e5gorna:<\/strong><\/p>\n<p>N\u00e4r?<\/p>\n<p>Vem\/vilka?<\/p>\n<p>Motiv?<\/p>\n<p>Hur?<\/p>\n<p>Orsaker?<\/p>\n<p>F\u00f6ljder?<\/p>\n<p>Leder fram till h\u00e4ndelser som p\u00e5verkas av akt\u00f6rer och strukturer i det d\u00e5tida samh\u00e4llet. I v\u00e5rt fall rekonstruerar eleven en begriplig sammanh\u00e4ngde livsber\u00e4ttelse. Vad betyder sedan denna ber\u00e4ttelse f\u00f6r mig\/oss idag?<\/p>\n","protected":false},"excerpt":{"rendered":"<p>K\u00e4llor ska tolkas utifr\u00e5n flera kritiska krav: A. Krav p\u00e5 \u00e4kthet Det vimlar av f\u00f6rfalskade dokument i historien. N\u00e4r det g\u00e4ller de avfotograferade arkivmappar som eleverna arbetar med \u00e4r sannolikt handlingarna \u00e4kta. \u00c4kthet har inget med &#8221;sanning&#8221; att g\u00f6ra d\u00e5 m\u00e5nga fel\u00f6vers\u00e4ttningar och missf\u00f6rst\u00e5nd eller rena l\u00f6gner finns i en del handlingar. B. Samtidskravet = &hellip; <\/p>\n<p><a class=\"more-link btn\" href=\"http:\/\/xn--skuggorfrndetfrflutna-02b01b.se\/?page_id=1374\">Forts\u00e4tt l\u00e4sa<\/a><\/p>\n","protected":false},"author":1,"featured_media":0,"parent":0,"menu_order":0,"comment_status":"closed","ping_status":"open","template":"","meta":{"_monsterinsights_skip_tracking":false,"_monsterinsights_sitenote_active":false,"_monsterinsights_sitenote_note":"","_monsterinsights_sitenote_category":0,"footnotes":""},"class_list":["post-1374","page","type-page","status-publish","hentry","nodate","item-wrap"],"jetpack_sharing_enabled":true,"_links":{"self":[{"href":"http:\/\/xn--skuggorfrndetfrflutna-02b01b.se\/index.php?rest_route=\/wp\/v2\/pages\/1374","targetHints":{"allow":["GET"]}}],"collection":[{"href":"http:\/\/xn--skuggorfrndetfrflutna-02b01b.se\/index.php?rest_route=\/wp\/v2\/pages"}],"about":[{"href":"http:\/\/xn--skuggorfrndetfrflutna-02b01b.se\/index.php?rest_route=\/wp\/v2\/types\/page"}],"author":[{"embeddable":true,"href":"http:\/\/xn--skuggorfrndetfrflutna-02b01b.se\/index.php?rest_route=\/wp\/v2\/users\/1"}],"replies":[{"embeddable":true,"href":"http:\/\/xn--skuggorfrndetfrflutna-02b01b.se\/index.php?rest_route=%2Fwp%2Fv2%2Fcomments&post=1374"}],"version-history":[{"count":6,"href":"http:\/\/xn--skuggorfrndetfrflutna-02b01b.se\/index.php?rest_route=\/wp\/v2\/pages\/1374\/revisions"}],"predecessor-version":[{"id":3876,"href":"http:\/\/xn--skuggorfrndetfrflutna-02b01b.se\/index.php?rest_route=\/wp\/v2\/pages\/1374\/revisions\/3876"}],"wp:attachment":[{"href":"http:\/\/xn--skuggorfrndetfrflutna-02b01b.se\/index.php?rest_route=%2Fwp%2Fv2%2Fmedia&parent=1374"}],"curies":[{"name":"wp","href":"https:\/\/api.w.org\/{rel}","templated":true}]}}