{"id":127,"date":"2013-08-31T17:41:51","date_gmt":"2013-08-31T17:41:51","guid":{"rendered":"http:\/\/xn--skuggorfrndetfrflutna-02b01b.se\/?page_id=127"},"modified":"2017-12-31T08:39:25","modified_gmt":"2017-12-31T08:39:25","slug":"tack","status":"publish","type":"page","link":"http:\/\/xn--skuggorfrndetfrflutna-02b01b.se\/?page_id=127","title":{"rendered":"TACK!"},"content":{"rendered":"<p>Tack till\u00a0Jan Andrzejewski, Polska hj\u00e4lpkommitt\u00e9n i Sverige f\u00f6r hj\u00e4lp med \u00f6vers\u00e4ttningar, tips om material och uppmuntran!<\/p>\n<p>Polens ambassad\u00f6r Wies\u0142aw Tarka f\u00f6r det uppmuntrande bes\u00f6ket med klass 9A 2017!<\/p>\n<p>Conny B\u00e4ckstr\u00f6m, v\u00e5r Webbstj\u00e4rnan promotor, utbildare och l\u00e4rare i teknik p\u00e5 Lill\u00e5ns skola, utan vars insats denna hemsidan inte skulle ha existerat!<\/p>\n<p>Malli Barkhammar, webbstj\u00e4rnans support, som l\u00f6ste buggen med &#8221;temat&#8221;, som h\u00f6ll p\u00e5 att driva SO-l\u00e4raren till vansinne!<\/p>\n<p>Forum f\u00f6r Levande historia, P\u00e5 denna plats- projektet. Ni vet vilka ni \u00e4r!<\/p>\n<p>Nerikes Allehanda, Anders Erkman, utan engagerade journalister hade vi inte hittat v\u00e5ra \u00f6gonvittnen!<\/p>\n<p>Margareta Stenstr\u00f6m, \u00d6rebro kommun<\/p>\n<p>Anders Drakenberg f\u00f6r \u00f6vers\u00e4ttningstips<\/p>\n<p>Juhani Kilpel\u00e4inen, SO-kollega p\u00e5 Lill\u00e5ns skola f\u00f6r artiklar och information om R\u00f6da Korsmannen Enar Hill.<\/p>\n<p>Lions Lill\u00e5n<\/p>\n<p>Alla glada plus 65 som st\u00e4llt upp p\u00e5 att l\u00e5ta sig intervjuas!<\/p>\n<p>Radio P4 \u00d6rebro<\/p>\n<p>SKMA, Svenska kommitt\u00e9n mot Antisemitism<\/p>\n<p>Kyrkog\u00e5rdsf\u00f6rvaltningen, \u00d6rebro &#8211; Anders Hagsten och Thorleif \u00d6rn<\/p>\n<p>Gustaf von Gertten<\/p>\n<p>Axbergs och Hovsta hembygdsf\u00f6rening f\u00f6r stipendium 2015!<\/p>\n<p>Bo E Fransson f\u00f6r ljudskivan med sin intervju med Janina K. En \u00e4kta arkivare!<\/p>\n<p><strong>Personal p\u00e5 olika arkiv:<\/strong><\/p>\n<p>Arkivcentrum, \u00d6rebro<\/p>\n<p>\u00d6rebro Stadsarkiv<\/p>\n<p>Uppsala Landsarkiv<\/p>\n<p>Riksarkivet och d\u00e5 speciellt Lars Hallberg, som har \u00e4gnat m\u00e5nga timmar att leta efter handlingar.<\/p>\n<p>Landsarkivet i Lund<\/p>\n<p>Lunds universitets biblioteks arkiv<\/p>\n<p>Malm\u00f6 Stadsarkiv<\/p>\n<p>Yad Vashem, Israel<\/p>\n<p>ITS, Arolsen, Tyskland<\/p>\n<p>Auschwitz Museum, Polen<\/p>\n<p>Mahn- u. Gedenkst\u00e4tte Ravensbr\u00fcck\u00a0 &#8211; efter tre misslyckade f\u00f6rs\u00f6k (1. St\u00e4ngt 2.\u00a0 ej ledig dator 3. ress\u00e4llskap med tummen ur led)\u00a0 lyckades jag \u00e4gna en dag av \u00e5terresan fr\u00e5n bilsemestern i dess arkiv 2017. Stort tack till Bj\u00f6rn Stalin som varje g\u00e5ng tvingats ligga p\u00e5\u00a0 badhotellet och v\u00e4nta. Ny resa 2018 kommer att pr\u00f6va hans t\u00e5lamod igen men ett flak \u00f6l brukar h\u00e5lla honom p\u00e5 gott hum\u00f6r.<\/p>\n<p>Arkvarie Monica Schnells hj\u00e4lp med de mycket omst\u00e4ndliga s\u00f6kfunktionerna p\u00e5 tyska. &#8221;Entschuldigung, hilfe bitte&#8221; var en mycket anv\u00e4ndbar term men undertecknad framstod nog som l\u00e4tt underbeg\u00e5vad.<\/p>\n<p><strong>F\u00f6ljande personer har p\u00e5 olika s\u00e4tt l\u00e4mnat vittnesm\u00e5l eller bilder till projektet:<\/strong><\/p>\n<p>Anita M\u00e5rd<\/p>\n<p>Birger Wennberg<\/p>\n<p>Ingrid Djalleta<\/p>\n<p>Ulla Birgitta P\u00e5lsg\u00e5rd<\/p>\n<p>Kerstin Signal<\/p>\n<p>Gun Johansson<\/p>\n<p>Tanja Hedlund<\/p>\n<p>Lennart Richardsson<\/p>\n<p>Veronica Jansson<\/p>\n<p>Bina Dresner<\/p>\n","protected":false},"excerpt":{"rendered":"<p>Tack till\u00a0Jan Andrzejewski, Polska hj\u00e4lpkommitt\u00e9n i Sverige f\u00f6r hj\u00e4lp med \u00f6vers\u00e4ttningar, tips om material och uppmuntran! Polens ambassad\u00f6r Wies\u0142aw Tarka f\u00f6r det uppmuntrande bes\u00f6ket med klass 9A 2017! Conny B\u00e4ckstr\u00f6m, v\u00e5r Webbstj\u00e4rnan promotor, utbildare och l\u00e4rare i teknik p\u00e5 Lill\u00e5ns skola, utan vars insats denna hemsidan inte skulle ha existerat! Malli Barkhammar, webbstj\u00e4rnans support, som &hellip; <\/p>\n<p><a class=\"more-link btn\" href=\"http:\/\/xn--skuggorfrndetfrflutna-02b01b.se\/?page_id=127\">Forts\u00e4tt l\u00e4sa<\/a><\/p>\n","protected":false},"author":1,"featured_media":0,"parent":0,"menu_order":0,"comment_status":"closed","ping_status":"open","template":"","meta":{"_monsterinsights_skip_tracking":false,"_monsterinsights_sitenote_active":false,"_monsterinsights_sitenote_note":"","_monsterinsights_sitenote_category":0,"footnotes":""},"class_list":["post-127","page","type-page","status-publish","hentry","nodate","item-wrap"],"jetpack_sharing_enabled":true,"_links":{"self":[{"href":"http:\/\/xn--skuggorfrndetfrflutna-02b01b.se\/index.php?rest_route=\/wp\/v2\/pages\/127","targetHints":{"allow":["GET"]}}],"collection":[{"href":"http:\/\/xn--skuggorfrndetfrflutna-02b01b.se\/index.php?rest_route=\/wp\/v2\/pages"}],"about":[{"href":"http:\/\/xn--skuggorfrndetfrflutna-02b01b.se\/index.php?rest_route=\/wp\/v2\/types\/page"}],"author":[{"embeddable":true,"href":"http:\/\/xn--skuggorfrndetfrflutna-02b01b.se\/index.php?rest_route=\/wp\/v2\/users\/1"}],"replies":[{"embeddable":true,"href":"http:\/\/xn--skuggorfrndetfrflutna-02b01b.se\/index.php?rest_route=%2Fwp%2Fv2%2Fcomments&post=127"}],"version-history":[{"count":24,"href":"http:\/\/xn--skuggorfrndetfrflutna-02b01b.se\/index.php?rest_route=\/wp\/v2\/pages\/127\/revisions"}],"predecessor-version":[{"id":3332,"href":"http:\/\/xn--skuggorfrndetfrflutna-02b01b.se\/index.php?rest_route=\/wp\/v2\/pages\/127\/revisions\/3332"}],"wp:attachment":[{"href":"http:\/\/xn--skuggorfrndetfrflutna-02b01b.se\/index.php?rest_route=%2Fwp%2Fv2%2Fmedia&parent=127"}],"curies":[{"name":"wp","href":"https:\/\/api.w.org\/{rel}","templated":true}]}}