{"id":1059,"date":"2014-02-11T19:33:06","date_gmt":"2014-02-11T19:33:06","guid":{"rendered":"http:\/\/xn--skuggorfrndetfrflutna-02b01b.se\/?page_id=1059"},"modified":"2017-11-21T20:38:21","modified_gmt":"2017-11-21T20:38:21","slug":"warszawa-svenskarna-the-swedish-connection","status":"publish","type":"page","link":"http:\/\/xn--skuggorfrndetfrflutna-02b01b.se\/?page_id=1059","title":{"rendered":"Warszawa-svenskarna \u2013 \u201dThe Swedish Connection\u201d"},"content":{"rendered":"<p style=\"text-align: justify;\">Efter att tyskarna hade ockuperat Polen 1939 besl\u00f6t sig n\u00e5gra svenskar f\u00f6r att hj\u00e4lpa den polska motst\u00e5ndsr\u00f6relsen. De ledande svenskarna var Sven Norrman och G\u00f6sta Gustafsson, b\u00e5da anst\u00e4llda p\u00e5 ASEA:s (idag ABB) polska dotterbolag i Warszawa. Andra svenskar anst\u00e4llda p\u00e5 ASEA, T\u00e4ndsticksbolaget AB och LM Ericsson utf\u00f6rde st\u00f6rre eller mindre uppdrag \u00e5t motst\u00e5ndsr\u00f6relsen. Med livet som insats smugglade de pengar, filmer och hemliga dokument mellan Polen och Sverige. Materialet vidarebefordrades sedan till den polska exilregeringen i London och dess brittiska allierade med hemliga kurirplan fr\u00e5n Bromma.<\/p>\n<p style=\"text-align: justify;\">De svenska kontakterna avsl\u00f6jades av en tysk spion p\u00e5 den svenska ambassaden i Berlin, Elsa Bartel. Svenskarna stod snabbt p\u00e5 listan \u00f6ver jagade spioner i Polen men Sven Norrman och G\u00f6sta Gustafsson befann sig p\u00e5 semesterresa i Sverige n\u00e4r tyskarna slog ner p\u00e5 det hemliga n\u00e4tverket. Andra svenskar hade mindre tur. Den 10 juli 1942 grips den f\u00f6rste svensken, Nils Berglind. Hans regulj\u00e4ra flygplan fr\u00e5n Berlin till Stockholm beordrades v\u00e4nda strax innanf\u00f6r det Tyska rikets luftrum och vid \u00e5terkomsten till Berlin grips han av <i>Gestapo<\/i>. Under de efterf\u00f6ljande dagarna grips ytterligare sex svenskar, bland annat Tore Wid\u00e9n fr\u00e5n \u00d6rebro, ingenj\u00f6r p\u00e5 T\u00e4ndsticksbolaget. Uppskattningsvis 50-100 polacker arresteras ocks\u00e5, de flesta torteras, placeras i koncentrationsl\u00e4ger eller avr\u00e4ttas. F\u00f6r svenskarna g\u00e5r det b\u00e4ttre. I juli 1943 f\u00f6rkunnas fyra d\u00f6dsdomar, en livstidsdom och tv\u00e5 av svenskarna f\u00f6rklaras oskyldiga. Inga av d\u00f6dsstraffen verkst\u00e4lls. De ans\u00e5gs av tyskarna vara v\u00e4rda mera levande \u00e4n d\u00f6da i det diplomatiska spelet med Sverige. I december 1944 sl\u00e4pps de sista svenskarna fria, som en diplomatisk gest mot Sverige.<\/p>\n<p style=\"text-align: justify;\">Sven Norman lyckades, innan det svenska n\u00e4tverket avsl\u00f6jades 1942, bluffa till sig en passersedel som sl\u00e4ppte in honom i Warszawas getto och d\u00e4r tog han flera foton av de ohyggliga f\u00f6rh\u00e5llanden judarna tvingades leva under. Bilderna smugglades till Sverige och d\u00e4rifr\u00e5n med kurirflyg till Storbritannien. Dessa bilder anses vara de f\u00f6rsta som publicerades i brittisk och amerikansk press fr\u00e5n Warszawas getto. M\u00e5nga ans\u00e5g att bilderna bara var propaganda och att bilderna var f\u00f6r om\u00e4nskliga f\u00f6r att vara sanna. Men f\u00f6r judarna i Warszawa skulle det bli \u00e4nnu v\u00e4rre.<\/p>\n<p style=\"text-align: justify;\">Varf\u00f6r sl\u00e5r <i>Gestapo<\/i> till just i juli 1942? Ingen vet s\u00e4kert men det \u00e4r ett faktum att de f\u00f6rsta t\u00e5gtransporterna av judar fr\u00e5n Warszawas getto till f\u00f6rintelsel\u00e4gret Treblinka och gaskamrarna startade tv\u00e5 veckor efter det f\u00f6rsta gripandet. Kanske ville tyskarna f\u00f6rs\u00e4kra sig om att antalet utl\u00e4ndska vittnen minskade.<\/p>\n<p style=\"text-align: justify;\"><b>Uppgifter:<\/b><\/p>\n<p style=\"text-align: justify;\">1. Studera de bifogade fem fotografierna (s\u00f6k l\u00e4mpliga bilder p\u00e5 n\u00e4tet fr\u00e5n Heinz J\u00f6st&#8230;). Sammanfatta livet i Warszawas getto med h\u00f6gst fem ord.<\/p>\n<p style=\"text-align: justify;\">2. Antag att du och dina kamrater i hemlighet tagit bilderna. Ni har sedan lyckats smuggla hem bilderna genom att l\u00e5ta en svensk diplomat g\u00f6mma dem i diplomatposten. (Denna post f\u00e5r inte \u00f6ppnas av utomst\u00e5ende). V\u00e4l hemma i Sverige f\u00f6rs\u00f6ker ni f\u00e5 Nerikes Allehandas chefredakt\u00f6r att publicera bilderna i tidningen. Men han tror att bilderna \u00e4r falska. Skriv ner fem argument som ska \u00f6vertyga honom att bilderna \u00e4r \u00e4kta.<\/p>\n<p style=\"text-align: justify;\">3. De fem fotografierna \u00e4r tagna av en tysk soldat, Heinrich J\u00f6st, som under en ledig eftermiddag i september 1941 vandrade runt i gettot och fotograferade. Vi vet inte vad sergeant J\u00f6st verkligen t\u00e4nkte eller k\u00e4nde. Det vi vet \u00e4r att han framkallade sina bilder och sedan g\u00f6mde dem. Han ber\u00e4ttade inte heller f\u00f6r n\u00e5gon om sina upplevelser i gettot. F\u00f6rst 1982 plockar han fram bilderna och ger dem till en reporter. Varf\u00f6r tror du att Heinrich inte visade bilderna f\u00f6r n\u00e5gon tidigare?<\/p>\n<p style=\"text-align: justify;\">K\u00e4llor: Jozef Lewandowski (2006); Knutpunkt Stockholm &amp; Magnus Hermansson-Adler, opublicerat material<\/p>\n<p style=\"text-align: justify;\">Mer information:<\/p>\n<p style=\"text-align: justify;\"><a href=\"http:\/\/www.olalarsmo.com\/warzawa.htm\" target=\"_blank\" rel=\"noopener\">http:\/\/www.olalarsmo.com\/warzawa.htm<\/a><\/p>\n<p style=\"text-align: justify;\"><a href=\"http:\/\/www.dn.se\/kultur-noje\/kulturdebatt\/krigets-hjaltar\/\" target=\"_blank\" rel=\"noopener\">http:\/\/www.dn.se\/kultur-noje\/kulturdebatt\/krigets-hjaltar\/<\/a><\/p>\n","protected":false},"excerpt":{"rendered":"<p>Efter att tyskarna hade ockuperat Polen 1939 besl\u00f6t sig n\u00e5gra svenskar f\u00f6r att hj\u00e4lpa den polska motst\u00e5ndsr\u00f6relsen. De ledande svenskarna var Sven Norrman och G\u00f6sta Gustafsson, b\u00e5da anst\u00e4llda p\u00e5 ASEA:s (idag ABB) polska dotterbolag i Warszawa. Andra svenskar anst\u00e4llda p\u00e5 ASEA, T\u00e4ndsticksbolaget AB och LM Ericsson utf\u00f6rde st\u00f6rre eller mindre uppdrag \u00e5t motst\u00e5ndsr\u00f6relsen. Med livet &hellip; <\/p>\n<p><a class=\"more-link btn\" href=\"http:\/\/xn--skuggorfrndetfrflutna-02b01b.se\/?page_id=1059\">Forts\u00e4tt l\u00e4sa<\/a><\/p>\n","protected":false},"author":1,"featured_media":0,"parent":0,"menu_order":0,"comment_status":"closed","ping_status":"open","template":"","meta":{"_monsterinsights_skip_tracking":false,"_monsterinsights_sitenote_active":false,"_monsterinsights_sitenote_note":"","_monsterinsights_sitenote_category":0,"footnotes":""},"class_list":["post-1059","page","type-page","status-publish","hentry","nodate","item-wrap"],"jetpack_sharing_enabled":true,"_links":{"self":[{"href":"http:\/\/xn--skuggorfrndetfrflutna-02b01b.se\/index.php?rest_route=\/wp\/v2\/pages\/1059","targetHints":{"allow":["GET"]}}],"collection":[{"href":"http:\/\/xn--skuggorfrndetfrflutna-02b01b.se\/index.php?rest_route=\/wp\/v2\/pages"}],"about":[{"href":"http:\/\/xn--skuggorfrndetfrflutna-02b01b.se\/index.php?rest_route=\/wp\/v2\/types\/page"}],"author":[{"embeddable":true,"href":"http:\/\/xn--skuggorfrndetfrflutna-02b01b.se\/index.php?rest_route=\/wp\/v2\/users\/1"}],"replies":[{"embeddable":true,"href":"http:\/\/xn--skuggorfrndetfrflutna-02b01b.se\/index.php?rest_route=%2Fwp%2Fv2%2Fcomments&post=1059"}],"version-history":[{"count":6,"href":"http:\/\/xn--skuggorfrndetfrflutna-02b01b.se\/index.php?rest_route=\/wp\/v2\/pages\/1059\/revisions"}],"predecessor-version":[{"id":3222,"href":"http:\/\/xn--skuggorfrndetfrflutna-02b01b.se\/index.php?rest_route=\/wp\/v2\/pages\/1059\/revisions\/3222"}],"wp:attachment":[{"href":"http:\/\/xn--skuggorfrndetfrflutna-02b01b.se\/index.php?rest_route=%2Fwp%2Fv2%2Fmedia&parent=1059"}],"curies":[{"name":"wp","href":"https:\/\/api.w.org\/{rel}","templated":true}]}}